{"id":1482,"date":"2024-07-10T14:01:44","date_gmt":"2024-07-10T12:01:44","guid":{"rendered":"https:\/\/logytel.es\/?page_id=1482"},"modified":"2024-07-18T11:28:09","modified_gmt":"2024-07-18T09:28:09","slug":"contact","status":"publish","type":"page","link":"https:\/\/logytel.es\/index.php\/contact\/","title":{"rendered":"Contact"},"content":{"rendered":"<p>&nbsp;<\/p>\n<p style=\"text-align: center;\"><img loading=\"lazy\" decoding=\"async\" class=\" wp-image-802 aligncenter\" src=\"https:\/\/logytel.es\/wp-content\/uploads\/2024\/03\/sedelogytel-800x196-1-300x74.jpeg\" alt=\"\" width=\"604\" height=\"149\" srcset=\"https:\/\/logytel.es\/wp-content\/uploads\/2024\/03\/sedelogytel-800x196-1-300x74.jpeg 300w, https:\/\/logytel.es\/wp-content\/uploads\/2024\/03\/sedelogytel-800x196-1-768x188.jpeg 768w, https:\/\/logytel.es\/wp-content\/uploads\/2024\/03\/sedelogytel-800x196-1.jpeg 800w\" sizes=\"auto, (max-width: 604px) 100vw, 604px\" \/><br \/>\nAvda. Punto Es, 4. 28805 Alcal\u00e1 de Henares, Madrid, Spain<\/p>\n<p style=\"text-align: center;\">Campus Cient\u00edfico Tecnol\u00f3gico de la Universidad de Alcal\u00e1<\/p>\n<p style=\"text-align: center;\">Phone number: 91 887 12 60<\/p>\n<section><\/section>\n<div class=\"forminator-ui forminator-custom-form forminator-custom-form-1930 forminator-design--default  forminator_ajax\" data-forminator-render=\"0\" data-form=\"forminator-module-1930\" data-uid=\"69e8ef4664a00\"><br\/><\/div><form\n\t\t\t\tid=\"forminator-module-1930\"\n\t\t\t\tclass=\"forminator-ui forminator-custom-form forminator-custom-form-1930 forminator-design--default  forminator_ajax\"\n\t\t\t\tmethod=\"post\"\n\t\t\t\tdata-forminator-render=\"0\"\n\t\t\t\tdata-form-id=\"1930\"\n\t\t\t\t data-color-option=\"default\" data-design=\"default\" data-grid=\"open\" style=\"display: none;\"\n\t\t\t\tdata-uid=\"69e8ef4664a00\"\n\t\t\t><div role=\"alert\" aria-live=\"polite\" class=\"forminator-response-message forminator-error\" aria-hidden=\"true\"><\/div><div class=\"forminator-row\"><div id=\"name-1\" class=\"forminator-field-name forminator-col forminator-col-12 \"><div class=\"forminator-field\"><label for=\"forminator-field-name-1_69e8ef4664a00\" id=\"forminator-field-name-1_69e8ef4664a00-label\" class=\"forminator-label\">Name <span class=\"forminator-required\">*<\/span><\/label><input type=\"text\" name=\"name-1\" value=\"\" placeholder=\"\" id=\"forminator-field-name-1_69e8ef4664a00\" class=\"forminator-input forminator-name--field\" aria-required=\"true\" autocomplete=\"name\" \/><\/div><\/div><\/div><div class=\"forminator-row\"><div id=\"email-1\" class=\"forminator-field-email forminator-col forminator-col-12 \"><div class=\"forminator-field\"><label for=\"forminator-field-email-1_69e8ef4664a00\" id=\"forminator-field-email-1_69e8ef4664a00-label\" class=\"forminator-label\">Email <span class=\"forminator-required\">*<\/span><\/label><input type=\"email\" name=\"email-1\" value=\"\" placeholder=\"\" id=\"forminator-field-email-1_69e8ef4664a00\" class=\"forminator-input forminator-email--field\" data-required=\"true\" aria-required=\"true\" autocomplete=\"email\" \/><\/div><\/div><\/div><div class=\"forminator-row\"><div id=\"phone-1\" class=\"forminator-field-phone forminator-col forminator-col-12 \"><div class=\"forminator-field\"><label for=\"forminator-field-phone-1_69e8ef4664a00\" id=\"forminator-field-phone-1_69e8ef4664a00-label\" class=\"forminator-label\">Phone<\/label><input type=\"text\" name=\"phone-1\" value=\"\" placeholder=\"Ejemplo: +1 3004005000\" id=\"forminator-field-phone-1_69e8ef4664a00\" class=\"forminator-input forminator-field--phone\" data-required=\"\" aria-required=\"false\" autocomplete=\"off\" \/><\/div><\/div><\/div><div class=\"forminator-row\"><div id=\"textarea-1\" class=\"forminator-field-textarea forminator-col forminator-col-12 \"><div class=\"forminator-field\"><label for=\"forminator-field-textarea-1_69e8ef4664a00\" id=\"forminator-field-textarea-1_69e8ef4664a00-label\" class=\"forminator-label\">Message<\/label><textarea name=\"textarea-1\" placeholder=\"Introduce tu mensaje...\" id=\"forminator-field-textarea-1_69e8ef4664a00\" class=\"forminator-textarea\" rows=\"6\" style=\"--forminator-textarea-min-height:140px;\" maxlength=\"180\" ><\/textarea><span id=\"forminator-field-textarea-1_69e8ef4664a00-description\" class=\"forminator-description\"><span data-limit=\"180\" data-type=\"characters\" data-editor=\"\">0 \/ 180<\/span><\/span><\/div><\/div><\/div><div class=\"forminator-row\"><div id=\"consent-1\" class=\"forminator-field-consent forminator-col forminator-col-12 \"><div class=\"forminator-field\"><label for=\"forminator-field-consent-1_69e8ef4664a00\" id=\"forminator-field-consent-1_69e8ef4664a00-label\" class=\"forminator-label\">Consent <span class=\"forminator-required\">*<\/span><\/label><div class=\"forminator-checkbox__wrapper\"><label id=\"forminator-field-consent-1_69e8ef4664a00__label\" class=\"forminator-checkbox forminator-consent\"><input type=\"checkbox\" name=\"consent-1\" id=\"forminator-field-consent-1_69e8ef4664a00\" value=\"checked\" aria-labelledby=\"forminator-field-consent-1_69e8ef4664a00-label\" aria-describedby=\"forminator-field-consent-1_69e8ef4664a00__description\" data-required=\"true\" aria-required=\"true\" \/><span class=\"forminator-checkbox-box\" aria-hidden=\"true\"><\/span><\/label><div id=\"forminator-field-consent-1_69e8ef4664a00__description\" class=\"forminator-checkbox__label forminator-consent__label\"><p>It is mandatory to Review and Accept these conditions and policies to proceed to send the data provided in this form, these data will be deleted once processed. The non-acceptance of the conditions, will automatically discriminate the content of the same. In the link provided at the bottom of the site, these conditions and Legal Notice are detailed.<\/p><\/div><\/div><\/div><\/div><\/div><input type=\"hidden\" name=\"referer_url\" value=\"\" \/><div class=\"forminator-row forminator-row-last\"><div class=\"forminator-col\"><div class=\"forminator-field\"><button class=\"forminator-button forminator-button-submit\">Enviar mensaje<\/button><\/div><\/div><\/div><input type=\"hidden\" id=\"forminator_nonce\" name=\"forminator_nonce\" value=\"cf2a27fd41\" \/><input type=\"hidden\" name=\"_wp_http_referer\" value=\"\/index.php\/wp-json\/wp\/v2\/pages\/1482\" \/><input type=\"hidden\" name=\"form_id\" value=\"1930\"><input type=\"hidden\" name=\"page_id\" value=\"1482\"><input type=\"hidden\" name=\"form_type\" value=\"default\"><input type=\"hidden\" name=\"current_url\" value=\"https:\/\/logytel.es\/index.php\/contact\/\"><input type=\"hidden\" name=\"render_id\" value=\"0\"><input type=\"hidden\" name=\"action\" value=\"forminator_submit_form_custom-forms\"><\/form>\n<p>NOTE: <a href=\"https:\/\/logytel.es\/wp-content\/uploads\/2018\/06\/AVISO-LEGAL-POLITICA-PRIVACIDAD-Y-COOKIES.pdf\">Cookies Law, Legal Notice and Privacy Policy.<\/a><\/p>\n","protected":false},"excerpt":{"rendered":"<p>&nbsp; Avda. Punto Es, 4. 28805 Alcal\u00e1 de Henares, Madrid, Spain Campus Cient\u00edfico Tecnol\u00f3gico de la Universidad de Alcal\u00e1 Phone<\/p>\n","protected":false},"author":1,"featured_media":0,"parent":0,"menu_order":0,"comment_status":"closed","ping_status":"closed","template":"","meta":{"colormag_page_container_layout":"default_layout","colormag_page_sidebar_layout":"default_layout","footnotes":""},"class_list":["post-1482","page","type-page","status-publish","hentry"],"_links":{"self":[{"href":"https:\/\/logytel.es\/index.php\/wp-json\/wp\/v2\/pages\/1482","targetHints":{"allow":["GET"]}}],"collection":[{"href":"https:\/\/logytel.es\/index.php\/wp-json\/wp\/v2\/pages"}],"about":[{"href":"https:\/\/logytel.es\/index.php\/wp-json\/wp\/v2\/types\/page"}],"author":[{"embeddable":true,"href":"https:\/\/logytel.es\/index.php\/wp-json\/wp\/v2\/users\/1"}],"replies":[{"embeddable":true,"href":"https:\/\/logytel.es\/index.php\/wp-json\/wp\/v2\/comments?post=1482"}],"version-history":[{"count":6,"href":"https:\/\/logytel.es\/index.php\/wp-json\/wp\/v2\/pages\/1482\/revisions"}],"predecessor-version":[{"id":1735,"href":"https:\/\/logytel.es\/index.php\/wp-json\/wp\/v2\/pages\/1482\/revisions\/1735"}],"wp:attachment":[{"href":"https:\/\/logytel.es\/index.php\/wp-json\/wp\/v2\/media?parent=1482"}],"curies":[{"name":"wp","href":"https:\/\/api.w.org\/{rel}","templated":true}]}}