{"id":1922,"date":"2024-07-18T11:28:52","date_gmt":"2024-07-18T09:28:52","guid":{"rendered":"https:\/\/logytel.es\/?page_id=1922"},"modified":"2025-04-23T10:28:45","modified_gmt":"2025-04-23T08:28:45","slug":"codigo-etico-y-de-conducta","status":"publish","type":"page","link":"https:\/\/logytel.es\/index.php\/codigo-etico-y-de-conducta\/","title":{"rendered":"C\u00f3digo \u00c9tico y de Conducta"},"content":{"rendered":"<p align=\"justify\">El C\u00f3digo \u00c9tico de LogyTel S.L es una representaci\u00f3n de nuestros valores y compromisos. Establece un conjunto de principios rectores que deben guiar a la conducta y comportamiento de todos sus miembros, con ello tambi\u00e9n orienta el comportamiento \u00e9tico de sus miembros en el desarrollo de sus actividades y expresa los valores compartidos que deben ser conocidos y observados con el prop\u00f3sito de inspirar la conducta profesional y mejorar la convivencia.<\/p>\n<p align=\"justify\">Este C\u00f3digo \u00c9tico y de Conducta y su contenido ha sido comunicado y difundido a todos los profesionales de LogyTel S.L, y conocen la obligatoriedad de su cumplimiento. Cualquier modificaci\u00f3n de este C\u00f3digo ser\u00e1 convenientemente comunicada.<\/p>\n<p>Est\u00e1 accesible pulsando <a href=\"https:\/\/logytel.es\/doc\/988900001_01_L_CODIGO-ETICO.pdf\" target=\"_blank\" rel=\"noopener\">aqu\u00ed<\/a>. Las comunicaciones realizadas a trav\u00e9s del Canal \u00c9tico deber\u00e1n llevarse a cabo mediante el formulario habilitado para ello.<\/p>\n<p align=\"justify\"><div class=\"forminator-ui forminator-custom-form forminator-custom-form-1734 forminator-design--default  forminator_ajax\" data-forminator-render=\"0\" data-form=\"forminator-module-1734\" data-uid=\"69e8d4b490f61\"><br\/><\/div><form\n\t\t\t\tid=\"forminator-module-1734\"\n\t\t\t\tclass=\"forminator-ui forminator-custom-form forminator-custom-form-1734 forminator-design--default  forminator_ajax\"\n\t\t\t\tmethod=\"post\"\n\t\t\t\tdata-forminator-render=\"0\"\n\t\t\t\tdata-form-id=\"1734\"\n\t\t\t\tenctype=\"multipart\/form-data\" data-color-option=\"default\" data-design=\"default\" data-grid=\"open\" style=\"display: none;\"\n\t\t\t\tdata-uid=\"69e8d4b490f61\"\n\t\t\t><div role=\"alert\" aria-live=\"polite\" class=\"forminator-response-message forminator-error\" aria-hidden=\"true\"><\/div><div class=\"forminator-row\"><div id=\"checkbox-3\" class=\"forminator-field-checkbox forminator-col forminator-col-12 \"><div role=\"group\" class=\"forminator-field\" aria-labelledby=\"forminator-checkbox-group-forminator-field-checkbox-3-69e8d4b490f61-label\"><span id=\"forminator-checkbox-group-forminator-field-checkbox-3-69e8d4b490f61-label\" class=\"forminator-label\">El canal \u00e9tico es una herramienta de comunicaci\u00f3n que permite tanto al personal interno de LogyTel S.L como a terceros poner en conocimiento de la Comisi\u00f3n de \u00c9tica cualquier situaci\u00f3n de incumplimiento con la ley, el C\u00f3digo \u00c9tico o las normas internas que lo desarrollan.<\/span><label id=\"forminator-field-checkbox-3-1-69e8d4b490f61-label\" for=\"forminator-field-checkbox-3-1-69e8d4b490f61\" class=\"forminator-checkbox\" title=\"Buz\u00f3n de c\u00f3digo \u00e9tico\"><input type=\"checkbox\" name=\"checkbox-3[]\" value=\"one\" id=\"forminator-field-checkbox-3-1-69e8d4b490f61\" aria-labelledby=\"forminator-field-checkbox-3-1-69e8d4b490f61-label\" data-calculation=\"0\"   data-hidden-behavior=\"zero\"\/><span class=\"forminator-checkbox-box\" aria-hidden=\"true\"><\/span><span class=\"forminator-checkbox-label\">Buz\u00f3n de c\u00f3digo \u00e9tico<\/span><\/label><\/div><\/div><\/div><div class=\"forminator-row\"><div id=\"section-1\" class=\"forminator-field-section forminator-col forminator-col-12 \"><div class=\"forminator-field\"><h2 class=\"forminator-title\">DENUNCIANTE<\/h2><\/div><\/div><\/div><div class=\"forminator-row\"><div id=\"checkbox-1\" class=\"forminator-field-checkbox forminator-col forminator-col-12 \"><div role=\"group\" class=\"forminator-field\" aria-labelledby=\"forminator-checkbox-group-forminator-field-checkbox-1-69e8d4b490f61-label\"><span id=\"forminator-checkbox-group-forminator-field-checkbox-1-69e8d4b490f61-label\" class=\"forminator-label\">Tipo de relaci\u00f3n con el grupo LogyTel<\/span><label id=\"forminator-field-checkbox-1-1-69e8d4b490f61-label\" for=\"forminator-field-checkbox-1-1-69e8d4b490f61\" class=\"forminator-checkbox\" title=\"Colaborador \/ Empleado\"><input type=\"checkbox\" name=\"checkbox-1[]\" value=\"one\" id=\"forminator-field-checkbox-1-1-69e8d4b490f61\" aria-labelledby=\"forminator-field-checkbox-1-1-69e8d4b490f61-label\" data-calculation=\"0\"   data-hidden-behavior=\"zero\"\/><span class=\"forminator-checkbox-box\" aria-hidden=\"true\"><\/span><span class=\"forminator-checkbox-label\">Colaborador \/ Empleado<\/span><\/label><label id=\"forminator-field-checkbox-1-2-69e8d4b490f61-label\" for=\"forminator-field-checkbox-1-2-69e8d4b490f61\" class=\"forminator-checkbox\" title=\"Externo\"><input type=\"checkbox\" name=\"checkbox-1[]\" value=\"two\" id=\"forminator-field-checkbox-1-2-69e8d4b490f61\" aria-labelledby=\"forminator-field-checkbox-1-2-69e8d4b490f61-label\" data-calculation=\"0\"   data-hidden-behavior=\"zero\"\/><span class=\"forminator-checkbox-box\" aria-hidden=\"true\"><\/span><span class=\"forminator-checkbox-label\">Externo<\/span><\/label><\/div><\/div><\/div><div class=\"forminator-row\"><div id=\"section-2\" class=\"forminator-field-section forminator-col forminator-col-12 \"><div class=\"forminator-field\"><h2 class=\"forminator-title\">DATOS DEL DENUNCIANTE (OPCIONAL)<\/h2><\/div><\/div><\/div><div class=\"forminator-row\"><div id=\"name-1\" class=\"forminator-field-name forminator-col forminator-col-12 \"><div class=\"forminator-field\"><label for=\"forminator-field-name-1_69e8d4b490f61\" id=\"forminator-field-name-1_69e8d4b490f61-label\" class=\"forminator-label\">Nombre<\/label><input type=\"text\" name=\"name-1\" value=\"\" placeholder=\"\" id=\"forminator-field-name-1_69e8d4b490f61\" class=\"forminator-input forminator-name--field\" aria-required=\"false\" autocomplete=\"name\" \/><\/div><\/div><\/div><div class=\"forminator-row\"><div id=\"name-2\" class=\"forminator-field-name forminator-col forminator-col-12 \"><div class=\"forminator-field\"><label for=\"forminator-field-name-2_69e8d4b490f61\" id=\"forminator-field-name-2_69e8d4b490f61-label\" class=\"forminator-label\">Primer apellido<\/label><input type=\"text\" name=\"name-2\" value=\"\" placeholder=\"\" id=\"forminator-field-name-2_69e8d4b490f61\" class=\"forminator-input forminator-name--field\" aria-required=\"false\" autocomplete=\"name\" \/><\/div><\/div><\/div><div class=\"forminator-row\"><div id=\"name-3\" class=\"forminator-field-name forminator-col forminator-col-12 \"><div class=\"forminator-field\"><label for=\"forminator-field-name-3_69e8d4b490f61\" id=\"forminator-field-name-3_69e8d4b490f61-label\" class=\"forminator-label\">Segundo apellido<\/label><input type=\"text\" name=\"name-3\" value=\"\" placeholder=\"\" id=\"forminator-field-name-3_69e8d4b490f61\" class=\"forminator-input forminator-name--field\" aria-required=\"false\" autocomplete=\"name\" \/><\/div><\/div><\/div><div class=\"forminator-row\"><div id=\"email-1\" class=\"forminator-field-email forminator-col forminator-col-12 \"><div class=\"forminator-field\"><label for=\"forminator-field-email-1_69e8d4b490f61\" id=\"forminator-field-email-1_69e8d4b490f61-label\" class=\"forminator-label\">Correo electr\u00f3nico<\/label><input type=\"email\" name=\"email-1\" value=\"\" placeholder=\"\" id=\"forminator-field-email-1_69e8d4b490f61\" class=\"forminator-input forminator-email--field\" data-required=\"\" aria-required=\"false\" autocomplete=\"email\" \/><\/div><\/div><\/div><div class=\"forminator-row\"><div id=\"phone-1\" class=\"forminator-field-phone forminator-col forminator-col-12 \"><div class=\"forminator-field\"><label for=\"forminator-field-phone-1_69e8d4b490f61\" id=\"forminator-field-phone-1_69e8d4b490f61-label\" class=\"forminator-label\">Tel\u00e9fono<\/label><input type=\"text\" name=\"phone-1\" value=\"\" placeholder=\"\" id=\"forminator-field-phone-1_69e8d4b490f61\" class=\"forminator-input forminator-field--phone\" data-required=\"\" aria-required=\"false\" autocomplete=\"off\" \/><\/div><\/div><\/div><div class=\"forminator-row\"><div id=\"section-6\" class=\"forminator-field-section forminator-col forminator-col-12 \"><div class=\"forminator-field\"><h2 class=\"forminator-title\">DESCRIBA LO OCURRIDO Y DETALLES DEL CASO<\/h2><\/div><\/div><\/div><div class=\"forminator-row\"><div id=\"textarea-1\" class=\"forminator-field-textarea forminator-col forminator-col-12 \"><div class=\"forminator-field\"><label for=\"forminator-field-textarea-1_69e8d4b490f61\" id=\"forminator-field-textarea-1_69e8d4b490f61-label\" class=\"forminator-label\">Detalles del caso <span class=\"forminator-required\">*<\/span><\/label><textarea name=\"textarea-1\" placeholder=\"\" id=\"forminator-field-textarea-1_69e8d4b490f61\" class=\"forminator-textarea\" rows=\"6\" style=\"--forminator-textarea-min-height:140px;\" maxlength=\"600\" ><\/textarea><span id=\"forminator-field-textarea-1_69e8d4b490f61-description\" class=\"forminator-description\"><span data-limit=\"600\" data-type=\"characters\" data-editor=\"\">0 \/ 600<\/span><\/span><\/div><\/div><\/div><div class=\"forminator-row\"><div id=\"section-7\" class=\"forminator-field-section forminator-col forminator-col-12 \"><div class=\"forminator-field\"><h2 class=\"forminator-title\">ADJUNTAR ARCHIVOS<\/h2><\/div><\/div><\/div><div class=\"forminator-row\"><div id=\"upload-1\" class=\"forminator-field-upload forminator-col forminator-col-12 \"><div class=\"forminator-field\"><label for=\"forminator-field-upload-1_69e8d4b490f61\" id=\"forminator-field-upload-1_69e8d4b490f61-label\" class=\"forminator-label\">Subir un archivo<\/label><div class=\"forminator-file-upload \" data-element=\"upload-1_69e8d4b490f61\"><input type=\"file\" name=\"upload-1\" id=\"forminator-field-upload-1_69e8d4b490f61\" class=\"forminator-input-file\" accept=\".jpg,.jpeg,.jpe,.gif,.png,.bmp,.tiff,.tif,.webp,.avif,.ico,.heic,.asf,.asx,.wmv,.wmx,.wm,.avi,.divx,.flv,.mov,.qt,.mpeg,.mpg,.mpe,.mp4,.m4v,.ogv,.webm,.mkv,.3gp,.3gpp,.3g2,.3gp2,.txt,.asc,.c,.cc,.h,.srt,.csv,.tsv,.ics,.rtx,.vtt,.mp3,.m4a,.m4b,.aac,.ra,.ram,.wav,.ogg,.oga,.flac,.mid,.midi,.wma,.wax,.mka,.rtf,.pdf,.class,.tar,.zip,.gz,.gzip,.7z,.psd,.xcf,.doc,.pot,.pps,.ppt,.wri,.xla,.xls,.xlt,.xlw,.mdb,.mpp,.docx,.docm,.dotx,.dotm,.xlsx,.xlsm,.xlsb,.xltx,.xltm,.xlam,.pptx,.pptm,.ppsx,.ppsm,.potx,.potm,.ppam,.sldx,.sldm,.onetoc,.onetoc2,.onetmp,.onepkg,.oxps,.xps,.odt,.odp,.ods,.odg,.odc,.odb,.odf,.wp,.wpd,.key,.numbers,.pages\" tabindex=\"-1\"><button id=\"forminator-field-upload-1_69e8d4b490f61_button\" class=\"forminator-button forminator-button-upload\" data-id=\"forminator-field-upload-1_69e8d4b490f61\">Elegir archivo<\/button><span data-empty-text=\"Ning\u00fan archivo seleccionado\">Ning\u00fan archivo seleccionado<\/span><button class=\"forminator-button-delete\" style=\"display: none;\"><i class=\"forminator-icon-close\" aria-hidden=\"true\"><\/i><span class=\"forminator-screen-reader-only\">Eliminar el archivo subido<\/span><\/button><\/div><\/div><\/div><\/div><div class=\"forminator-row\"><div id=\"consent-2\" class=\"forminator-field-consent forminator-col forminator-col-12 \"><div class=\"forminator-field\"><label for=\"forminator-field-consent-2_69e8d4b490f61\" id=\"forminator-field-consent-2_69e8d4b490f61-label\" class=\"forminator-label\">Conformidad con la Protecci\u00f3n de datos de car\u00e1cter personal <span class=\"forminator-required\">*<\/span><\/label><div class=\"forminator-checkbox__wrapper\"><label id=\"forminator-field-consent-2_69e8d4b490f61__label\" class=\"forminator-checkbox forminator-consent\"><input type=\"checkbox\" name=\"consent-2\" id=\"forminator-field-consent-2_69e8d4b490f61\" value=\"checked\" aria-labelledby=\"forminator-field-consent-2_69e8d4b490f61-label\" aria-describedby=\"forminator-field-consent-2_69e8d4b490f61__description\" data-required=\"true\" aria-required=\"true\" \/><span class=\"forminator-checkbox-box\" aria-hidden=\"true\"><\/span><\/label><div id=\"forminator-field-consent-2_69e8d4b490f61__description\" class=\"forminator-checkbox__label forminator-consent__label\"><p>S\u00ed, estoy de acuerdo con la Protecci\u00f3n de datos de car\u00e1cter personal.<\/p><\/div><\/div><\/div><\/div><\/div><input type=\"hidden\" name=\"referer_url\" value=\"\" \/><div class=\"forminator-row forminator-row-last\"><div class=\"forminator-col\"><div class=\"forminator-field\"><button class=\"forminator-button forminator-button-submit\">Enviar<\/button><\/div><\/div><\/div><input type=\"hidden\" id=\"forminator_nonce\" name=\"forminator_nonce\" value=\"ac062fe8c9\" \/><input type=\"hidden\" name=\"_wp_http_referer\" value=\"\/index.php\/wp-json\/wp\/v2\/pages\/1922\" \/><input type=\"hidden\" name=\"form_id\" value=\"1734\"><input type=\"hidden\" name=\"page_id\" value=\"1922\"><input type=\"hidden\" name=\"form_type\" value=\"default\"><input type=\"hidden\" name=\"current_url\" value=\"https:\/\/logytel.es\/index.php\/codigo-etico-y-de-conducta\/\"><input type=\"hidden\" name=\"render_id\" value=\"0\"><input type=\"hidden\" name=\"action\" value=\"forminator_submit_form_custom-forms\"><\/form><\/p>\n","protected":false},"excerpt":{"rendered":"<p>El C\u00f3digo \u00c9tico de LogyTel S.L es una representaci\u00f3n de nuestros valores y compromisos. Establece un conjunto de principios rectores<\/p>\n","protected":false},"author":1,"featured_media":0,"parent":0,"menu_order":0,"comment_status":"closed","ping_status":"closed","template":"","meta":{"colormag_page_container_layout":"default_layout","colormag_page_sidebar_layout":"default_layout","footnotes":""},"class_list":["post-1922","page","type-page","status-publish","hentry"],"_links":{"self":[{"href":"https:\/\/logytel.es\/index.php\/wp-json\/wp\/v2\/pages\/1922","targetHints":{"allow":["GET"]}}],"collection":[{"href":"https:\/\/logytel.es\/index.php\/wp-json\/wp\/v2\/pages"}],"about":[{"href":"https:\/\/logytel.es\/index.php\/wp-json\/wp\/v2\/types\/page"}],"author":[{"embeddable":true,"href":"https:\/\/logytel.es\/index.php\/wp-json\/wp\/v2\/users\/1"}],"replies":[{"embeddable":true,"href":"https:\/\/logytel.es\/index.php\/wp-json\/wp\/v2\/comments?post=1922"}],"version-history":[{"count":17,"href":"https:\/\/logytel.es\/index.php\/wp-json\/wp\/v2\/pages\/1922\/revisions"}],"predecessor-version":[{"id":2134,"href":"https:\/\/logytel.es\/index.php\/wp-json\/wp\/v2\/pages\/1922\/revisions\/2134"}],"wp:attachment":[{"href":"https:\/\/logytel.es\/index.php\/wp-json\/wp\/v2\/media?parent=1922"}],"curies":[{"name":"wp","href":"https:\/\/api.w.org\/{rel}","templated":true}]}}