{"id":2,"date":"2024-03-06T12:04:40","date_gmt":"2024-03-06T11:04:40","guid":{"rendered":"http:\/\/localhost\/?page_id=2"},"modified":"2025-04-23T10:12:07","modified_gmt":"2025-04-23T08:12:07","slug":"pagina-ejemplo","status":"publish","type":"page","link":"https:\/\/logytel.es\/","title":{"rendered":""},"content":{"rendered":"<h2 style=\"text-align: center;\"><strong><span style=\"color: #d62424;\">Innovaci\u00f3n para un ferrocarril sostenible<br \/>\n<\/span><\/strong><\/h2>\n<p data-wp-editing=\"1\"><img loading=\"lazy\" decoding=\"async\" class=\"aligncenter wp-image-22\" title=\"Innovaci\u00f3n para un ferrocarril sostenible\" src=\"http:\/\/localhost\/wp-content\/uploads\/2024\/03\/tren-300x122.jpg\" alt=\"Innovaci\u00f3n para un ferrocarril sostenible\" width=\"830\" height=\"337\" srcset=\"https:\/\/logytel.es\/wp-content\/uploads\/2024\/03\/tren-300x122.jpg 300w, https:\/\/logytel.es\/wp-content\/uploads\/2024\/03\/tren.jpg 768w\" sizes=\"auto, (max-width: 830px) 100vw, 830px\" \/><\/p>\n<p style=\"text-align: left;\">LogyTel lidera soluciones para optimizar las explotaciones del mercado ferroviario. Con una alta experiencia en el desarrollo de sistemas para la supervisi\u00f3n, control y ayuda al mantenimiento para equipamiento de electrificaci\u00f3n, sensorizaci\u00f3n de v\u00edas, componentes para la se\u00f1alizaci\u00f3n ferroviaria y equipamiento embarcado de sistemas de seguridad mejorando con nuestras soluciones los costes de implantaci\u00f3n y mantenimiento.<\/p>\n<h4 style=\"text-align: center;\"><strong>CERTIFICADOS<\/strong><\/h4>\n<div class=\"cm-entry-summary\">\n<table width=\"598\" cellspacing=\"0\" cellpadding=\"0\">\n<tbody>\n<tr valign=\"top\">\n<td width=\"33%\">&nbsp;<\/p>\n<p><a title=\"Go to 'ISO-14001-2015 Certificate'\" href=\"https:\/\/logytel.es\/doc\/2024-CERTIFICADO-RENOVACION-14001.pdf\" target=\"_blank\" rel=\"noopener\"><img loading=\"lazy\" decoding=\"async\" class=\"alignright wp-image-3909\" title=\"Ir a 'Certificaci\u00f3n ISO 14001'\" src=\"https:\/\/logytel.es\/wp-content\/uploads\/2014\/04\/ISO_14001.jpg\" alt=\"Ir a Certificaci\u00f3n ISO 14001\" width=\"77\" height=\"110\" \/><\/a> \u00a0 \u00a0 \u00a0<a href=\"https:\/\/logytel.es\/doc\/2024-CERTIFICADO-INICIAL-45001.pdf\" target=\"_blank\" rel=\"noopener\"><img loading=\"lazy\" decoding=\"async\" class=\"alignnone wp-image-2052\" title=\"Ir a 'Certificaci\u00f3n ISO 45001'\" src=\"https:\/\/logytel.es\/wp-content\/uploads\/2024\/12\/certificacion-gris-ISO-45001-alta-210x300.jpg\" alt=\"\" width=\"78\" height=\"111\" srcset=\"https:\/\/logytel.es\/wp-content\/uploads\/2024\/12\/certificacion-gris-ISO-45001-alta-210x300.jpg 210w, https:\/\/logytel.es\/wp-content\/uploads\/2024\/12\/certificacion-gris-ISO-45001-alta.jpg 663w\" sizes=\"auto, (max-width: 78px) 100vw, 78px\" \/><\/a><\/td>\n<td width=\"33%\">&nbsp;<\/p>\n<p><a title=\"Go to 'Adif TM Supplier Classification Renewal'\" href=\"https:\/\/logytel.es\/doc\/Renovaci%C3%B3n-Clasificaci%C3%B3n-de-proveedores-de-TM-de-adif.pdf\" target=\"_blank\" rel=\"noopener\"><img loading=\"lazy\" decoding=\"async\" class=\"aligncenter wp-image-7241\" title=\"Ir a 'Renovaci\u00f3n Clasificaci\u00f3n de proveedores de TM de Adif'\" src=\"https:\/\/logytel.es\/wp-content\/uploads\/2020\/06\/Adif-300x96.png\" sizes=\"auto, (max-width: 179px) 100vw, 179px\" srcset=\"https:\/\/logytel.es\/wp-content\/uploads\/2020\/06\/Adif-300x96.png 300w, https:\/\/logytel.es\/wp-content\/uploads\/2020\/06\/Adif.png 395w\" alt=\"Ir a Renovaci\u00f3n Clasificaci\u00f3n de proveedores de TM de Adif\" width=\"213\" height=\"68\" \/><\/a><\/p>\n<p>&nbsp;<\/td>\n<td rowspan=\"2\" width=\"33%\">&nbsp;<\/p>\n<p><a href=\"https:\/\/aplicaciones.ciencia.gob.es\/pyiINFO\/buscarPyi.mec?&amp;nif=B80337421\" target=\"_blank\" rel=\"noopener\"><img loading=\"lazy\" decoding=\"async\" class=\"alignleft wp-image-1339 size-medium\" title=\"Ir a 'LOGYTEL - PYME Innovadora'\" src=\"https:\/\/logytel.es\/wp-content\/uploads\/2024\/04\/pyme_innovadora_meic-SP_web-1-230x300.png\" alt=\"Ir a LOGYTEL - PYME Innovadora\" width=\"230\" height=\"300\" srcset=\"https:\/\/logytel.es\/wp-content\/uploads\/2024\/04\/pyme_innovadora_meic-SP_web-1-230x300.png 230w, https:\/\/logytel.es\/wp-content\/uploads\/2024\/04\/pyme_innovadora_meic-SP_web-1.png 703w\" sizes=\"auto, (max-width: 230px) 100vw, 230px\" \/><\/a><\/td>\n<\/tr>\n<tr valign=\"top\">\n<td width=\"33%\"><a title=\"Go to 'ISO-9001-2015 Certificate'\" href=\"https:\/\/logytel.es\/doc\/2024-CERTIFICADO-RENOVACION-9001.pdf\" target=\"_blank\" rel=\"noopener\"><img loading=\"lazy\" decoding=\"async\" class=\"alignright wp-image-3908\" title=\"Ir a 'Certificaci\u00f3n ISO 9001'\" src=\"https:\/\/logytel.es\/wp-content\/uploads\/2014\/04\/ISO_9001.jpg\" alt=\"Ir a Certificaci\u00f3n ISO 9001\" width=\"77\" height=\"110\" \/><\/a><\/td>\n<td width=\"33%\"><a title=\"Go to 'Certificate Classification of State Works Contractors'\" href=\"https:\/\/logytel.es\/doc\/Certificado-Clasificaci\u00f3n-contratistas-de-obras-del-Estado.pdf\" target=\"_blank\" rel=\"noopener\"><img loading=\"lazy\" decoding=\"async\" class=\"aligncenter wp-image-7226\" title=\"Ir a 'Certificado Clasificaci\u00f3n Contratistas de Obras del Estado'\" src=\"https:\/\/logytel.es\/wp-content\/uploads\/2020\/06\/logo_m_hacienda-adm-publ-300x197.jpg\" sizes=\"auto, (max-width: 176px) 100vw, 176px\" srcset=\"https:\/\/logytel.es\/wp-content\/uploads\/2020\/06\/logo_m_hacienda-adm-publ-300x197.jpg 300w, https:\/\/web.archive.org\/web\/20230610041620im_\/https:\/\/logytel.es\/wp-content\/uploads\/2020\/06\/logo_m_hacienda-adm-publ.jpg 320w\" alt=\"Ir a Certificado Clasificaci\u00f3n Contratistas de Obras del Estado\" width=\"176\" height=\"116\" \/><\/a><\/td>\n<\/tr>\n<\/tbody>\n<\/table>\n<\/div>\n<div><\/div>\n<div><img loading=\"lazy\" decoding=\"async\" class=\"wp-image-2054 aligncenter\" src=\"https:\/\/logytel.es\/wp-content\/uploads\/2024\/12\/Logos-web-beneficiarios_2-1-300x82.png\" alt=\"\" width=\"838\" height=\"229\" srcset=\"https:\/\/logytel.es\/wp-content\/uploads\/2024\/12\/Logos-web-beneficiarios_2-1-300x82.png 300w, https:\/\/logytel.es\/wp-content\/uploads\/2024\/12\/Logos-web-beneficiarios_2-1-1024x281.png 1024w, https:\/\/logytel.es\/wp-content\/uploads\/2024\/12\/Logos-web-beneficiarios_2-1-768x211.png 768w, https:\/\/logytel.es\/wp-content\/uploads\/2024\/12\/Logos-web-beneficiarios_2-1-1536x421.png 1536w, https:\/\/logytel.es\/wp-content\/uploads\/2024\/12\/Logos-web-beneficiarios_2-1-2048x562.png 2048w\" sizes=\"auto, (max-width: 838px) 100vw, 838px\" \/><\/div>\n","protected":false},"excerpt":{"rendered":"<p>Innovaci\u00f3n para un ferrocarril sostenible LogyTel lidera soluciones para optimizar las explotaciones del mercado ferroviario. Con una alta experiencia en<\/p>\n","protected":false},"author":1,"featured_media":0,"parent":0,"menu_order":0,"comment_status":"closed","ping_status":"open","template":"","meta":{"colormag_page_container_layout":"default_layout","colormag_page_sidebar_layout":"default_layout","footnotes":""},"class_list":["post-2","page","type-page","status-publish","hentry"],"_links":{"self":[{"href":"https:\/\/logytel.es\/index.php\/wp-json\/wp\/v2\/pages\/2","targetHints":{"allow":["GET"]}}],"collection":[{"href":"https:\/\/logytel.es\/index.php\/wp-json\/wp\/v2\/pages"}],"about":[{"href":"https:\/\/logytel.es\/index.php\/wp-json\/wp\/v2\/types\/page"}],"author":[{"embeddable":true,"href":"https:\/\/logytel.es\/index.php\/wp-json\/wp\/v2\/users\/1"}],"replies":[{"embeddable":true,"href":"https:\/\/logytel.es\/index.php\/wp-json\/wp\/v2\/comments?post=2"}],"version-history":[{"count":119,"href":"https:\/\/logytel.es\/index.php\/wp-json\/wp\/v2\/pages\/2\/revisions"}],"predecessor-version":[{"id":2126,"href":"https:\/\/logytel.es\/index.php\/wp-json\/wp\/v2\/pages\/2\/revisions\/2126"}],"wp:attachment":[{"href":"https:\/\/logytel.es\/index.php\/wp-json\/wp\/v2\/media?parent=2"}],"curies":[{"name":"wp","href":"https:\/\/api.w.org\/{rel}","templated":true}]}}