{"id":2174,"date":"2025-05-28T13:47:52","date_gmt":"2025-05-28T11:47:52","guid":{"rendered":"https:\/\/logytel.es\/?page_id=2174"},"modified":"2025-05-28T13:47:52","modified_gmt":"2025-05-28T11:47:52","slug":"seguridad-y-salud","status":"publish","type":"page","link":"https:\/\/logytel.es\/index.php\/seguridad-y-salud\/","title":{"rendered":"Seguridad y Salud"},"content":{"rendered":"<p>Para <strong>LogyTel S.L.<\/strong>, la seguridad y el bienestar de nuestros colaboradores son una prioridad. No solo protegemos a nuestro equipo, sino que tambi\u00e9n fortalecemos nuestra cultura organizacional basada en la prevenci\u00f3n, la responsabilidad y la mejora continua. Esto se traduce en un entorno laboral m\u00e1s seguro, eficiente y productivo.<\/p>\n<p>Logytel tiene implantado un Sistema de gesti\u00f3n de seguridad y salud en el trabajo con certificaci\u00f3n acreditada, de acuerdo con la Norma UNE-EN-ISO 45001:2023, estando en posesi\u00f3n del siguiente certificado de Registro de empresa: SST.0165.24\u00a0desde el 2 de diciembre de 2024.<\/p>\n<p>En el siguiente documento se recoge la\u00a0<a href=\"https:\/\/logytel.es\/doc\/988500001_Anexo6_02_L_POLITICA-INTEGRADA.pdf\">Pol\u00edtica Integrada (Calidad, Medio Ambiente, Seguridad y Salud e I+D+i).<\/a><\/p>\n","protected":false},"excerpt":{"rendered":"<p>Para LogyTel S.L., la seguridad y el bienestar de nuestros colaboradores son una prioridad. No solo protegemos a nuestro equipo,<\/p>\n","protected":false},"author":1,"featured_media":0,"parent":0,"menu_order":0,"comment_status":"closed","ping_status":"closed","template":"","meta":{"colormag_page_container_layout":"default_layout","colormag_page_sidebar_layout":"default_layout","footnotes":""},"class_list":["post-2174","page","type-page","status-publish","hentry"],"_links":{"self":[{"href":"https:\/\/logytel.es\/index.php\/wp-json\/wp\/v2\/pages\/2174","targetHints":{"allow":["GET"]}}],"collection":[{"href":"https:\/\/logytel.es\/index.php\/wp-json\/wp\/v2\/pages"}],"about":[{"href":"https:\/\/logytel.es\/index.php\/wp-json\/wp\/v2\/types\/page"}],"author":[{"embeddable":true,"href":"https:\/\/logytel.es\/index.php\/wp-json\/wp\/v2\/users\/1"}],"replies":[{"embeddable":true,"href":"https:\/\/logytel.es\/index.php\/wp-json\/wp\/v2\/comments?post=2174"}],"version-history":[{"count":1,"href":"https:\/\/logytel.es\/index.php\/wp-json\/wp\/v2\/pages\/2174\/revisions"}],"predecessor-version":[{"id":2175,"href":"https:\/\/logytel.es\/index.php\/wp-json\/wp\/v2\/pages\/2174\/revisions\/2175"}],"wp:attachment":[{"href":"https:\/\/logytel.es\/index.php\/wp-json\/wp\/v2\/media?parent=2174"}],"curies":[{"name":"wp","href":"https:\/\/api.w.org\/{rel}","templated":true}]}}