{"id":221,"date":"2024-03-07T12:42:43","date_gmt":"2024-03-07T11:42:43","guid":{"rendered":"http:\/\/localhost\/?page_id=221"},"modified":"2026-01-27T08:15:30","modified_gmt":"2026-01-27T07:15:30","slug":"contacto","status":"publish","type":"page","link":"https:\/\/logytel.es\/index.php\/contacto\/","title":{"rendered":"Cont\u00e1cto"},"content":{"rendered":"<h4><img loading=\"lazy\" decoding=\"async\" class=\"aligncenter wp-image-803\" title=\"Sede Logytel\" src=\"https:\/\/logytel.es\/wp-content\/uploads\/2024\/03\/sedelogytel-1-300x61.jpeg\" alt=\"Sede Logytel\" width=\"556\" height=\"113\" srcset=\"https:\/\/logytel.es\/wp-content\/uploads\/2024\/03\/sedelogytel-1-300x61.jpeg 300w, https:\/\/logytel.es\/wp-content\/uploads\/2024\/03\/sedelogytel-1-768x157.jpeg 768w, https:\/\/logytel.es\/wp-content\/uploads\/2024\/03\/sedelogytel-1.jpeg 958w\" sizes=\"auto, (max-width: 556px) 100vw, 556px\" \/><\/h4>\n<h4 style=\"text-align: center;\"><strong>Sede Social y Centro de I+D<\/strong><\/h4>\n<section><\/section>\n<section><\/section>\n<section><\/section>\n<section><\/section>\n<section class=\"log_product_content\">Avda. Punto Es, 4. 28805 Alcal\u00e1 de Henares, Madrid, Spain<br \/>\nCampus Cient\u00edfico Tecnol\u00f3gico de la Universidad de Alcal\u00e1<\/section>\n<section>Tel\u00e9fono: 91 887 12 60<\/section>\n<section><a href=\"https:\/\/logytel.es\/index.php\/como-llegar\/\" target=\"_blank\" rel=\"noopener\">Como llegar<\/a><\/section>\n<hr \/>\n<h3>Cont\u00e1ctanos<\/h3>\n<p>Cumplimenta los datos del formulario para solicitud de informaci\u00f3n.<\/p>\n<p>Atenderemos su petici\u00f3n lo antes posible. Gracias.<\/p>\n<div class=\"forminator-ui forminator-custom-form forminator-custom-form-823 forminator-design--default forminator-enclosed forminator_ajax\" data-forminator-render=\"0\" data-form=\"forminator-module-823\" data-uid=\"69e8d4a8eda03\"><br\/><\/div><form\n\t\t\t\tid=\"forminator-module-823\"\n\t\t\t\tclass=\"forminator-ui forminator-custom-form forminator-custom-form-823 forminator-design--default forminator-enclosed forminator_ajax\"\n\t\t\t\tmethod=\"post\"\n\t\t\t\tdata-forminator-render=\"0\"\n\t\t\t\tdata-form-id=\"823\"\n\t\t\t\t data-color-option=\"default\" data-design=\"default\" data-grid=\"enclosed\" style=\"display: none;\"\n\t\t\t\tdata-uid=\"69e8d4a8eda03\"\n\t\t\t><div role=\"alert\" aria-live=\"polite\" class=\"forminator-response-message forminator-error\" aria-hidden=\"true\"><\/div><div class=\"forminator-row\"><div id=\"name-1\" class=\"forminator-field-name forminator-col forminator-col-12 \"><div class=\"forminator-field\"><label for=\"forminator-field-name-1_69e8d4a8eda03\" id=\"forminator-field-name-1_69e8d4a8eda03-label\" class=\"forminator-label\">Nombre <span class=\"forminator-required\">*<\/span><\/label><input type=\"text\" name=\"name-1\" value=\"\" placeholder=\"\" id=\"forminator-field-name-1_69e8d4a8eda03\" class=\"forminator-input forminator-name--field\" aria-required=\"true\" autocomplete=\"name\" \/><\/div><\/div><\/div><div class=\"forminator-row\"><div id=\"email-1\" class=\"forminator-field-email forminator-col forminator-col-12 \"><div class=\"forminator-field\"><label for=\"forminator-field-email-1_69e8d4a8eda03\" id=\"forminator-field-email-1_69e8d4a8eda03-label\" class=\"forminator-label\">Direcci\u00f3n de correo electr\u00f3nico <span class=\"forminator-required\">*<\/span><\/label><input type=\"email\" name=\"email-1\" value=\"\" placeholder=\"\" id=\"forminator-field-email-1_69e8d4a8eda03\" class=\"forminator-input forminator-email--field\" data-required=\"true\" aria-required=\"true\" autocomplete=\"email\" \/><\/div><\/div><\/div><div class=\"forminator-row\"><div id=\"phone-1\" class=\"forminator-field-phone forminator-col forminator-col-12 \"><div class=\"forminator-field\"><label for=\"forminator-field-phone-1_69e8d4a8eda03\" id=\"forminator-field-phone-1_69e8d4a8eda03-label\" class=\"forminator-label\">N\u00famero de tel\u00e9fono<\/label><input type=\"text\" name=\"phone-1\" value=\"\" placeholder=\"\" id=\"forminator-field-phone-1_69e8d4a8eda03\" class=\"forminator-input forminator-field--phone\" data-required=\"\" aria-required=\"false\" autocomplete=\"off\" \/><\/div><\/div><\/div><div class=\"forminator-row\"><div id=\"name-2\" class=\"forminator-field-name forminator-col forminator-col-12 \"><div class=\"forminator-field\"><label for=\"forminator-field-name-2_69e8d4a8eda03\" id=\"forminator-field-name-2_69e8d4a8eda03-label\" class=\"forminator-label\">Empresa <span class=\"forminator-required\">*<\/span><\/label><input type=\"text\" name=\"name-2\" value=\"\" placeholder=\"\" id=\"forminator-field-name-2_69e8d4a8eda03\" class=\"forminator-input forminator-name--field\" aria-required=\"true\" autocomplete=\"name\" \/><\/div><\/div><\/div><div class=\"forminator-row\"><div id=\"textarea-1\" class=\"forminator-field-textarea forminator-col forminator-col-12 \"><div class=\"forminator-field\"><label for=\"forminator-field-textarea-1_69e8d4a8eda03\" id=\"forminator-field-textarea-1_69e8d4a8eda03-label\" class=\"forminator-label\">Asunto <span class=\"forminator-required\">*<\/span><\/label><textarea name=\"textarea-1\" placeholder=\"Introduce tu mensaje...\" id=\"forminator-field-textarea-1_69e8d4a8eda03\" class=\"forminator-textarea\" rows=\"6\" style=\"--forminator-textarea-min-height:140px;\" maxlength=\"1000\" ><\/textarea><span id=\"forminator-field-textarea-1_69e8d4a8eda03-description\" class=\"forminator-description\"><span data-limit=\"1000\" data-type=\"characters\" data-editor=\"\">0 \/ 1000<\/span><\/span><\/div><\/div><\/div><div class=\"forminator-row\"><div id=\"consent-1\" class=\"forminator-field-consent forminator-col forminator-col-12 \"><div class=\"forminator-field\"><label for=\"forminator-field-consent-1_69e8d4a8eda03\" id=\"forminator-field-consent-1_69e8d4a8eda03-label\" class=\"forminator-label\">Acepto <span class=\"forminator-required\">*<\/span><\/label><div class=\"forminator-checkbox__wrapper\"><label id=\"forminator-field-consent-1_69e8d4a8eda03__label\" class=\"forminator-checkbox forminator-consent\"><input type=\"checkbox\" name=\"consent-1\" id=\"forminator-field-consent-1_69e8d4a8eda03\" value=\"checked\" aria-labelledby=\"forminator-field-consent-1_69e8d4a8eda03-label\" aria-describedby=\"forminator-field-consent-1_69e8d4a8eda03__description\" data-required=\"true\" aria-required=\"true\" \/><span class=\"forminator-checkbox-box\" aria-hidden=\"true\"><\/span><\/label><div id=\"forminator-field-consent-1_69e8d4a8eda03__description\" class=\"forminator-checkbox__label forminator-consent__label\"><p>Es de obligatorio cumplimiento la Revisi\u00f3n y Aceptaci\u00f3n de estas condiciones y pol\u00edticas para proceder al env\u00edo de los datos aportados en este formulario, estos datos se eliminar\u00e1n una vez procesados. La NO aceptaci\u00f3n de las condiciones, discriminar\u00e1 autom\u00e1ticamente el contenido del mismo. En el enlace proporcionado en la parte inferior del sitio, se detallan estas condiciones y Aviso Legal.<\/p><\/div><\/div><\/div><\/div><\/div><input type=\"hidden\" name=\"referer_url\" value=\"\" \/><div class=\"forminator-row forminator-row-last\"><div class=\"forminator-col\"><div class=\"forminator-field\"><button class=\"forminator-button forminator-button-submit\">Enviar mensaje<\/button><\/div><\/div><\/div><input type=\"hidden\" id=\"forminator_nonce\" name=\"forminator_nonce\" value=\"731c0565c9\" \/><input type=\"hidden\" name=\"_wp_http_referer\" value=\"\/index.php\/wp-json\/wp\/v2\/pages\/221\" \/><input type=\"hidden\" name=\"form_id\" value=\"823\"><input type=\"hidden\" name=\"page_id\" value=\"221\"><input type=\"hidden\" name=\"form_type\" value=\"default\"><input type=\"hidden\" name=\"current_url\" value=\"https:\/\/logytel.es\/index.php\/contacto\/\"><input type=\"hidden\" name=\"render_id\" value=\"0\"><input type=\"hidden\" name=\"action\" value=\"forminator_submit_form_custom-forms\"><\/form>\n<p>&nbsp;<\/p>\n<p>NOTA: <a href=\"https:\/\/logytel.es\/wp-content\/uploads\/2018\/06\/AVISO-LEGAL-POLITICA-PRIVACIDAD-Y-COOKIES.pdf\" target=\"_blank\" rel=\"noopener\">Ley de cookies, Aviso Legal y Pol\u00edtica de Privacidad de datos<\/a>.<\/p>\n","protected":false},"excerpt":{"rendered":"<p>Sede Social y Centro de I+D Avda. Punto Es, 4. 28805 Alcal\u00e1 de Henares, Madrid, Spain Campus Cient\u00edfico Tecnol\u00f3gico de<\/p>\n","protected":false},"author":1,"featured_media":0,"parent":0,"menu_order":0,"comment_status":"closed","ping_status":"closed","template":"","meta":{"colormag_page_container_layout":"default_layout","colormag_page_sidebar_layout":"default_layout","footnotes":""},"class_list":["post-221","page","type-page","status-publish","hentry"],"_links":{"self":[{"href":"https:\/\/logytel.es\/index.php\/wp-json\/wp\/v2\/pages\/221","targetHints":{"allow":["GET"]}}],"collection":[{"href":"https:\/\/logytel.es\/index.php\/wp-json\/wp\/v2\/pages"}],"about":[{"href":"https:\/\/logytel.es\/index.php\/wp-json\/wp\/v2\/types\/page"}],"author":[{"embeddable":true,"href":"https:\/\/logytel.es\/index.php\/wp-json\/wp\/v2\/users\/1"}],"replies":[{"embeddable":true,"href":"https:\/\/logytel.es\/index.php\/wp-json\/wp\/v2\/comments?post=221"}],"version-history":[{"count":85,"href":"https:\/\/logytel.es\/index.php\/wp-json\/wp\/v2\/pages\/221\/revisions"}],"predecessor-version":[{"id":1635,"href":"https:\/\/logytel.es\/index.php\/wp-json\/wp\/v2\/pages\/221\/revisions\/1635"}],"wp:attachment":[{"href":"https:\/\/logytel.es\/index.php\/wp-json\/wp\/v2\/media?parent=221"}],"curies":[{"name":"wp","href":"https:\/\/api.w.org\/{rel}","templated":true}]}}