{"id":38,"date":"2024-03-07T09:11:24","date_gmt":"2024-03-07T08:11:24","guid":{"rendered":"http:\/\/localhost\/?page_id=38"},"modified":"2024-03-11T09:12:47","modified_gmt":"2024-03-11T08:12:47","slug":"quienes-somos","status":"publish","type":"page","link":"https:\/\/logytel.es\/index.php\/quienes-somos\/","title":{"rendered":"Quienes somos"},"content":{"rendered":"<p>La I+D ha supuesto para LogyTel la adquisici\u00f3n de conocimientos y tecnolog\u00edas, fundamentalmente relacionadas con las TIC que hacen de LogyTel un modelo de referencia de oferentes y de operadores y una empresa bien posicionada. En el pasado pr\u00f3ximo y en el presente las ayudas financieras recibidas de los diferentes Ministerios de Industria y Energ\u00eda, de Ciencia y Tecnolog\u00eda, de Ciencia e Innovaci\u00f3n, han provocado un efecto incentivador notable, aunque la participaci\u00f3n en los desarrollos de los operadores y futuros compradores de tecnolog\u00eda, colaborando en la definici\u00f3n de especificaciones y validando tecnolog\u00edas, ha sido determinante para el \u00e9xito.<\/p>\n<h4>Algunos de los proyectos y tecnolog\u00edas desarrolladas por LogyTel se indican a continuaci\u00f3n:<\/h4>\n<ul>\n<li>Control Ferroviario para l\u00edneas de baja densidad de tr\u00e1fico.<\/li>\n<li>Control est\u00e1tico, din\u00e1mico y virtual de rotura de catenaria.<\/li>\n<li>Remota de control distribuido.<\/li>\n<li>Sistema de control y gesti\u00f3n integral de infraestructuras ferroviarias.<\/li>\n<li>Detecci\u00f3n de obst\u00e1culos e intrusos en v\u00eda.<\/li>\n<li>Seguridad para plataformas de transporte p\u00fablico.<\/li>\n<li>Apertura autom\u00e1tica de barreras mediante dispositivos de proximidad.<\/li>\n<li>Telemando de subestaciones.<\/li>\n<li>Se\u00f1al\u00a0led para Alta Velocidad y foco led de sustituci\u00f3n de lamparas de filamento.<\/li>\n<li>Diagnosis y detecci\u00f3n de defectos en los accionamientos de agujas para ferrocarriles.<\/li>\n<li>Control distribuido para la se\u00f1alizaci\u00f3n de desv\u00edos en entornos ferroviarios.<\/li>\n<li>Detectores de ca\u00edda de objetos,\u00a0viento lateral, objetos arrastrados y comportamiento del pant\u00f3grafo para Alta Velocidad.<\/li>\n<li>Contadores de ejes y de impacto vertical, mediante fibra \u00f3ptica y gestionados en seguridad.<\/li>\n<li>Telemando de equipos detectores de Alta Velocidad.<\/li>\n<li>Sistema detector de ocupaci\u00f3n de un circuito de v\u00eda.<\/li>\n<li>Equipo de embarcado del ASFA Digital.<\/li>\n<li>Detecci\u00f3n del robo de cable.<\/li>\n<li>Supervisi\u00f3n de zonas de riesgo potencial para la circulaci\u00f3n ferroviaria y seguridad de las personas.<\/li>\n<li>Detecci\u00f3n del punto kilom\u00e9trico nominal\u00a0de trenes en trayecto.<\/li>\n<li>Contadores de ejes magn\u00e9ticos \u00a0sin electr\u00f3nica activa en v\u00eda<\/li>\n<\/ul>\n<p>En la actualidad se est\u00e1n realizando, colaborando con la Universidad de Alcal\u00e1, Adif y Renfe, los siguientes proyectos.<\/p>\n<ul>\n<li>Libro electr\u00f3nico de telefonemas. Proyecto EBR.<\/li>\n<li>Balizas y equipamiento de v\u00eda convencional y de doble ancho, \u00abtercer carril\u00bb\u00a0del ASFA Digital.<\/li>\n<li>Mejora del Sistema ASFA Digital incorporando nuevas tecnolog\u00edas.<\/li>\n<\/ul>\n","protected":false},"excerpt":{"rendered":"<p>La I+D ha supuesto para LogyTel la adquisici\u00f3n de conocimientos y tecnolog\u00edas, fundamentalmente relacionadas con las TIC que hacen de<\/p>\n","protected":false},"author":1,"featured_media":0,"parent":0,"menu_order":0,"comment_status":"closed","ping_status":"closed","template":"","meta":{"colormag_page_container_layout":"default_layout","colormag_page_sidebar_layout":"default_layout","footnotes":""},"class_list":["post-38","page","type-page","status-publish","hentry"],"_links":{"self":[{"href":"https:\/\/logytel.es\/index.php\/wp-json\/wp\/v2\/pages\/38","targetHints":{"allow":["GET"]}}],"collection":[{"href":"https:\/\/logytel.es\/index.php\/wp-json\/wp\/v2\/pages"}],"about":[{"href":"https:\/\/logytel.es\/index.php\/wp-json\/wp\/v2\/types\/page"}],"author":[{"embeddable":true,"href":"https:\/\/logytel.es\/index.php\/wp-json\/wp\/v2\/users\/1"}],"replies":[{"embeddable":true,"href":"https:\/\/logytel.es\/index.php\/wp-json\/wp\/v2\/comments?post=38"}],"version-history":[{"count":2,"href":"https:\/\/logytel.es\/index.php\/wp-json\/wp\/v2\/pages\/38\/revisions"}],"predecessor-version":[{"id":340,"href":"https:\/\/logytel.es\/index.php\/wp-json\/wp\/v2\/pages\/38\/revisions\/340"}],"wp:attachment":[{"href":"https:\/\/logytel.es\/index.php\/wp-json\/wp\/v2\/media?parent=38"}],"curies":[{"name":"wp","href":"https:\/\/api.w.org\/{rel}","templated":true}]}}