{"id":401,"date":"2024-03-11T11:51:33","date_gmt":"2024-03-11T10:51:33","guid":{"rendered":"http:\/\/logytel.es\/?page_id=401"},"modified":"2024-04-18T09:17:27","modified_gmt":"2024-04-18T07:17:27","slug":"baliza-asfa-digital-generica","status":"publish","type":"page","link":"https:\/\/logytel.es\/index.php\/baliza-asfa-digital-generica\/","title":{"rendered":"Baliza ASFA Digital gen\u00e9rica"},"content":{"rendered":"<h3>DESCRIPCI\u00d3N<\/h3>\n<p>LogyTel provee el Equipo Baliza CB_ASFAD_U que forma parte del equipo <strong><a href=\"https:\/\/logytel.es\/index.php\/asfa-digital-via\/\">ASFA instalado en v\u00eda<\/a><\/strong>, que en conjunto con el equipo instalado abordo constituyen el <a href=\"https:\/\/es.wikipedia.org\/wiki\/Anuncio_de_Se%C3%B1ales_y_Frenado_Autom%C3%A1tico\" target=\"_blank\" rel=\"noopener\">Sistema ASFA<\/a> (Anuncio de Se\u00f1ales y Frenado Autom\u00e1tico).<\/p>\n<p><img loading=\"lazy\" decoding=\"async\" class=\"aligncenter wp-image-402 size-full\" title=\"Equipo Baliza CB_ASFAD_U\" src=\"https:\/\/logytel.es\/wp-content\/uploads\/2024\/03\/Baliza_ASFAD_generica-300x207-1.png\" alt=\"Equipo Baliza CB_ASFAD_U\" width=\"300\" height=\"207\" srcset=\"https:\/\/logytel.es\/wp-content\/uploads\/2024\/03\/Baliza_ASFAD_generica-300x207-1.png 300w, https:\/\/logytel.es\/wp-content\/uploads\/2024\/03\/Baliza_ASFAD_generica-300x207-1-130x90.png 130w\" sizes=\"auto, (max-width: 300px) 100vw, 300px\" \/><\/p>\n<p>&nbsp;<\/p>\n<p>El objetivo principal de la Baliza CB_ASFAD_U es la de transmitir al tren la informaci\u00f3n de los aspectos puntuales seg\u00fan las condiciones de v\u00eda. La Baliza transmite esta informaci\u00f3n cuando el captador del tren pasa sobre la baliza y sintoniza con esta mediante acoplamiento inductivo. (Subsistema de Captaci\u00f3n instalado en el tren).<\/p>\n<p>La Baliza CB_ASFAD_U, en su parte exterior est\u00e1 dotada de una carcasa realizada en un material de gran resistencia a los impactos y en su interior de un bloque de material <a href=\"http:\/\/es.wikipedia.org\/wiki\/Resina_epoxi\" target=\"_blank\" rel=\"noopener\">ep\u00f3xido<\/a> en el cual se encuentran todos los dispositivos del circuito el\u00e9ctrico.<\/p>\n<h3>CARACTER\u00cdSTICAS<\/h3>\n<ul>\n<li>Circuito pasivo LC. M\u00faltiples aspectos (9 Frecuencias, con fondo seleccionable mediante codificador y activaci\u00f3n mediante una tensi\u00f3n externa en pines de la manguera).<\/li>\n<li>Garantiza la intercambiabilidad y asegura su funcionamiento con los interfaces actuales del Sistema ASFA V\u00eda y Subsistema de Captaci\u00f3n.<\/li>\n<li>Garantiza el acoplamiento inductivo con el captador (parte del Subsistema de captaci\u00f3n).<\/li>\n<li>Estabilidad ante variaciones t\u00e9rmicas.<\/li>\n<li>Se\u00f1al de desconexi\u00f3n de Baliza.<\/li>\n<li>Dise\u00f1o robusto y compacto creado espec\u00edficamente para asegurar la integridad y el funcionamiento correcto de la Baliza CB_ASFAD_U, bajo condiciones habituales de los dispositivos instalados en v\u00eda.<\/li>\n<li>Compatible con los soportes existentes y los soportes polivalentes seg\u00fan ET 03.365.009.4:2016 Conjunto soporte-protector polivalente baliza ASFA a carril.<\/li>\n<li>Logytel tambi\u00e9n suministra los soportes polivalentes conforme la ET 03.365.009.4:2016.<\/li>\n<\/ul>\n<h3>NORMATIVA<\/h3>\n<ul>\n<li>EN 50125-3:2004+ CORR:2010: Aplicaciones ferroviarias. Condiciones ambientales para el equipo. Parte 3: Equipos para telecomunicaciones y se\u00f1alizaci\u00f3n.<\/li>\n<li>EN-60068-2-2:2008: Ensayos clim\u00e1tico de Calor Seco.<\/li>\n<li>EN-60068-2-6: Ensayo Cy: Ensayo continuo de calor h\u00famedo, ensayo acelerado aplicable principalmente a componentes.<\/li>\n<li>EN-60068-2-1:2007: Ensayo clim\u00e1tico de Fr\u00edo.<\/li>\n<li>EN-60068-2-78:2002: Ensayo de Calor H\u00famedo.<\/li>\n<li>EN-55022:2011: EMC Emisi\u00f3n.<\/li>\n<li>EN-61000-4-3:2007: EMC: Inmunidad a los Campos Electromagn\u00e9ticos Radiados.<\/li>\n<li>EN-61000-4-8:2011: Inmunidad: Campos Magn\u00e9ticos a Frecuencia de Tracci\u00f3n.<\/li>\n<li>EN-61000-4-6:2009: Inmunidad: Radiofrecuencia Conducida.<\/li>\n<li>EN-61000-4-4:2005: Inmunidad: Transitorios R\u00e1pidos.<\/li>\n<li>EN-61000-4-5:2007+ CORR:2010: Inmunidad: Pulsos de Alta Tensi\u00f3n.<\/li>\n<li>UNE 20324:1993 (CEI 60529:2001): Ensayo de Grado de Protecci\u00f3n IP.<\/li>\n<li>EN-60068-2-6:2008: Ensayos de vibraci\u00f3n.<\/li>\n<li>EN-60068-2-27:2011: Ensayo de Choque.<\/li>\n<li>EN-61000-4-2:2010: Ensayo de inmunidad a las descargas electrost\u00e1ticas.<\/li>\n<li>EN-50102\/A1 + CORRE:2002: Ensayo IK.<\/li>\n<li>EN-61000-4-9\/A1:2001: Ensayo de inmunidad a campo magn\u00e9tico por pulsos.<\/li>\n<li>EN-50124-1:2001: Aplicaciones ferroviarias. Coordinaci\u00f3n de aislamiento.<\/li>\n<li>EN-60068-2-5:2011: Ensayo Sa: Radiaci\u00f3n solar simulada a nivel del suelo y gu\u00eda para ensayos de radiaci\u00f3n solar.<\/li>\n<li>EN 50126-1:2005+ CORR:2010: Aplicaciones Ferroviarias. Especificaci\u00f3n y demostraci\u00f3n de la fiabilidad, la disponibilidad, la mantenibilidad y la seguridad (RAMS). Parte 1: Requisitos b\u00e1sicos y procesos gen\u00e9ricos.<\/li>\n<li>EN 50129:2005+ CORR:2010: Aplicaciones ferroviarias. Sistemas de comunicaci\u00f3n, se\u00f1alizaci\u00f3n y procesamiento. Sistemas electr\u00f3nicos relacionados con la seguridad para la se\u00f1alizaci\u00f3n.<\/li>\n<\/ul>\n<h3>CARACTER\u00cdSTICAS EL\u00c9CTRICAS<\/h3>\n<table id=\"log_table_detail\" style=\"height: 55px;\" width=\"362\">\n<tbody>\n<tr>\n<td width=\"65%\">Consumo<\/td>\n<td class=\"alt_v\">&lt; 1W<\/td>\n<\/tr>\n<tr>\n<td width=\"65%\">Tensi\u00f3n de entrada<\/td>\n<td class=\"alt_v\">6Vcc \u00b1 2<\/td>\n<\/tr>\n<\/tbody>\n<\/table>\n","protected":false},"excerpt":{"rendered":"<p>DESCRIPCI\u00d3N LogyTel provee el Equipo Baliza CB_ASFAD_U que forma parte del equipo ASFA instalado en v\u00eda, que en conjunto con<\/p>\n","protected":false},"author":1,"featured_media":0,"parent":0,"menu_order":0,"comment_status":"closed","ping_status":"closed","template":"","meta":{"colormag_page_container_layout":"default_layout","colormag_page_sidebar_layout":"default_layout","footnotes":""},"class_list":["post-401","page","type-page","status-publish","hentry"],"_links":{"self":[{"href":"https:\/\/logytel.es\/index.php\/wp-json\/wp\/v2\/pages\/401","targetHints":{"allow":["GET"]}}],"collection":[{"href":"https:\/\/logytel.es\/index.php\/wp-json\/wp\/v2\/pages"}],"about":[{"href":"https:\/\/logytel.es\/index.php\/wp-json\/wp\/v2\/types\/page"}],"author":[{"embeddable":true,"href":"https:\/\/logytel.es\/index.php\/wp-json\/wp\/v2\/users\/1"}],"replies":[{"embeddable":true,"href":"https:\/\/logytel.es\/index.php\/wp-json\/wp\/v2\/comments?post=401"}],"version-history":[{"count":6,"href":"https:\/\/logytel.es\/index.php\/wp-json\/wp\/v2\/pages\/401\/revisions"}],"predecessor-version":[{"id":1436,"href":"https:\/\/logytel.es\/index.php\/wp-json\/wp\/v2\/pages\/401\/revisions\/1436"}],"wp:attachment":[{"href":"https:\/\/logytel.es\/index.php\/wp-json\/wp\/v2\/media?parent=401"}],"curies":[{"name":"wp","href":"https:\/\/api.w.org\/{rel}","templated":true}]}}