{"id":41,"date":"2024-03-07T09:11:53","date_gmt":"2024-03-07T08:11:53","guid":{"rendered":"http:\/\/localhost\/?page_id=41"},"modified":"2025-04-23T10:44:26","modified_gmt":"2025-04-23T08:44:26","slug":"clientes","status":"publish","type":"page","link":"https:\/\/logytel.es\/index.php\/clientes\/","title":{"rendered":"Clientes"},"content":{"rendered":"<div class=\"entry-content\">\n<section><\/section>\n<section class=\"log_product_content\"><a href=\"https:\/\/www.adif.es\/inicio\" target=\"_blank\" rel=\"noopener\"><img loading=\"lazy\" decoding=\"async\" class=\"alignnone wp-image-1253 \" title=\"adif\" src=\"https:\/\/logytel.es\/wp-content\/uploads\/2024\/03\/logo_adif1.jpg\" alt=\"adif\" width=\"152\" height=\"47\" \/><\/a><\/section>\n<section><\/section>\n<section><\/section>\n<section class=\"log_product_content\"><a href=\"https:\/\/www.adif.es\/inicio\" target=\"_blank\" rel=\"noopener\">Adif<\/a>, el Administrador de Infraestructuras Ferroviarias, es una entidad p\u00fablica empresarial dependiente del Ministerio de Fomento. Adif ejerce un papel principal como dinamizador del sector ferroviario, haciendo del ferrocarril el medio de transporte por excelencia y facilitando el acceso a la infraestructura en condiciones de igualdad.<\/section>\n<section class=\"log_product_content\"><a href=\"https:\/\/www.renfe.com\/es\/es\" target=\"_blank\" rel=\"noopener\"><img loading=\"lazy\" decoding=\"async\" class=\"alignnone wp-image-1254 \" title=\"renfe\" src=\"https:\/\/logytel.es\/wp-content\/uploads\/2024\/03\/logo_renfe1.jpg\" alt=\"renfe\" width=\"168\" height=\"88\" \/><\/a><\/section>\n<section class=\"log_product_content\"><a href=\"https:\/\/www.renfe.com\/es\/es\" target=\"_blank\" rel=\"noopener\">Renfe<\/a>, empresa de servicios de transportes ferroviarios de viajeros y mercanc\u00edas depende del Ministerio de Fomento. Renfe Operadora tiene como misi\u00f3n la prestaci\u00f3n de servicios de viajeros y mercanc\u00edas, bajo el principio de seguridad, desarrollando su actividad con una clara orientaci\u00f3n al cliente, con criterios de calidad, eficiencia, rentabilidad e innovaci\u00f3n, persiguiendo el incremento de la cuota de mercado del ferrocarril, sobre la base del compromiso con la sociedad y el desarrollo de sus empleados.\u00a0<\/section>\n<\/div>\n<section>\u00a0<\/section>\n<div class=\"entry-content\">\n<section class=\"log_product_content\"><a href=\"http:\/\/www.alstom.com\/transport\/\" target=\"_blank\" rel=\"noopener\"><img loading=\"lazy\" decoding=\"async\" class=\"wp-image-1255 alignnone\" title=\"ALSTOM\" src=\"https:\/\/logytel.es\/wp-content\/uploads\/2024\/03\/logo_astom.jpg\" alt=\"ALSTOM\" width=\"147\" height=\"30\" \/><\/a><\/section>\n<section><\/section>\n<section><\/section>\n<section><\/section>\n<\/div>\n<section><\/section>\n<section><\/section>\n<section><\/section>\n<section><\/section>\n<section><\/section>\n<section><\/section>\n<section><\/section>\n<div class=\"entry-content\">\n<section class=\"log_product_content\"><a href=\"http:\/\/www.alstom.com\/transport\/\" target=\"_blank\" rel=\"noopener\">Alstom<\/a>, l\u00edder mundial en infraestructuras de generaci\u00f3n y transmisi\u00f3n de energ\u00eda y transporte ferroviario, es un referente en tecnolog\u00edas innovadoras y respetuosas con el medio ambiente. Alstom construye los trenes m\u00e1s r\u00e1pidos del mundo y los metros autom\u00e1ticos de mayor capacidad, suministra centrales integradas llave en mano, equipos y servicios asociados para diversas fuentes de energ\u00eda, como hidr\u00e1ulica, nuclear, gas, carb\u00f3n y e\u00f3lica y ofrece una amplia gama de soluciones para la transmisi\u00f3n de energ\u00eda, con un enfoque en las redes inteligentes.<\/section>\n<section class=\"log_product_content\"><\/section>\n<section><\/section>\n<section><\/section>\n<section><\/section>\n<section><\/section>\n<\/div>\n<section><a href=\"https:\/\/www.se.com\/es\/es\/\" target=\"_blank\" rel=\"noopener\"><img loading=\"lazy\" decoding=\"async\" class=\"alignnone size-full wp-image-1902\" src=\"https:\/\/logytel.es\/wp-content\/uploads\/2024\/07\/logo_se.jpg\" alt=\"\" width=\"142\" height=\"60\" \/><\/a><\/section>\n<section><a href=\"https:\/\/www.se.com\/es\/es\/\" target=\"_blank\" rel=\"noopener\">Schneider Electric<\/a> une fuerzas con <a href=\"https:\/\/es.wikipedia.org\/wiki\/Telvent\" target=\"_blank\" rel=\"noopener\">Telvent<\/a> para ofrecer soluciones m\u00e1s completas y eficientes a sus clientes, tras completar con \u00e9xito la adquisici\u00f3n de Telvent por parte de Schneider Electric.El fuerte posicionamiento de Telvent en infraestructuras y capacidades de TI y software de primer nivel encaja particularmente bien con la experiencia y la presencia global de Schneider Electric en gesti\u00f3n de procesos y energ\u00eda.Abre el camino para los clientes a nuevas mejoras y ofertas \u00fanicas en los siguientes mercados:Dentro de Smart Grid, el software de monitorizaci\u00f3n y control de red de Telvent complementa la oferta a nivel de campo de Schneider Electric, para permitir una red m\u00e1s eficiente, flexible y segura. Dentro de las infraestructuras de Petr\u00f3leo, Gas y Agua, Telvent complementa la arquitectura integrada de Schneider Electric EcoStruxureTM para ofrecer una soluci\u00f3n l\u00edder de gesti\u00f3n de la informaci\u00f3n para pilotaje, monitorizaci\u00f3n y optimizaci\u00f3n de redes. Los servicios de informaci\u00f3n meteorol\u00f3gica de primer nivel de Telvent a\u00f1adir\u00e1n un valor significativo a todas las ofertas existentes y futuras de Schneider Electric, ofreciendo considerables beneficios operativos en Energ\u00eda, Transporte, Agua&#8230; y muchos otros mercados. En Transporte, las soluciones de tr\u00e1fico inteligente de Telvent complementan la oferta de Schneider Electric en Veh\u00edculo El\u00e9ctrico, Monitorizaci\u00f3n de Seguridad y Gesti\u00f3n Energ\u00e9tica para Ciudades m\u00e1s inteligentes. Los s\u00f3lidos negocios de Agricultura y Servicios Globales de Telvent se ampliar\u00e1n a\u00fan m\u00e1s a trav\u00e9s de la cobertura global de Schneider Electric.<\/section>\n<div class=\"entry-content\">\n<section><a href=\"http:\/\/www.grupocobra.com\/\" target=\"_blank\" rel=\"noopener\"><img loading=\"lazy\" decoding=\"async\" class=\"alignnone wp-image-1256 \" title=\"cobra\" src=\"https:\/\/logytel.es\/wp-content\/uploads\/2024\/03\/logo_cobra.jpg\" alt=\"cobra\" width=\"166\" height=\"72\" \/><\/a><\/section>\n<section class=\"log_product_content\"><a href=\"http:\/\/www.grupocobra.com\/\" target=\"_blank\" rel=\"noopener\">Grupo Cobra<\/a> Ferrocarriles, dise\u00f1o, ingenier\u00eda, instalaci\u00f3n, puesta en marcha y servicios de mantenimiento para el sector ferroviario, incluyendo las l\u00edneas de alta velocidad y las l\u00edneas de la red urbana de subterr\u00e1neos, trenes ligeros, trolebuses y tranv\u00edas en especialidades tales como:<\/p>\n<ul>\n<li>Instalaciones el\u00e9ctricas.<\/li>\n<li>Se\u00f1alizaci\u00f3n.<\/li>\n<li>Seguridad Ferroviaria.<\/li>\n<li>Comunicaciones.<\/li>\n<li>Servicios de control de acceso.<\/li>\n<li>Escaleras mec\u00e1nicas.<\/li>\n<li>Iluminaci\u00f3n.<\/li>\n<li>Ventilaci\u00f3n.<\/li>\n<li>Climatizaci\u00f3n.<\/li>\n<\/ul>\n<p><a href=\"http:\/\/www.metromadrid.es\/es\/index.html\" target=\"_blank\" rel=\"noopener\"><img loading=\"lazy\" decoding=\"async\" class=\"alignnone wp-image-1257\" title=\"Metro\" src=\"https:\/\/logytel.es\/wp-content\/uploads\/2024\/03\/metro-logo-300x181-1.jpg\" alt=\"Metro\" width=\"146\" height=\"88\" \/><\/a><\/p>\n<p>La red de <a href=\"http:\/\/www.metromadrid.es\/es\/index.html\" target=\"_blank\" rel=\"noopener\">Metro de Madrid<\/a> la componen 12 l\u00edneas convencionales con 238 estaciones; la longitud total de la red es de 293 kil\u00f3metros.<\/p>\n<p>Es la segunda red de metro de la Uni\u00f3n Europea por kil\u00f3metros (sin contar el Metro Ligero) y la octava del mundo.<\/p>\n<p><a href=\"https:\/\/ohla-group.com\/\" target=\"_blank\" rel=\"noopener\"><img loading=\"lazy\" decoding=\"async\" class=\"alignnone wp-image-1258\" title=\"OHL\" src=\"https:\/\/logytel.es\/wp-content\/uploads\/2024\/03\/OHL11-300x95-1.jpg\" alt=\"OHL\" width=\"149\" height=\"47\" \/><\/a><\/p>\n<p><a title=\"OHL\" href=\"https:\/\/ohla-group.com\/\" target=\"_blank\" rel=\"noopener\">Obrascon Huarte Lain (OHL)<\/a> es un gran grupo internacional de concesiones y construcci\u00f3n. Con una experiencia centenaria, tanto en el \u00e1mbito nacional como en el internacional, est\u00e1 presente en cerca de 30 pa\u00edses de los cinco continentes.<\/p>\n<p>El Grupo OHL es actualmente:<\/p>\n<ul>\n<li><strong>l\u00edder mundial<\/strong>\u00a0en construcci\u00f3n de hospitales y ferrocarriles.<\/li>\n<li><strong>D\u00e9cimo<\/strong>\u00a0mayor constructor de infraestructuras del transporte y\u00a0<strong>vigesimotercero<\/strong>\u00a0mayor contratista internacional.<\/li>\n<li><strong>Cuarto<\/strong>\u00a0mayor contratista en Latinoam\u00e9rica.<\/li>\n<li><strong>Socio de referencia de Abertis<\/strong>, l\u00edder mundial en concesiones de infraestructuras de transporte.<\/li>\n<\/ul>\n<\/section>\n<\/div>\n","protected":false},"excerpt":{"rendered":"<p>Adif, el Administrador de Infraestructuras Ferroviarias, es una entidad p\u00fablica empresarial dependiente del Ministerio de Fomento. Adif ejerce un papel<\/p>\n","protected":false},"author":1,"featured_media":0,"parent":0,"menu_order":0,"comment_status":"closed","ping_status":"closed","template":"","meta":{"colormag_page_container_layout":"default_layout","colormag_page_sidebar_layout":"default_layout","footnotes":""},"class_list":["post-41","page","type-page","status-publish","hentry"],"_links":{"self":[{"href":"https:\/\/logytel.es\/index.php\/wp-json\/wp\/v2\/pages\/41","targetHints":{"allow":["GET"]}}],"collection":[{"href":"https:\/\/logytel.es\/index.php\/wp-json\/wp\/v2\/pages"}],"about":[{"href":"https:\/\/logytel.es\/index.php\/wp-json\/wp\/v2\/types\/page"}],"author":[{"embeddable":true,"href":"https:\/\/logytel.es\/index.php\/wp-json\/wp\/v2\/users\/1"}],"replies":[{"embeddable":true,"href":"https:\/\/logytel.es\/index.php\/wp-json\/wp\/v2\/comments?post=41"}],"version-history":[{"count":40,"href":"https:\/\/logytel.es\/index.php\/wp-json\/wp\/v2\/pages\/41\/revisions"}],"predecessor-version":[{"id":2147,"href":"https:\/\/logytel.es\/index.php\/wp-json\/wp\/v2\/pages\/41\/revisions\/2147"}],"wp:attachment":[{"href":"https:\/\/logytel.es\/index.php\/wp-json\/wp\/v2\/media?parent=41"}],"curies":[{"name":"wp","href":"https:\/\/api.w.org\/{rel}","templated":true}]}}