{"id":412,"date":"2024-03-11T12:04:12","date_gmt":"2024-03-11T11:04:12","guid":{"rendered":"http:\/\/logytel.es\/?page_id=412"},"modified":"2024-04-18T09:14:02","modified_gmt":"2024-04-18T07:14:02","slug":"baliza-asfa-fija","status":"publish","type":"page","link":"https:\/\/logytel.es\/index.php\/baliza-asfa-fija\/","title":{"rendered":"Baliza ASFA Fija"},"content":{"rendered":"<h3>DESCRIPCI\u00d3N<\/h3>\n<p>LogyTel provee el Equipo Baliza CB_ASFAD_F que forma parte del equipo <a href=\"https:\/\/logytel.es\/index.php\/asfa-digital-via\/\">ASFA instalado en v\u00eda<\/a>, que en conjunto con el equipo instalado abordo constituyen el <a href=\"https:\/\/es.wikipedia.org\/wiki\/Anuncio_de_Se%C3%B1ales_y_Frenado_Autom%C3%A1tico\" target=\"_blank\" rel=\"noopener\">Sistema ASFA<\/a> (Anuncio de Se\u00f1ales y Frenado Autom\u00e1tico).<\/p>\n<p data-wp-editing=\"1\"><img loading=\"lazy\" decoding=\"async\" class=\"aligncenter wp-image-1174\" title=\"Baliza ASFA Fija\" src=\"https:\/\/logytel.es\/wp-content\/uploads\/2024\/03\/HG-768x543-1.jpg\" alt=\"Baliza ASFA Fija\" width=\"418\" height=\"296\" srcset=\"https:\/\/logytel.es\/wp-content\/uploads\/2024\/03\/HG-768x543-1.jpg 768w, https:\/\/logytel.es\/wp-content\/uploads\/2024\/03\/HG-768x543-1-300x212.jpg 300w\" sizes=\"auto, (max-width: 418px) 100vw, 418px\" \/><\/p>\n<p>&nbsp;<\/p>\n<p>El objetivo principal de la Baliza CB_ASFAD_F es la de transmitir al tren la informaci\u00f3n de los aspectos puntuales seg\u00fan las limitaciones de la v\u00eda. La Baliza transmite esta informaci\u00f3n cuando el captador del tren pasa sobre la baliza y sintoniza con esta mediante acoplamiento inductivo. (Subsistema de Captaci\u00f3n instalado en el tren).<\/p>\n<p>La Baliza CB_ASFAD_F es en su parte exterior de una carcasa realizada en un material de gran resistencia a los impactos y en su interior de un bloque de material ep\u00f3xido en el cual se encuentran todos los dispositivos del circuito el\u00e9ctrico.<\/p>\n<h3>CARACTER\u00cdSTICAS<\/h3>\n<ul>\n<li>Circuito pasivo LC. Dos aspectos (2 Frecuencias seleccionables mediante codificador)<\/li>\n<li>Garantiza el acoplamiento inductivo con el captador (parte del Subsistema de captaci\u00f3n).<\/li>\n<li>Estabilidad ante variaciones t\u00e9rmicas.<\/li>\n<li>Dise\u00f1o robusto y compacto creado espec\u00edficamente para asegurar la integridad y el funcionamiento correcto de la Baliza CB_ASFAD_F, bajo condiciones habituales de los dispositivos instalados en v\u00eda.<\/li>\n<li>Compatible con los soportes existentes y los soportes polivalentes seg\u00fan ET 03.365.009.4:2016 Conjunto soporte-protector polivalente baliza ASFA a carril.<\/li>\n<li>Logytel tambi\u00e9n suministra los soportes polivalentes conforme la ET 03.365.009.4:2016<\/li>\n<\/ul>\n<h3>NORMATIVA<\/h3>\n<ul>\n<li><strong>E<\/strong><strong>N 50125-3:2004+ CORR:2010: <\/strong>Aplicaciones ferroviarias. Condiciones ambientales para el equipo. Parte 3: Equipos para telecomunicaciones y se\u00f1alizaci\u00f3n.<\/li>\n<li><strong>EN-60068-2-2:2008: <\/strong>Ensayo clim\u00e1tico de Calor Seco.<\/li>\n<li><strong>EN-60068-2-1:2007: <\/strong>Ensayo clim\u00e1tico de Fr\u00edo.<\/li>\n<li><strong>EN-60068-2-78:2002: <\/strong>Ensayo de Calor H\u00famedo.<\/li>\n<li><strong>EN-55022:2011: EMC Emisi\u00f3n.<\/strong><\/li>\n<li><strong>EN-61000-4-3:2007: <\/strong>EMC: Inmunidad a los Campos Electromagn\u00e9ticos Radiados.<\/li>\n<li><strong>EN-61000-4-8:2011: <\/strong>Inmunidad: Campos Magn\u00e9ticos a Frecuencia de Tracci\u00f3n.<\/li>\n<li><strong>EN-61000-4-6:2009: <\/strong>Inmunidad: Radiofrecuencia Conducida.<\/li>\n<li><strong>EN-61000-4-4:2005: <\/strong>Inmunidad: Transitorios R\u00e1pidos.<\/li>\n<li><strong>EN-61000-4-5:2007+ CORR:2010: <\/strong>Inmunidad: Pulsos de Alta Tensi\u00f3n.<\/li>\n<li><strong>UNE 20324:1993 (CEI 60529:2001): <\/strong>Ensayo de Grado de Protecci\u00f3n IP.<\/li>\n<li><strong>EN-60068-2-6:2008: <\/strong>Ensayos de vibraci\u00f3n.<\/li>\n<li><strong>EN-60068-2-27:2011: <\/strong>Ensayo de Choque.<\/li>\n<li><strong>EN-61000-4-2:2010: <\/strong>Ensayo de inmunidad a las descargas electrost\u00e1ticas.<\/li>\n<li><strong>EN-50102\/A1 + CORRE:2002: <\/strong>Ensayo IK.<\/li>\n<li><strong>EN-61000-4-9\/A1:2001: <\/strong>Ensayo de inmunidad a campo magn\u00e9tico por pulsos.<\/li>\n<li><strong>EN-50124-1:2001: <\/strong>Aplicaciones ferroviarias. Coordinaci\u00f3n de aislamiento.<\/li>\n<li><strong>EN-60068-2-5:2011: <\/strong>Ensayo Sa: Radiaci\u00f3n solar simulada a nivel del suelo y gu\u00eda para ensayos de radiaci\u00f3n solar.<\/li>\n<li><strong>EN 50126-1:2005+ CORR:2010: <\/strong>Aplicaciones Ferroviarias. Especificaci\u00f3n y demostraci\u00f3n de la fiabilidad, la disponibilidad, la mantenibilidad y la seguridad (RAMS). Parte 1: Requisitos b\u00e1sicos y procesos gen\u00e9ricos.<\/li>\n<li><strong>EN 50129:2005+ CORR:2010: <\/strong>Aplicaciones ferroviarias. Sistemas de comunicaci\u00f3n, se\u00f1alizaci\u00f3n y procesamiento. Sistemas electr\u00f3nicos relacionados con la seguridad para la se\u00f1alizaci\u00f3n.<\/li>\n<\/ul>\n<h3>CARACTER\u00cdSTICAS EL\u00c9CTRICAS<\/h3>\n<table style=\"height: 38px;\" width=\"438\">\n<thead>\n<tr>\n<td width=\"139\"><strong>Consumo<\/strong><\/td>\n<td width=\"179\">Circuito Pasivo<\/td>\n<\/tr>\n<\/thead>\n<\/table>\n<h3>CARACTER\u00cdSTICAS MEC\u00c1NICAS<\/h3>\n<p><img loading=\"lazy\" decoding=\"async\" class=\"aligncenter wp-image-413\" title=\"Caracter\u00edsticas Mec\u00e1nicas Baliza ASFA Fija\" src=\"https:\/\/logytel.es\/wp-content\/uploads\/2024\/03\/badsf-275x300-1.png\" alt=\"Caracter\u00edsticas Mec\u00e1nicas Baliza ASFA Fija\" width=\"354\" height=\"386\" \/><\/p>\n<p>&nbsp;<\/p>\n<table style=\"height: 220px;\" width=\"533\">\n<thead>\n<tr>\n<td colspan=\"2\" width=\"318\"><strong>Grado de protecci\u00f3n IP<\/strong><\/td>\n<\/tr>\n<tr>\n<td rowspan=\"2\" width=\"139\"><strong>IP 68<\/strong><\/td>\n<td width=\"179\">Protegido contra\u00a0 la entrada polvo<\/td>\n<\/tr>\n<tr>\n<td width=\"179\">Protegido contra inmersi\u00f3n a 1m<\/td>\n<\/tr>\n<tr>\n<td colspan=\"2\" width=\"318\"><strong>MTBF<\/strong> a 40\u00baC \u00a0superior a 25 a\u00f1os<\/td>\n<\/tr>\n<\/thead>\n<\/table>\n","protected":false},"excerpt":{"rendered":"<p>DESCRIPCI\u00d3N LogyTel provee el Equipo Baliza CB_ASFAD_F que forma parte del equipo ASFA instalado en v\u00eda, que en conjunto con<\/p>\n","protected":false},"author":1,"featured_media":0,"parent":0,"menu_order":0,"comment_status":"closed","ping_status":"closed","template":"","meta":{"colormag_page_container_layout":"default_layout","colormag_page_sidebar_layout":"default_layout","footnotes":""},"class_list":["post-412","page","type-page","status-publish","hentry"],"_links":{"self":[{"href":"https:\/\/logytel.es\/index.php\/wp-json\/wp\/v2\/pages\/412","targetHints":{"allow":["GET"]}}],"collection":[{"href":"https:\/\/logytel.es\/index.php\/wp-json\/wp\/v2\/pages"}],"about":[{"href":"https:\/\/logytel.es\/index.php\/wp-json\/wp\/v2\/types\/page"}],"author":[{"embeddable":true,"href":"https:\/\/logytel.es\/index.php\/wp-json\/wp\/v2\/users\/1"}],"replies":[{"embeddable":true,"href":"https:\/\/logytel.es\/index.php\/wp-json\/wp\/v2\/comments?post=412"}],"version-history":[{"count":9,"href":"https:\/\/logytel.es\/index.php\/wp-json\/wp\/v2\/pages\/412\/revisions"}],"predecessor-version":[{"id":1433,"href":"https:\/\/logytel.es\/index.php\/wp-json\/wp\/v2\/pages\/412\/revisions\/1433"}],"wp:attachment":[{"href":"https:\/\/logytel.es\/index.php\/wp-json\/wp\/v2\/media?parent=412"}],"curies":[{"name":"wp","href":"https:\/\/api.w.org\/{rel}","templated":true}]}}