{"id":427,"date":"2024-03-11T12:15:40","date_gmt":"2024-03-11T11:15:40","guid":{"rendered":"http:\/\/logytel.es\/?page_id=427"},"modified":"2024-03-26T11:20:53","modified_gmt":"2024-03-26T10:20:53","slug":"equipo-comprobador-de-balizas-en-sistema-asfa-digital-asfadv_ecb","status":"publish","type":"page","link":"https:\/\/logytel.es\/index.php\/equipo-comprobador-de-balizas-en-sistema-asfa-digital-asfadv_ecb\/","title":{"rendered":"Equipo Comprobador de Balizas en Sistema ASFA Digital (ASFADV_ECB)"},"content":{"rendered":"<h3><strong>DESCRIPCI\u00d3N<\/strong><\/h3>\n<p>LogyTel provee el Equipo ASFADV_ECB que forma parte, junto a las balizas, del sistema ASFA digital v\u00eda (Anuncio de Se\u00f1ales y Frenado Autom\u00e1tico Digital).<\/p>\n<p><img loading=\"lazy\" decoding=\"async\" class=\"aligncenter wp-image-428\" title=\"Equipo Comprobador de Balizas en Sistema ASFA Digital (ASFADV_ECB) \" src=\"https:\/\/logytel.es\/wp-content\/uploads\/2024\/03\/ecb-257x300-1.png\" alt=\"Equipo Comprobador de Balizas en Sistema ASFA Digital (ASFADV_ECB) \" width=\"392\" height=\"458\" \/><\/p>\n<p>&nbsp;<\/p>\n<p>El equipo ASFADV_ECB (Equipo de Comprobaci\u00f3n de Balizas), tiene como funci\u00f3n principal la comprobaci\u00f3n del correcto funcionamiento de las balizas ASFA anal\u00f3gica y Balizas ASFA digital de los diferentes fabricantes que cumplen con <strong>ET 03.365.003.7.<\/strong><\/p>\n<p><strong>Posici\u00f3n del equipo para la medida seg\u00fan el tipo de baliza<\/strong><\/p>\n<p><img loading=\"lazy\" decoding=\"async\" class=\"aligncenter wp-image-429\" title=\"Posicionamiento Baliza\" src=\"https:\/\/logytel.es\/wp-content\/uploads\/2024\/03\/pecb-300x168.png\" alt=\"Posicionamiento Baliza\" width=\"498\" height=\"279\" srcset=\"https:\/\/logytel.es\/wp-content\/uploads\/2024\/03\/pecb-300x168.png 300w, https:\/\/logytel.es\/wp-content\/uploads\/2024\/03\/pecb.png 316w\" sizes=\"auto, (max-width: 498px) 100vw, 498px\" \/><\/p>\n<p>&nbsp;<\/p>\n<h3>CARACTER\u00cdSTICAS PRINCIPALES<\/h3>\n<ul>\n<li>Manejo f\u00e1cil e intuitivo<\/li>\n<li>Interruptor ON\/OFF<\/li>\n<li>Conector USB tipo B para comunicaciones con PC (Calibraci\u00f3n y descarga de hist\u00f3ricos).<\/li>\n<li>Salida BNC para medida de frecuencia.<\/li>\n<li>Carga de la bater\u00eda mediante cargador externo.<\/li>\n<li>Display alto contraste (OLED) de 4\u00d720 caracteres.<\/li>\n<li>Tres pulsadores externos para navegar entre men\u00fas.<\/li>\n<li>Dos pulsadores externos para seleci\u00f3n de fabricante y tipo de baliza.<\/li>\n<li>Dos leds para indicaciones luminosas de estado y bater\u00eda baja.<\/li>\n<li>Lectura de par\u00e1metros de la baliza:\n<ul>\n<li>Aspecto L1\u2026L11 (Lx)<\/li>\n<li>Frecuencia (Hz)<\/li>\n<li>Calidad de la se\u00f1al (A)<\/li>\n<li>Desviaci\u00f3n relativa (%).<\/li>\n<\/ul>\n<\/li>\n<li>Aviso sonoro de desplazamiento en frecuencia de la baliza le\u00edda.<\/li>\n<li>Auto chequeo inicial del equipo.<\/li>\n<li>Capacidad de almacenamiento: 128KB (aprx 500 medidas)<\/li>\n<li>Bajo consumo, 15 horas de funcionamiento contin\u00fao.<\/li>\n<li>Standby despu\u00e9s de 10 minutos sin pulsar un bot\u00f3n.<\/li>\n<li>Compatible con balizas anal\u00f3gicas y digitales (3 fabricantes).<\/li>\n<li>Conforme a <strong>ET 03.365.003.7 2\u00aa Edici\u00f3n \u2013 Junio 2017.<\/strong><\/li>\n<li>Marcado CE.<\/li>\n<li>Producto acreditado por ADIF.<\/li>\n<\/ul>\n<h3><strong>NORMATIVA<\/strong><\/h3>\n<ul>\n<li><strong>UNE-EN 50125-3 <\/strong>Aplicaciones ferroviarias. Condiciones ambientales para el equipo. Parte 3: Equipos para telecomunicaciones y se\u00f1alizaci\u00f3n.<\/li>\n<li><strong>UNE-EN 60068 <\/strong>Ensayos ambientales<\/li>\n<li><strong>UNE-EN 60068-2-1:2007 <\/strong>Ensayos ambientales. Parte 2-1: Ensayos. Ensayo A: Fr\u00edo. (IEC 60068-2-1:2007)<\/li>\n<li><strong>UNE-EN 60068-2-2:2008 <\/strong>Ensayos ambientales. Parte 2-2: Ensayos. Ensayo B: Calor seco. (IEC 60068-2-2:2007)<\/li>\n<li><strong>UNE-EN 60068-2-78:2002 <\/strong>Ensayos ambientales. Parte 2-78: Ensayo Cab: Calor h\u00famedo, ensayo continuo<\/li>\n<li><strong>UNE-EN 55022:2011 <\/strong>Equipos de tecnolog\u00eda de la informaci\u00f3n. Caracter\u00edsticas de las perturbaciones radioel\u00e9ctricas. L\u00edmites y m\u00e9todos de medida<\/li>\n<li><strong>UNE-EN 61000-4-3\/A1:2007 <\/strong>Compatibilidad electromagn\u00e9tica (CEM). Parte 4-3: T\u00e9cnicas de ensayo y de medida. Ensayos de inmunidad a los campos electromagn\u00e9ticos, radiados y de radiofrecuencia<\/li>\n<li><strong>UNE-EN 61000-4-8:2011 <\/strong>Compatibilidad electromagn\u00e9tica (CEM). Parte 4-8: T\u00e9cnicas de ensayo y de medida. Ensayos de inmunidad a los campos magn\u00e9ticos a frecuencia industrial<\/li>\n<li><strong>UNE-EN 61000-4-2:2010 <\/strong>Compatibilidad electromagn\u00e9tica (CEM). Parte 4-2: T\u00e9cnicas de ensayo y de medida. Ensayo de inmunidad a las descargas electrost\u00e1ticas<\/li>\n<li><strong>UNE-EN 61000-4-9\/A1:2001 <\/strong>Compatibilidad electromagn\u00e9tica (CEM). Parte 4: T\u00e9cnicas de ensayo y de medida. Secci\u00f3n 9: Ensayo de inmunidad a los campos magn\u00e9ticos impulsionales. Norma b\u00e1sica de CEM<\/li>\n<li><strong>UNE-EN 50125-3:2004 +CORRE: 2010<\/strong> Aplicaciones ferroviarias. Condiciones ambientales para el equipo Parte 3: Equipos para telecomunicaciones y se\u00f1alizaci\u00f3n<\/li>\n<li><strong>UNE-EN 50121-4:2007 <\/strong>Aplicaciones ferroviarias. Compatibilidad electromagn\u00e9tica. Parte 4: Emisi\u00f3n e inmunidad de los aparatos de se\u00f1alizaci\u00f3n y de telecomunicaci\u00f3n<\/li>\n<li><strong>UNE-EN 61326-1:2013 <\/strong>Material el\u00e9ctrico para medida, control y uso en laboratorio. Requisitos de compatibilidad electromagn\u00e9tica (CEM). Parte 1: Requisitos generales. (Ratificada por AENOR en marzo de 2013)<\/li>\n<li><strong>UNE-EN 60721-3-7:1997 <\/strong>Clasificaci\u00f3n de las condiciones ambientales. Parte 3: Clasificaci\u00f3n de los grupos de par\u00e1metros ambientales y sus severidades. Secci\u00f3n 7: Utilizaci\u00f3n port\u00e1til y no estacionaria<\/li>\n<li><strong>Directiva D.C. 2011\/65\/EU <\/strong>\u201cRestricci\u00f3n de uso de sustancias peligrosas en aparatos el\u00e9ctricos y electrodom\u00e9sticos (RoHS)\u201d<\/li>\n<\/ul>\n<h3><strong>CARACTER\u00cdSTICAS EL\u00c9CTRICAS<br \/>\n<\/strong><\/h3>\n<table style=\"height: 86px;\" width=\"607\">\n<thead>\n<tr>\n<td width=\"170\"><strong>Alimentaci\u00f3n<\/strong><\/td>\n<td width=\"123\">Bater\u00eda 12Vcc 3,3AH<\/td>\n<\/tr>\n<tr>\n<td width=\"170\"><strong>Consumo ECB<\/strong><\/td>\n<td width=\"123\">&lt;2,5w<\/td>\n<\/tr>\n<tr>\n<td width=\"170\"><strong>Autonom\u00eda<\/strong><\/td>\n<td width=\"123\">15 horas<\/td>\n<\/tr>\n<\/thead>\n<\/table>\n<h3><strong>CARACTER\u00cdSTICAS MEC\u00c1NICAS<\/strong><strong><br \/>\n<\/strong><\/h3>\n<table style=\"height: 115px;\" width=\"608\">\n<thead>\n<tr>\n<td width=\"170\"><strong>Dimensiones ECB<\/strong><\/td>\n<td width=\"123\">272 x 248 x 121 mm<\/td>\n<\/tr>\n<tr>\n<td width=\"170\"><strong>Peso ECB<\/strong><\/td>\n<td width=\"123\">3,7 Kg<\/td>\n<\/tr>\n<tr>\n<td width=\"170\"><strong>Grado de protecci\u00f3n <\/strong><\/td>\n<td width=\"123\">IP 67 (cerrado)<\/td>\n<\/tr>\n<tr>\n<td width=\"170\"><strong>MTBF ECB <\/strong>(en entorno GM, a 40\u00baC y con norma MIL-HDBK-217)<\/td>\n<td width=\"123\">92.343,69 horas<\/td>\n<\/tr>\n<tr>\n<td width=\"170\"><strong>Temperatura de funcionamiento<\/strong><\/td>\n<td width=\"123\">\u2013 25\u00baC a + 70\u00baC (7K3).<\/td>\n<\/tr>\n<\/thead>\n<\/table>\n","protected":false},"excerpt":{"rendered":"<p>DESCRIPCI\u00d3N LogyTel provee el Equipo ASFADV_ECB que forma parte, junto a las balizas, del sistema ASFA digital v\u00eda (Anuncio de<\/p>\n","protected":false},"author":1,"featured_media":0,"parent":0,"menu_order":0,"comment_status":"closed","ping_status":"closed","template":"","meta":{"colormag_page_container_layout":"default_layout","colormag_page_sidebar_layout":"default_layout","footnotes":""},"class_list":["post-427","page","type-page","status-publish","hentry"],"_links":{"self":[{"href":"https:\/\/logytel.es\/index.php\/wp-json\/wp\/v2\/pages\/427","targetHints":{"allow":["GET"]}}],"collection":[{"href":"https:\/\/logytel.es\/index.php\/wp-json\/wp\/v2\/pages"}],"about":[{"href":"https:\/\/logytel.es\/index.php\/wp-json\/wp\/v2\/types\/page"}],"author":[{"embeddable":true,"href":"https:\/\/logytel.es\/index.php\/wp-json\/wp\/v2\/users\/1"}],"replies":[{"embeddable":true,"href":"https:\/\/logytel.es\/index.php\/wp-json\/wp\/v2\/comments?post=427"}],"version-history":[{"count":5,"href":"https:\/\/logytel.es\/index.php\/wp-json\/wp\/v2\/pages\/427\/revisions"}],"predecessor-version":[{"id":1179,"href":"https:\/\/logytel.es\/index.php\/wp-json\/wp\/v2\/pages\/427\/revisions\/1179"}],"wp:attachment":[{"href":"https:\/\/logytel.es\/index.php\/wp-json\/wp\/v2\/media?parent=427"}],"curies":[{"name":"wp","href":"https:\/\/api.w.org\/{rel}","templated":true}]}}