{"id":432,"date":"2024-03-11T12:19:38","date_gmt":"2024-03-11T11:19:38","guid":{"rendered":"http:\/\/logytel.es\/?page_id=432"},"modified":"2024-03-26T11:23:17","modified_gmt":"2024-03-26T10:23:17","slug":"sistema-de-ayuda-al-mantenimiento-del-sistema-asfa-digital-via-sam","status":"publish","type":"page","link":"https:\/\/logytel.es\/index.php\/sistema-de-ayuda-al-mantenimiento-del-sistema-asfa-digital-via-sam\/","title":{"rendered":"Sistema de Ayuda al Mantenimiento del Sistema ASFA Digital Via (SAM)"},"content":{"rendered":"<h3>DESCRIPCI\u00d3N<\/h3>\n<ul>\n<li>La aplicaci\u00f3n presenta gr\u00e1ficamente el estado y alarmas de los elementos que conforman el sistema ASFAD_VIA a trav\u00e9s de la informaci\u00f3n recibida por las Unidades de Control Digital (UCDIG) ASFAD del \u00e1mbito.<\/li>\n<li>Las funciones de esta aplicaci\u00f3n ayudan a la puesta en servicio y mantenimiento del sistema ASFA Digital V\u00eda. Por tanto esta aplicaci\u00f3n va dirigida primeramente al personal de instalaci\u00f3n y puesta en servicio del sistema y por otra parte al personal de mantenimiento a lo largo de la vida del producto.<\/li>\n<li>El interface con el sistema ASFAD_VIA se realiza a trav\u00e9s de power line por el mismo de cable de alimentaci\u00f3n de 220 Vac. Para realizar esta conexi\u00f3n se utiliza un equipo que realiza la funci\u00f3n de interface entre el puerto serie del PC y el cable de alimentaci\u00f3n con comunicaciones a power line.<\/li>\n<\/ul>\n<p><img loading=\"lazy\" decoding=\"async\" class=\"aligncenter wp-image-435\" title=\"SAM\" src=\"https:\/\/logytel.es\/wp-content\/uploads\/2024\/03\/apli-300x159.png\" alt=\"SAM\" width=\"595\" height=\"315\" srcset=\"https:\/\/logytel.es\/wp-content\/uploads\/2024\/03\/apli-300x159.png 300w, https:\/\/logytel.es\/wp-content\/uploads\/2024\/03\/apli-390x205.png 390w, https:\/\/logytel.es\/wp-content\/uploads\/2024\/03\/apli.png 667w\" sizes=\"auto, (max-width: 595px) 100vw, 595px\" \/><\/p>\n<p>&nbsp;<\/p>\n<p>&nbsp;<\/p>\n<h3>CARACTER\u00cdSTICAS PRINCIPALES<\/h3>\n<ul>\n<li>Comunicaci\u00f3n por el mismo cable de alimentaci\u00f3n de las se\u00f1ales<\/li>\n<li>Configurable para adaptarse al n\u00famero de se\u00f1ales existentes en el \u00e1mbito<\/li>\n<li>Presentaci\u00f3n de eventos y alarmas categorizados por colores que permiten una mejor visualizaci\u00f3n por parte del usuario.<\/li>\n<li>Permite el reconocimiento de eventos<\/li>\n<li>Filtrado de eventos, permite seleccionar por uno o varios campos<\/li>\n<li>Volcado manual del hist\u00f3rico almacenado en la UC<\/li>\n<li>Volcado peri\u00f3dico de forma autom\u00e1tica<\/li>\n<li>Visualizaci\u00f3n de los par\u00e1metros de cabecera que configuran e identifican a la UC<\/li>\n<li>Visualizaci\u00f3n del estado de todas las variables de la UC en tiempo real<\/li>\n<li>Presentaci\u00f3n de forma gr\u00e1fica del estado de las se\u00f1ales que conforman un \u00e1mbito<\/li>\n<li>Configurable por el usuario par\u00e1metros de comunicaci\u00f3n<\/li>\n<li>Visualizaci\u00f3n de varios hist\u00f3ricos a la vez integr\u00e1ndolos en uno solo<\/li>\n<li>Permite salvar los eventos en un documento Excel con el mismo formato que presenta la aplicaci\u00f3n.<\/li>\n<li>Para operaciones de mantenimiento permite el env\u00edo manual de comandos<\/li>\n<li>Puesta en hora de las UC\u2019s manual y autom\u00e1ticamente<\/li>\n<li>Comunicaciones con el centralizador de alarmas SIAM.<\/li>\n<\/ul>\n<h3>VISUALIZACI\u00d3N DE EVENTOS<\/h3>\n<p><img loading=\"lazy\" decoding=\"async\" class=\"aligncenter wp-image-437\" title=\"Eventos\" src=\"https:\/\/logytel.es\/wp-content\/uploads\/2024\/03\/2-768x224-1-300x88.png\" alt=\"Eventos\" width=\"539\" height=\"158\" srcset=\"https:\/\/logytel.es\/wp-content\/uploads\/2024\/03\/2-768x224-1-300x88.png 300w, https:\/\/logytel.es\/wp-content\/uploads\/2024\/03\/2-768x224-1.png 768w\" sizes=\"auto, (max-width: 539px) 100vw, 539px\" \/><\/p>\n<table style=\"height: 29px;\" width=\"1672\">\n<thead>\n<tr>\n<td width=\"57\"><strong>OFFLINE<\/strong><\/td>\n<td width=\"236\">Permite la visualizaci\u00f3n y an\u00e1lisis de los eventos de\u00a0 los hist\u00f3ricos volcados y almacenados con anterioridad en el PC<\/td>\n<\/tr>\n<tr>\n<td width=\"57\"><strong>ONLINE<\/strong><\/td>\n<td width=\"236\">Permite comunicarse en tiempo real con las UCDIG del \u00e1mbito, permitiendo visualizar en tiempo real los eventos producidos, volcar el hist\u00f3rico de la UCDIG y env\u00edo de alarmas al sistema SIAM<\/td>\n<\/tr>\n<\/thead>\n<\/table>\n<h3>ARQUITECTURA DEL SISTEMA<\/h3>\n<p><img loading=\"lazy\" decoding=\"async\" class=\"aligncenter wp-image-438\" title=\"Aquitectura del sistema\" src=\"https:\/\/logytel.es\/wp-content\/uploads\/2024\/03\/Arquitectura-sistem-y-SAM-1-1024x613-1-300x180.png\" alt=\"Aquitectura del sistema\" width=\"660\" height=\"396\" srcset=\"https:\/\/logytel.es\/wp-content\/uploads\/2024\/03\/Arquitectura-sistem-y-SAM-1-1024x613-1-300x180.png 300w, https:\/\/logytel.es\/wp-content\/uploads\/2024\/03\/Arquitectura-sistem-y-SAM-1-1024x613-1-768x460.png 768w, https:\/\/logytel.es\/wp-content\/uploads\/2024\/03\/Arquitectura-sistem-y-SAM-1-1024x613-1.png 1024w\" sizes=\"auto, (max-width: 660px) 100vw, 660px\" \/><\/p>\n<p>&nbsp;<\/p>\n<table style=\"height: 309px;\" width=\"676\">\n<thead>\n<tr>\n<td width=\"180\"><img loading=\"lazy\" decoding=\"async\" class=\"alignnone wp-image-440\" title=\"Filtro Selecci\u00f3n de Eventos\" src=\"https:\/\/logytel.es\/wp-content\/uploads\/2024\/03\/5-300x223-1.png\" alt=\"Filtro Selecci\u00f3n de Eventos\" width=\"435\" height=\"323\" \/><\/td>\n<td width=\"113\">FILTRADO POR:\u2013 Se\u00f1al<\/p>\n<p>\u2013 Por tipo de evento<\/p>\n<p>\u2013 Por evento<\/p>\n<p>\u2013 Por fecha<\/td>\n<\/tr>\n<\/thead>\n<\/table>\n<h3>VOLCADO DE HIST\u00d3RICOS<\/h3>\n<table style=\"height: 51px;\" width=\"664\">\n<thead>\n<tr>\n<td width=\"57\"><strong>MANUAL<\/strong><\/td>\n<td width=\"236\">Volcado bajo petici\u00f3n del hist\u00f3rico de una UC<\/td>\n<\/tr>\n<tr>\n<td width=\"57\"><strong>AUTO<\/strong><\/td>\n<td width=\"236\">Volcado del hist\u00f3rico programado por un periodo de tiempo<\/td>\n<\/tr>\n<\/thead>\n<\/table>\n<h3>ESTADO DE SE\u00d1ALES<\/h3>\n<p>&nbsp;<\/p>\n<p><img loading=\"lazy\" decoding=\"async\" class=\"aligncenter wp-image-6904\" title=\"Estado de las se\u00f1ales\" src=\"https:\/\/web.archive.org\/web\/20230610051251im_\/https:\/\/logytel.es\/wp-content\/uploads\/2019\/09\/Captura-300x174.png\" sizes=\"auto, (max-width: 510px) 100vw, 510px\" srcset=\"https:\/\/web.archive.org\/web\/20230610051251im_\/https:\/\/logytel.es\/wp-content\/uploads\/2019\/09\/Captura-300x174.png 300w, https:\/\/web.archive.org\/web\/20230610051251im_\/https:\/\/logytel.es\/wp-content\/uploads\/2019\/09\/Captura-768x445.png 768w, https:\/\/web.archive.org\/web\/20230610051251im_\/https:\/\/logytel.es\/wp-content\/uploads\/2019\/09\/Captura-1024x594.png 1024w, https:\/\/web.archive.org\/web\/20230610051251im_\/https:\/\/logytel.es\/wp-content\/uploads\/2019\/09\/Captura.png 1042w\" alt=\"Estados\" width=\"510\" height=\"296\" \/><\/p>\n<h3>COMUNICACIONES POWER LINE<\/h3>\n<table style=\"height: 132px;\" width=\"530\">\n<thead>\n<tr>\n<td width=\"293\">Comunica por el mismo cable que la alimentaci\u00f3n de la se\u00f1al<\/td>\n<\/tr>\n<tr>\n<td width=\"293\">Banda utilizada: C de CENELEC<\/td>\n<\/tr>\n<tr>\n<td width=\"293\">Rango de Frecuencias de 120 Khz a 140 Khz<\/td>\n<\/tr>\n<tr>\n<td width=\"293\">Procesador de Encriptaci\u00f3n\/Desencriptaci\u00f3n<\/td>\n<\/tr>\n<tr>\n<td width=\"293\">Rango din\u00e1mico en Recepci\u00f3n AGC: 60 dB<\/td>\n<\/tr>\n<tr>\n<td width=\"293\">Filtro de paso bajo con eliminaci\u00f3n de ruido<\/td>\n<\/tr>\n<\/thead>\n<\/table>\n","protected":false},"excerpt":{"rendered":"<p>DESCRIPCI\u00d3N La aplicaci\u00f3n presenta gr\u00e1ficamente el estado y alarmas de los elementos que conforman el sistema ASFAD_VIA a trav\u00e9s de<\/p>\n","protected":false},"author":1,"featured_media":0,"parent":0,"menu_order":0,"comment_status":"closed","ping_status":"closed","template":"","meta":{"colormag_page_container_layout":"default_layout","colormag_page_sidebar_layout":"default_layout","footnotes":""},"class_list":["post-432","page","type-page","status-publish","hentry"],"_links":{"self":[{"href":"https:\/\/logytel.es\/index.php\/wp-json\/wp\/v2\/pages\/432","targetHints":{"allow":["GET"]}}],"collection":[{"href":"https:\/\/logytel.es\/index.php\/wp-json\/wp\/v2\/pages"}],"about":[{"href":"https:\/\/logytel.es\/index.php\/wp-json\/wp\/v2\/types\/page"}],"author":[{"embeddable":true,"href":"https:\/\/logytel.es\/index.php\/wp-json\/wp\/v2\/users\/1"}],"replies":[{"embeddable":true,"href":"https:\/\/logytel.es\/index.php\/wp-json\/wp\/v2\/comments?post=432"}],"version-history":[{"count":8,"href":"https:\/\/logytel.es\/index.php\/wp-json\/wp\/v2\/pages\/432\/revisions"}],"predecessor-version":[{"id":436,"href":"https:\/\/logytel.es\/index.php\/wp-json\/wp\/v2\/pages\/432\/revisions\/436"}],"wp:attachment":[{"href":"https:\/\/logytel.es\/index.php\/wp-json\/wp\/v2\/media?parent=432"}],"curies":[{"name":"wp","href":"https:\/\/api.w.org\/{rel}","templated":true}]}}