{"id":44,"date":"2024-03-07T09:12:01","date_gmt":"2024-03-07T08:12:01","guid":{"rendered":"http:\/\/localhost\/?page_id=44"},"modified":"2025-04-23T10:35:14","modified_gmt":"2025-04-23T08:35:14","slug":"obras-recientes","status":"publish","type":"page","link":"https:\/\/logytel.es\/index.php\/obras-recientes\/","title":{"rendered":"Obras recientes"},"content":{"rendered":"<h6>Detector de Caida de Objetos y Detector de Viento Lateral (DCO y DVL) para el proyecto Haramain (ARABIA SAUD\u00cd).<\/h6>\n<p>Kit ASFA DIGITAL. Adif contrata a Logytel el suministro de materiales de ASFA Digital para la actualizaci\u00f3n que se viene realizando en la red, de cara a las adecuaciones comprometidas.<\/p>\n<p>Balizas previas en se\u00f1ales de salida de estaci\u00f3n. LogyTel ha resultado adjudicataria de la obra de instalaci\u00f3n en las estaciones de Linares \u2013 Baeza, Cordoba, El Higueron, Villarriba de Cordoba, Posadas y Lora del Rio.<\/p>\n<p>Equipo de Auscultaci\u00f3n. Equipos tradicionales de comprobaci\u00f3n de par\u00e1metros de catenaria, instalados sobre veh\u00edculos de mantenimiento ferroviario. Pr\u00f3ximamente se suministrar\u00e1n para M\u00e9jico, Ecuador y Arabia Saud\u00ed.<\/p>\n<p>DVL \u2013 Detectores de Viento Lateral tramo Zamora \u2013 Pedralbes de la l\u00ednea Olmedo \u2013 Zamora \u2013 Orense.<\/p>\n<p>LogyTel est\u00e1 realizando la puesta en servicio de los equipos DCO y DVL, suministrados para el consorcio encargado de la construcci\u00f3n del AVE y Arabia Saud\u00ed.<\/p>\n<p>Balizas de tercer carril. La instalaci\u00f3n de l\u00edneas ferroviarias de tercer carril, ha generado un mercado adicional en las balizas de ASFA, espec\u00edficas para este tipo de v\u00edas. Logytel ha sido adjudicataria por Adif para el suministro de este tipo de material en varios tramos.<\/p>\n<h3 style=\"text-align: left;\">Otras obras realizadas<\/h3>\n<h6>ENERO 2024<\/h6>\n<p>Logytel va a suministrar el Sistema de gesti\u00f3n el\u00e9ctrica de catenaria, para Taller Fuencarral II, Autopropulsados y Torno Fuencarral I. Renfe viene utilizando nuestros sistemas para los talleres relevantes en toda la red.<\/p>\n<p>El importe contratado supera los 600.000 \u20ac.<\/p>\n<h6>OCTUBRE 2023<\/h6>\n<p>Logytel va a suministrar a Alstom el sistema de ASFA DIGITAL VIA, para las estaciones del nudo ferroviarios de Castell\u00f3n y Valencia Almusafes con Ancho mixto, con importe que supera los 700.000\u20ac.<\/p>\n<h6>SEPTIEMBRE 2023<\/h6>\n<p>Logytel va a suministrar a Alstom el sistema de ASFA DIGITAL VIA, para el PROYECTO DE EJECUCI\u00d3N DE LAS OBRAS DEL PROYECTO CONSTRUCTIVO DE NUEVOS ENCLAVAMIENTOS EN LAS ESTACIONES DE VERI\u00d1A Y SER\u00cdN\u201d 3.21\/27507.0295 con un importe superior a los 400.000 \u20ac<\/p>\n<h6>JULIO 2023<\/h6>\n<p>Logytel, junto a Cobra han sido adjudicatarias del concurso \u201cSUMINISTRO, MONTAJE Y PUESTA EN MARCHA DE DETECTORES DIN\u00c1MICOS DE PANT\u00d3GRAFO EN LA RED DE ALTA VELOCIDAD PARA LA MONITORIZACI\u00d3N Y ALERTA TEMPRANA DE ANOMAL\u00cdAS EN PANT\u00d3GRAFOS. 3.22\/20810.0085, por un importe de 1.789.325,01 (IVA incluido).<\/p>\n<p>En esta obra se van a dotar a adif de 15 sistemas de protecci\u00f3n de la infraestructura dise\u00f1ado para proteger el equipo de catenaria del da\u00f1o que puede ser causado por pant\u00f3grafos en mal estado.<\/p>\n<p>Los pant\u00f3grafos tienen un programa de mantenimiento regular para asegurar que est\u00e1n en buenas condiciones, y que la fuerza de contacto est\u00e1 dentro de los l\u00edmites establecidos, en comportamiento din\u00e1mico del pant\u00f3grafo cuando opera a velocidad.<\/p>\n<p>Mediante un DCDP se recopila informaci\u00f3n de la elevaci\u00f3n m\u00e1xima del hilo de contacto al paso de un tren. Junto a este valor de altura del hilo de contacto, se unen las mediciones de velocidad del tren y de las condiciones meteorol\u00f3gicas presentes en el momento del paso de la circulaci\u00f3n, y tras el an\u00e1lisis de estas variables a trav\u00e9s del software espec\u00edfico alerta al personal de mantenimiento de forma temprana de elevaciones de hilo de contacto anormales y se pueda actuar preventivamente evitando aver\u00edas.<\/p>\n<h6>JUNIO 2023<\/h6>\n<p>Logytel va a suministrar a Alstom el sistema de ASFA DIGITAL VIA, para el PROYECTO CONSTRUCTIVO Y EJECUCI\u00d3N OBRA PARA LA INSTALACI\u00d3N DE BLOQUEO AUTOM\u00c1TICO BANALIZADO (BAB) EN EL TRAMO LA GINETA-SOCU\u00c9LLAMOS E INSTALACI\u00d3N DE CONTROL DE TR\u00c1FICO CENTRALIZADO ALC\u00c1ZAR SAN JUAN-ALBACETE L\u00cdNEA con un importe que supera los 2.000.000 \u20ac<\/p>\n<p>&nbsp;<\/p>\n","protected":false},"excerpt":{"rendered":"<p>Detector de Caida de Objetos y Detector de Viento Lateral (DCO y DVL) para el proyecto Haramain (ARABIA SAUD\u00cd). Kit<\/p>\n","protected":false},"author":1,"featured_media":0,"parent":0,"menu_order":0,"comment_status":"closed","ping_status":"closed","template":"","meta":{"colormag_page_container_layout":"default_layout","colormag_page_sidebar_layout":"default_layout","footnotes":""},"class_list":["post-44","page","type-page","status-publish","hentry"],"_links":{"self":[{"href":"https:\/\/logytel.es\/index.php\/wp-json\/wp\/v2\/pages\/44","targetHints":{"allow":["GET"]}}],"collection":[{"href":"https:\/\/logytel.es\/index.php\/wp-json\/wp\/v2\/pages"}],"about":[{"href":"https:\/\/logytel.es\/index.php\/wp-json\/wp\/v2\/types\/page"}],"author":[{"embeddable":true,"href":"https:\/\/logytel.es\/index.php\/wp-json\/wp\/v2\/users\/1"}],"replies":[{"embeddable":true,"href":"https:\/\/logytel.es\/index.php\/wp-json\/wp\/v2\/comments?post=44"}],"version-history":[{"count":27,"href":"https:\/\/logytel.es\/index.php\/wp-json\/wp\/v2\/pages\/44\/revisions"}],"predecessor-version":[{"id":2142,"href":"https:\/\/logytel.es\/index.php\/wp-json\/wp\/v2\/pages\/44\/revisions\/2142"}],"wp:attachment":[{"href":"https:\/\/logytel.es\/index.php\/wp-json\/wp\/v2\/media?parent=44"}],"curies":[{"name":"wp","href":"https:\/\/api.w.org\/{rel}","templated":true}]}}