{"id":444,"date":"2024-03-11T12:30:09","date_gmt":"2024-03-11T11:30:09","guid":{"rendered":"http:\/\/logytel.es\/?page_id=444"},"modified":"2024-03-26T11:24:58","modified_gmt":"2024-03-26T10:24:58","slug":"unidad-de-conexion-digital-asfad-asfadv_ucp_et1-y-asfadv_eic_et1","status":"publish","type":"page","link":"https:\/\/logytel.es\/index.php\/unidad-de-conexion-digital-asfad-asfadv_ucp_et1-y-asfadv_eic_et1\/","title":{"rendered":"Unidad de Conexi\u00f3n Digital ASFAD (ASFADV_UCP_ET1 y ASFADV_EIC_ET1)"},"content":{"rendered":"<div class=\"entry-content\">\n<section class=\"log_product_content\">\n<h3>DESCRIPCI\u00d3N<\/h3>\n<p>LogyTel provee el Equipo ASFADV_UCDIG que forma parte, junto a las balizas, del sistema ASFA Digital V\u00eda, y que en conjunto con el equipo instalado a bordo del tren constituyen el llamado Sistema ASFAD (Anuncio de Se\u00f1ales y Frenado Autom\u00e1tico Digital)<\/p>\n<p><img loading=\"lazy\" decoding=\"async\" class=\"aligncenter wp-image-447\" title=\"Equipo ASFADV_UCDIG\" src=\"https:\/\/logytel.es\/wp-content\/uploads\/2024\/03\/Unidad_Conexion_Digital-768x533-1-300x208.png\" alt=\"Equipo ASFADV_UCDIG\" width=\"783\" height=\"543\" srcset=\"https:\/\/logytel.es\/wp-content\/uploads\/2024\/03\/Unidad_Conexion_Digital-768x533-1-300x208.png 300w, https:\/\/logytel.es\/wp-content\/uploads\/2024\/03\/Unidad_Conexion_Digital-768x533-1-392x272.png 392w, https:\/\/logytel.es\/wp-content\/uploads\/2024\/03\/Unidad_Conexion_Digital-768x533-1-130x90.png 130w, https:\/\/logytel.es\/wp-content\/uploads\/2024\/03\/Unidad_Conexion_Digital-768x533-1-600x417.png 600w, https:\/\/logytel.es\/wp-content\/uploads\/2024\/03\/Unidad_Conexion_Digital-768x533-1.png 768w\" sizes=\"auto, (max-width: 783px) 100vw, 783px\" \/><\/p>\n<p style=\"text-align: center;\"><em>Figura 1. Arquitectura principal del sistema completo ASFA Digital V\u00eda<\/em><\/p>\n<table width=\"672\">\n<tbody>\n<tr>\n<td width=\"288\"><a href=\"https:\/\/logytel.es\/index.php\/unidad-de-conexion-principal\/\"><img loading=\"lazy\" decoding=\"async\" class=\"aligncenter wp-image-450\" title=\"ASFADV_UCP_ET1\" src=\"https:\/\/logytel.es\/wp-content\/uploads\/2024\/03\/ASFADV_UCP_ET1-279x300-1.png\" alt=\"ASFADV_UCP_ET1\" width=\"332\" height=\"357\" \/><\/a>Figura 2. <em>ASFADV_UCP_ET1 compuesto de una UCP (unidad de conexi\u00f3n principal) mas una ASFADV_EIC\u00a0 (unidad de conexi\u00f3n intermedia)<\/em><\/td>\n<td width=\"288\"><a href=\"https:\/\/logytel.es\/index.php\/equipo-intermedio-de-conexion\/\"><img loading=\"lazy\" decoding=\"async\" class=\"aligncenter wp-image-452\" title=\"ASFADV_EIC_ET1\" src=\"https:\/\/logytel.es\/wp-content\/uploads\/2024\/03\/ASFADV_UCP_ET1-279x300-2.png\" alt=\"ASFADV_EIC_ET1\" width=\"333\" height=\"359\" \/><\/a><\/p>\n<p>Figura 3. <em>ASFADV_EIC_ET1 Unidad de conexi\u00f3n intermedia.<\/em><\/td>\n<\/tr>\n<\/tbody>\n<\/table>\n<p>El equipo ASFADV_UCDIG, que est\u00e1 constituido por los equipos ASFADV_UCP_ET1 (Unidad de Conexi\u00f3n Principal) y ASFADV_EIC_ET1 (Equipo Intermedio de Conexi\u00f3n), tiene como funci\u00f3n principal la de servir de interfaz entre una se\u00f1al lateral y su baliza asociada, de tal forma que el equipo conmuta la baliza a la frecuencia correspondiente al aspecto presente y le\u00eddo de la se\u00f1al lateral.<\/p>\n<p>El equipo dispone de comunicaciones PLC a trav\u00e9s de su l\u00ednea de alimentaci\u00f3n para la comunicaci\u00f3n con el Sistema de Ayuda al Mantenimiento. Permitiendo tener centralizadas todas las informaciones (eventos, alarmas, etc) del sistema en un punto, de todas las UCDIG que est\u00e9n alimentadas desde este punto.<\/p>\n<\/section>\n<\/div>\n","protected":false},"excerpt":{"rendered":"<p>DESCRIPCI\u00d3N LogyTel provee el Equipo ASFADV_UCDIG que forma parte, junto a las balizas, del sistema ASFA Digital V\u00eda, y que<\/p>\n","protected":false},"author":1,"featured_media":0,"parent":0,"menu_order":0,"comment_status":"closed","ping_status":"closed","template":"","meta":{"colormag_page_container_layout":"default_layout","colormag_page_sidebar_layout":"default_layout","footnotes":""},"class_list":["post-444","page","type-page","status-publish","hentry"],"_links":{"self":[{"href":"https:\/\/logytel.es\/index.php\/wp-json\/wp\/v2\/pages\/444","targetHints":{"allow":["GET"]}}],"collection":[{"href":"https:\/\/logytel.es\/index.php\/wp-json\/wp\/v2\/pages"}],"about":[{"href":"https:\/\/logytel.es\/index.php\/wp-json\/wp\/v2\/types\/page"}],"author":[{"embeddable":true,"href":"https:\/\/logytel.es\/index.php\/wp-json\/wp\/v2\/users\/1"}],"replies":[{"embeddable":true,"href":"https:\/\/logytel.es\/index.php\/wp-json\/wp\/v2\/comments?post=444"}],"version-history":[{"count":12,"href":"https:\/\/logytel.es\/index.php\/wp-json\/wp\/v2\/pages\/444\/revisions"}],"predecessor-version":[{"id":1183,"href":"https:\/\/logytel.es\/index.php\/wp-json\/wp\/v2\/pages\/444\/revisions\/1183"}],"wp:attachment":[{"href":"https:\/\/logytel.es\/index.php\/wp-json\/wp\/v2\/media?parent=444"}],"curies":[{"name":"wp","href":"https:\/\/api.w.org\/{rel}","templated":true}]}}