{"id":456,"date":"2024-03-11T12:40:16","date_gmt":"2024-03-11T11:40:16","guid":{"rendered":"http:\/\/logytel.es\/?page_id=456"},"modified":"2025-04-22T15:47:33","modified_gmt":"2025-04-22T13:47:33","slug":"equipo-intermedio-de-conexion","status":"publish","type":"page","link":"https:\/\/logytel.es\/index.php\/equipo-intermedio-de-conexion\/","title":{"rendered":"Equipo Intermedio de Conexi\u00f3n"},"content":{"rendered":"<h3>DESCRIPCI\u00d3N<\/h3>\n<p>LogyTel provee el Equipo ASFADV_EIC_ET1 como parte del equipo ASFADV_UCDIG que conforma, junto a las balizas, el sistema ASFA digital v\u00eda y que en conjunto con el equipo instalado a bordo del tren constituyen el llamado Sistema ASFAD (Anuncio de Se\u00f1ales y Frenado Autom\u00e1tico Digital)<\/p>\n<p><img loading=\"lazy\" decoding=\"async\" class=\"aligncenter wp-image-1185 size-full\" title=\"EIC\" src=\"https:\/\/logytel.es\/wp-content\/uploads\/2024\/03\/EIC.jpg\" alt=\"EIC\" width=\"298\" height=\"298\" srcset=\"https:\/\/logytel.es\/wp-content\/uploads\/2024\/03\/EIC.jpg 298w, https:\/\/logytel.es\/wp-content\/uploads\/2024\/03\/EIC-150x150.jpg 150w\" sizes=\"auto, (max-width: 298px) 100vw, 298px\" \/><\/p>\n<p>&nbsp;<\/p>\n<p>El equipo ASFADV_EIC_ET1 (Equipo Intermedio de Conexi\u00f3n), tiene como funci\u00f3n principal la de servir de interfaz entre la Unidad de Conexi\u00f3n Principal (UCP), equipo encargado de sensar la se\u00f1al lateral, y la baliza que tiene conectada; de tal forma que el equipo conmuta a su baliza a la frecuencia correspondiente al comando de activaci\u00f3n procedente desde la UCP, que a su vez hace referencia al aspecto presente y le\u00eddo de la se\u00f1al lateral.<\/p>\n<h3>CARACTER\u00cdSTICAS PRINCIPALES<\/h3>\n<ul>\n<li>Dise\u00f1o modularizado: M\u00f3dulos de Control, Comunicaciones, Interfaz Hombre-M\u00e1quina y Alimentaci\u00f3n.<\/li>\n<li>Uso de tecnolog\u00eda FPGA.<\/li>\n<li>Certificaci\u00f3n <a href=\"https:\/\/es.wikipedia.org\/wiki\/Safety_Integrity_Level\" target=\"_blank\" rel=\"noopener\">SIL4<\/a>.<\/li>\n<li>Dualidad de Fuentes de Alimentaci\u00f3n.<\/li>\n<li>Compatible con las instalaciones anal\u00f3gicas y digitales.<\/li>\n<li>F\u00e1cil configuraci\u00f3n de los equipos a base de switches y leds.<\/li>\n<li>Compatible con balizas anal\u00f3gicas.<\/li>\n<li>Compatible con balizas digitales que cumplan con la ET033650037.<\/li>\n<li>Supervisi\u00f3n continua de balizas digitales.<\/li>\n<li>Disponible modo Mantenimiento.<\/li>\n<li>Comunicaci\u00f3n entre equipos mediante 4 hilos lo que permite que se pueda reutilizar el cableado actual de la instalaci\u00f3n.<\/li>\n<li>Conforme a <strong>ET 03.365.003.7 2\u00aa Edici\u00f3n \u2013 Junio 2017.<\/strong><\/li>\n<li>Marcado CE.<\/li>\n<li>Producto acreditado por ADIF.<\/li>\n<\/ul>\n<h3>NORMATIVA<\/h3>\n<ul>\n<li><strong>EN 50102\/A1 + CORRE:2002<\/strong> Grados de protecci\u00f3n proporcionados por las envolventes de materiales el\u00e9ctricos contra los impactos mec\u00e1nicos externos (c\u00f3digo IK)<\/li>\n<li><strong>UNE 20324:1993(CEI 60529:2001)<\/strong> Grados de protecci\u00f3n proporcionados por las envolventes (C\u00f3digo IP)<\/li>\n<li><strong>UNE-EN 60068-2-11:2000<\/strong> Ensayos ambientales. Parte 2: Ensayos. Ensayo Ka: Niebla salina.<\/li>\n<li><strong>UNE-EN 60068-2-1:2007<\/strong> Ensayos ambientales. Parte 2-1: Ensayos. Ensayo A: Fr\u00edo. (<strong>IEC 60068-2-1:2007<\/strong>)<\/li>\n<li><strong>UNE-EN 60068-2-2:2008<\/strong> Ensayos ambientales. Parte 2-2: Ensayos. Ensayo B: Calor seco. (<strong>IEC 60068-2-2:2007<\/strong>)<\/li>\n<li><strong>UNE-EN 61000-4-3\/A1:2007<\/strong> Compatibilidad electromagn\u00e9tica (CEM). Parte 4-3: T\u00e9cnicas de ensayo y de medida. Ensayos de inmunidad a los campos electromagn\u00e9ticos, radiados y de radiofrecuencia.<\/li>\n<li><strong>UNE-EN 61000-4-4:2013<\/strong> Compatibilidad electromagn\u00e9tica (CEM). Parte 4-4: T\u00e9cnicas de ensayo y de medida. Ensayos de inmunidad a los transitorios el\u00e9ctricos r\u00e1pidos en r\u00e1fagas.<\/li>\n<li><strong>UNE-EN 61000-4-5:2007 + CORR: 2010<\/strong> Compatibilidad electromagn\u00e9tica (CEM). Parte 4:-5: T\u00e9cnicas de ensayo y de medida. Ensayos de inmunidad a las ondas de choque.<\/li>\n<li><strong>UNE-EN 61000-4-8:2011<\/strong> Compatibilidad electromagn\u00e9tica (CEM). Parte 4-8: T\u00e9cnicas de ensayo y de medida. Ensayos de inmunidad a los campos magn\u00e9ticos a frecuencia industrial.<\/li>\n<li><strong>UNE-EN 61000-4-2:2010<\/strong> Compatibilidad electromagn\u00e9tica (CEM). Parte 4-2: T\u00e9cnicas de ensayo y de medida. Ensayo de inmunidad a las descargas electrost\u00e1ticas.<\/li>\n<li><strong>UNE-EN 61000-4-9\/A1:2001<\/strong> Compatibilidad electromagn\u00e9tica (CEM). Parte 4: T\u00e9cnicas de ensayo y de medida. Secci\u00f3n 9: Ensayo de inmunidad a los campos magn\u00e9ticos impulsionales. Norma b\u00e1sica de CEM.<\/li>\n<li><strong>UNE-EN 61000-6-4:2007\/A1:2011<\/strong> Compatibilidad Electromagn\u00e9tica (CEM). Parte 6-4: Normas gen\u00e9ricas. Norma de emisi\u00f3n en entornos industriales.<\/li>\n<li><strong>UNE-EN 55022:2011<\/strong> Equipos de tecnolog\u00eda de la informaci\u00f3n. Caracter\u00edsticas de las perturbaciones radioel\u00e9ctricas. L\u00edmites y m\u00e9todos de medida.<\/li>\n<li><strong>UNE-EN 50125-3:2004 + CORRE:2010<\/strong> Aplicaciones ferroviarias. Condiciones ambientales para el equipo. Parte 3: Equipos para telecomunicaciones y se\u00f1alizaci\u00f3n.<\/li>\n<li><strong>UNE-EN 50121-4:2007<\/strong> Aplicaciones ferroviarias. Compatibilidad electromagn\u00e9tica. Parte 4: Emisi\u00f3n e inmunidad de los aparatos de se\u00f1alizaci\u00f3n y de telecomunicaci\u00f3n.<\/li>\n<li><strong>UNE-EN 50124-1:2001<\/strong> Aplicaciones ferroviarias. Coordinaci\u00f3n de aislamiento. Parte 1: Requisitos fundamentales. Distancias en el aire y l\u00edneas de fuga para cualquier equipo el\u00e9ctrico y electr\u00f3nico.<\/li>\n<li><strong>UNE-EN 50126-1: 2005 <\/strong>Aplicaciones ferroviarias. Especificaci\u00f3n y demostraci\u00f3n de la fiabilidad, la disponibilidad, la mantenibilidad y la seguridad (RAMS)<\/li>\n<li><strong><em>UNE-EN 50128<\/em><\/strong><strong>:2012<\/strong> Aplicaciones ferroviarias. Sistemas de comunicaci\u00f3n, se\u00f1alizaci\u00f3n y procesamiento. Software para sistemas de control y protecci\u00f3n de ferrocarril<strong>.<\/strong><\/li>\n<li><strong><em>UNE-EN 50129: 2005<\/em><\/strong> Aplicaciones ferroviarias. Sistemas de comunicaci\u00f3n, se\u00f1alizaci\u00f3n y procesamiento. Sistemas electr\u00f3nicos relacionados con la seguridad para la se\u00f1alizaci\u00f3n.<\/li>\n<li><strong>Directiva D.C. 2011\/65\/EU<\/strong> \u201cRestricci\u00f3n de uso de sustancias peligrosas en aparatos el\u00e9ctricos y electrodom\u00e9sticos (RoHS)\u201d<\/li>\n<\/ul>\n<h3>CARACTER\u00cdSTICAS EL\u00c9CTRICAS<\/h3>\n<table style=\"height: 87px;\" width=\"438\">\n<thead>\n<tr>\n<td width=\"170\"><strong>Tensi\u00f3n de entrada<\/strong><\/td>\n<td width=\"123\">230Vca (entre 85 y 264)<\/td>\n<\/tr>\n<tr>\n<td width=\"170\"><strong>Consumo<\/strong><\/td>\n<td width=\"123\">&lt;10w<\/td>\n<\/tr>\n<\/thead>\n<\/table>\n<h3>CARACTER\u00cdSTAS MEC\u00c1NICAS<\/h3>\n<table style=\"height: 107px;\" width=\"754\">\n<thead>\n<tr>\n<td width=\"170\"><strong>Dimensiones<\/strong><\/td>\n<td width=\"123\">470 x 445 x 185 mm<\/td>\n<\/tr>\n<tr>\n<td width=\"170\"><strong>Peso<\/strong><\/td>\n<td width=\"123\">17 Kg<\/td>\n<\/tr>\n<tr>\n<td width=\"170\"><strong>Grado de protecci\u00f3n<\/strong><\/td>\n<td width=\"123\">IP 55, IK 08<\/td>\n<\/tr>\n<tr>\n<td width=\"170\"><strong>MTBF <\/strong>(en entorno GM, a 40\u00baC y con norma MIL-HDBK-217)<\/td>\n<td width=\"123\">46.343,00 h<\/td>\n<\/tr>\n<\/thead>\n<\/table>\n","protected":false},"excerpt":{"rendered":"<p>DESCRIPCI\u00d3N LogyTel provee el Equipo ASFADV_EIC_ET1 como parte del equipo ASFADV_UCDIG que conforma, junto a las balizas, el sistema ASFA<\/p>\n","protected":false},"author":1,"featured_media":0,"parent":0,"menu_order":0,"comment_status":"closed","ping_status":"closed","template":"","meta":{"colormag_page_container_layout":"default_layout","colormag_page_sidebar_layout":"default_layout","footnotes":""},"class_list":["post-456","page","type-page","status-publish","hentry"],"_links":{"self":[{"href":"https:\/\/logytel.es\/index.php\/wp-json\/wp\/v2\/pages\/456","targetHints":{"allow":["GET"]}}],"collection":[{"href":"https:\/\/logytel.es\/index.php\/wp-json\/wp\/v2\/pages"}],"about":[{"href":"https:\/\/logytel.es\/index.php\/wp-json\/wp\/v2\/types\/page"}],"author":[{"embeddable":true,"href":"https:\/\/logytel.es\/index.php\/wp-json\/wp\/v2\/users\/1"}],"replies":[{"embeddable":true,"href":"https:\/\/logytel.es\/index.php\/wp-json\/wp\/v2\/comments?post=456"}],"version-history":[{"count":4,"href":"https:\/\/logytel.es\/index.php\/wp-json\/wp\/v2\/pages\/456\/revisions"}],"predecessor-version":[{"id":2113,"href":"https:\/\/logytel.es\/index.php\/wp-json\/wp\/v2\/pages\/456\/revisions\/2113"}],"wp:attachment":[{"href":"https:\/\/logytel.es\/index.php\/wp-json\/wp\/v2\/media?parent=456"}],"curies":[{"name":"wp","href":"https:\/\/api.w.org\/{rel}","templated":true}]}}