{"id":54,"date":"2024-03-07T10:25:46","date_gmt":"2024-03-07T09:25:46","guid":{"rendered":"http:\/\/localhost\/?page_id=54"},"modified":"2025-05-15T09:34:13","modified_gmt":"2025-05-15T07:34:13","slug":"empleo","status":"publish","type":"page","link":"https:\/\/logytel.es\/index.php\/empleo\/","title":{"rendered":"Empleo"},"content":{"rendered":"<h4><strong>Perfiles valorables<\/strong><\/h4>\n<p>Si est\u00e1 interesado\/a en trabajar en LogyTel y cumple uno de los siguientes perfiles, no dude en remitirnos sus datos de contacto desde el formulario situado despu\u00e9s de los perfiles. Contactaremos con usted para solicitar m\u00e1s informaci\u00f3n y CV cuando las necesidades de la empresa as\u00ed lo exijan.<\/p>\n<p><strong>Perfil t\u00e9cnico:<\/strong><\/p>\n<p>Se requiere experiencia en el uso de herramientas de Mentor Graphics y Xilinx para el desarrollo de VHDL y Matlab.<\/p>\n<p><strong>Perfil contable:<\/strong><\/p>\n<p>Titulados en Econ\u00f3micas, ADE, Empresariales o similar en escuela de negocio. M\u00ednimo 1 a\u00f1o de experiencia en contabilidad, asesoramiento tributario y administraci\u00f3n de empresas.<\/p>\n<p>Se valorar\u00e1 positivamente haber completado la formaci\u00f3n con cursos de consolidaci\u00f3n contable, an\u00e1lisis financiero,\u00a0 impuesto de sociedades, bonificaciones por I+D, etc. Tambi\u00e9n se tendr\u00e1 en consideraci\u00f3n disponer de conocimientos de ingl\u00e9s y residencia en Alcal\u00e1 de Henares.<\/p>\n<p><strong>Perfil\u00a0t\u00e9cnico RAMS, calidad medio ambiente y PRL:<\/strong><\/p>\n<p>Titulaci\u00f3n en Grado superior Prevenci\u00f3n de riesgos laborales.<\/p>\n<p>Conocimientos de ISO 9001, ISO 14001 e ISO 45001.<\/p>\n<p>Incorporaci\u00f3n inmediata.<\/p>\n<p><strong>Perfil\u00a0 t\u00e9cnico de Instalaciones y Postventa:<\/strong><\/p>\n<p>Titulaci\u00f3n en Ingenier\u00eda T\u00e9cnica de Telecomunicaciones o Electr\u00f3nica Industrial.<\/p>\n<p>Disponibilidad completa para realizar desplazamientos. Preferiblemente sin experiencia, formaci\u00f3n a cargo de la empresa en caso necesario.<\/p>\n<hr \/>\n<div class=\"forminator-ui forminator-custom-form forminator-custom-form-858 forminator-design--default  forminator_ajax\" data-forminator-render=\"0\" data-form=\"forminator-module-858\" data-uid=\"69e8d42708d3d\"><br\/><\/div><form\n\t\t\t\tid=\"forminator-module-858\"\n\t\t\t\tclass=\"forminator-ui forminator-custom-form forminator-custom-form-858 forminator-design--default  forminator_ajax\"\n\t\t\t\tmethod=\"post\"\n\t\t\t\tdata-forminator-render=\"0\"\n\t\t\t\tdata-form-id=\"858\"\n\t\t\t\t data-color-option=\"default\" data-design=\"default\" data-grid=\"open\" style=\"display: none;\"\n\t\t\t\tdata-uid=\"69e8d42708d3d\"\n\t\t\t><div role=\"alert\" aria-live=\"polite\" class=\"forminator-response-message forminator-error\" aria-hidden=\"true\"><\/div><div class=\"forminator-row\"><div id=\"name-1\" class=\"forminator-field-name forminator-col forminator-col-12 \"><div class=\"forminator-field\"><label for=\"forminator-field-name-1_69e8d42708d3d\" id=\"forminator-field-name-1_69e8d42708d3d-label\" class=\"forminator-label\">Nombre: <span class=\"forminator-required\">*<\/span><\/label><input type=\"text\" name=\"name-1\" value=\"\" placeholder=\"\" id=\"forminator-field-name-1_69e8d42708d3d\" class=\"forminator-input forminator-name--field\" aria-required=\"true\" autocomplete=\"name\" \/><\/div><\/div><\/div><div class=\"forminator-row\"><div id=\"email-1\" class=\"forminator-field-email forminator-col forminator-col-12 \"><div class=\"forminator-field\"><label for=\"forminator-field-email-1_69e8d42708d3d\" id=\"forminator-field-email-1_69e8d42708d3d-label\" class=\"forminator-label\">Correo electr\u00f3nico: <span class=\"forminator-required\">*<\/span><\/label><input type=\"email\" name=\"email-1\" value=\"\" placeholder=\"\" id=\"forminator-field-email-1_69e8d42708d3d\" class=\"forminator-input forminator-email--field\" data-required=\"true\" aria-required=\"true\" autocomplete=\"email\" \/><\/div><\/div><\/div><div class=\"forminator-row\"><div id=\"textarea-1\" class=\"forminator-field-textarea forminator-col forminator-col-12 \"><div class=\"forminator-field\"><label for=\"forminator-field-textarea-1_69e8d42708d3d\" id=\"forminator-field-textarea-1_69e8d42708d3d-label\" class=\"forminator-label\">Breve descripci\u00f3n \u00faltimos estudios \/ empleos desempe\u00f1ados:<\/label><textarea name=\"textarea-1\" placeholder=\"\" id=\"forminator-field-textarea-1_69e8d42708d3d\" class=\"forminator-textarea\" rows=\"6\" style=\"--forminator-textarea-min-height:140px;\" maxlength=\"180\" ><\/textarea><span id=\"forminator-field-textarea-1_69e8d42708d3d-description\" class=\"forminator-description\"><span data-limit=\"180\" data-type=\"characters\" data-editor=\"\">0 \/ 180<\/span><\/span><\/div><\/div><\/div><div class=\"forminator-row\"><div id=\"consent-1\" class=\"forminator-field-consent forminator-col forminator-col-12 \"><div class=\"forminator-field\"><label for=\"forminator-field-consent-1_69e8d42708d3d\" id=\"forminator-field-consent-1_69e8d42708d3d-label\" class=\"forminator-label\">Acepto <span class=\"forminator-required\">*<\/span><\/label><div class=\"forminator-checkbox__wrapper\"><label id=\"forminator-field-consent-1_69e8d42708d3d__label\" class=\"forminator-checkbox forminator-consent\"><input type=\"checkbox\" name=\"consent-1\" id=\"forminator-field-consent-1_69e8d42708d3d\" value=\"checked\" aria-labelledby=\"forminator-field-consent-1_69e8d42708d3d-label\" aria-describedby=\"forminator-field-consent-1_69e8d42708d3d__description\" data-required=\"true\" aria-required=\"true\" \/><span class=\"forminator-checkbox-box\" aria-hidden=\"true\"><\/span><\/label><div id=\"forminator-field-consent-1_69e8d42708d3d__description\" class=\"forminator-checkbox__label forminator-consent__label\"><p>Es de obligatorio cumplimiento la Revisi\u00f3n y Aceptaci\u00f3n de estas condiciones y pol\u00edticas para proceder al env\u00edo de los datos aportados en este formulario, estos datos se eliminar\u00e1n una vez procesados. La NO aceptaci\u00f3n de las condiciones, discriminar\u00e1 autom\u00e1ticamente el contenido del mismo. En el enlace proporcionado en la parte inferior del sitio, se detallan estas condiciones y Aviso Legal.<\/p><\/div><\/div><\/div><\/div><\/div><input type=\"hidden\" name=\"referer_url\" value=\"\" \/><div class=\"forminator-row forminator-row-last\"><div class=\"forminator-col\"><div class=\"forminator-field\"><button class=\"forminator-button forminator-button-submit\">Enviar mensaje<\/button><\/div><\/div><\/div><input type=\"hidden\" id=\"forminator_nonce\" name=\"forminator_nonce\" value=\"9ad91463a6\" \/><input type=\"hidden\" name=\"_wp_http_referer\" value=\"\/index.php\/wp-json\/wp\/v2\/pages\/54\" \/><input type=\"hidden\" name=\"form_id\" value=\"858\"><input type=\"hidden\" name=\"page_id\" value=\"54\"><input type=\"hidden\" name=\"form_type\" value=\"default\"><input type=\"hidden\" name=\"current_url\" value=\"https:\/\/logytel.es\/index.php\/empleo\/\"><input type=\"hidden\" name=\"render_id\" value=\"0\"><input type=\"hidden\" name=\"action\" value=\"forminator_submit_form_custom-forms\"><\/form>\n<p>&nbsp;<\/p>\n<p>NOTA: <a href=\"https:\/\/logytel.es\/wp-content\/uploads\/2018\/06\/AVISO-LEGAL-POLITICA-PRIVACIDAD-Y-COOKIES.pdf\" target=\"_blank\" rel=\"noopener\">Ley de cookies, Aviso Legal y Pol\u00edtica de Privacidad de datos<\/a>.<\/p>\n","protected":false},"excerpt":{"rendered":"<p>Perfiles valorables Si est\u00e1 interesado\/a en trabajar en LogyTel y cumple uno de los siguientes perfiles, no dude en remitirnos<\/p>\n","protected":false},"author":1,"featured_media":0,"parent":0,"menu_order":0,"comment_status":"closed","ping_status":"closed","template":"","meta":{"colormag_page_container_layout":"default_layout","colormag_page_sidebar_layout":"default_layout","footnotes":""},"class_list":["post-54","page","type-page","status-publish","hentry"],"_links":{"self":[{"href":"https:\/\/logytel.es\/index.php\/wp-json\/wp\/v2\/pages\/54","targetHints":{"allow":["GET"]}}],"collection":[{"href":"https:\/\/logytel.es\/index.php\/wp-json\/wp\/v2\/pages"}],"about":[{"href":"https:\/\/logytel.es\/index.php\/wp-json\/wp\/v2\/types\/page"}],"author":[{"embeddable":true,"href":"https:\/\/logytel.es\/index.php\/wp-json\/wp\/v2\/users\/1"}],"replies":[{"embeddable":true,"href":"https:\/\/logytel.es\/index.php\/wp-json\/wp\/v2\/comments?post=54"}],"version-history":[{"count":15,"href":"https:\/\/logytel.es\/index.php\/wp-json\/wp\/v2\/pages\/54\/revisions"}],"predecessor-version":[{"id":2167,"href":"https:\/\/logytel.es\/index.php\/wp-json\/wp\/v2\/pages\/54\/revisions\/2167"}],"wp:attachment":[{"href":"https:\/\/logytel.es\/index.php\/wp-json\/wp\/v2\/media?parent=54"}],"curies":[{"name":"wp","href":"https:\/\/api.w.org\/{rel}","templated":true}]}}