{"id":57,"date":"2024-03-07T10:25:47","date_gmt":"2024-03-07T09:25:47","guid":{"rendered":"http:\/\/localhost\/?page_id=57"},"modified":"2024-03-14T15:34:27","modified_gmt":"2024-03-14T14:34:27","slug":"historia","status":"publish","type":"page","link":"https:\/\/logytel.es\/index.php\/historia\/","title":{"rendered":"Historia"},"content":{"rendered":"<p>Aceptar el reto de la innovaci\u00f3n y gestionar el talento, represent\u00f3 el desaf\u00edo que motiv\u00f3 la creaci\u00f3n de LogyTel. Desde el principio nos comprometimos en la realizaci\u00f3n de proyectos de I+D+i, que dieran soluci\u00f3n y ayudaran en la ingente tarea a que se enfrentaban los responsables de los transportes ferroviarios para gestionar unas infraestructuras cada vez m\u00e1s exigentes en seguridad y a un menor coste. La soluci\u00f3n a este reto se encontr\u00f3 haciendo participe de los desarrollos al Departamento de Electr\u00f3nica de la Escuela Polit\u00e9cnica Superior de la Universidad de Alcal\u00e1. Ello supuso el acceso a tecnolog\u00edas punta en base y aplicadas, la disponibilidad de un equipo docente para pilotar proyectos, y la exigencia por nuestra parte de disponer del capital humano capacitado y asumir por el empresario el alto coste y riesgo econ\u00f3mico que la atractiva iniciativa implicaba.<\/p>\n<p>En LogyTel, llevamos desde 1991 inmersos en la industria ferroviaria, haciendo posible la producci\u00f3n eficiente tanto de sistemas de desarrollo como de infraestructuras. Nos enorgullece enormemente ayudar al sector ferroviario a ser m\u00e1s eficiente y productivo. LogyTel es una compa\u00f1\u00eda l\u00edder en soluciones avanzadas para el sector tecnol\u00f3gico del transporte ferroviario. Su objetivo principal es el de aportar soluciones a los problemas para mejorar la prosperidad y la calidad de vida de las personas. Anualmente LogyTel invierte m\u00e1s del 17 % de sus ventas en innovaci\u00f3n. Esto supone el eje de nuestra estrategia lo que nos permite adaptarnos r\u00e1pidamente a las necesidades de nuestros clientes.Actualmente la poblaci\u00f3n del mundo y la actividad comercial est\u00e1n en constante crecimiento. Por tanto existe una necesidad de expansi\u00f3n de los transportes y sus infraestructuras. Para dar soluci\u00f3n a esa necesidad surge LogyTel contribuyendo a la creaci\u00f3n de parte de la infraestructura ferroviaria espa\u00f1ola.LogyTel contribuye a preservar el medio ambiente garantizando el equilibrio sostenible y la prosperidad para las futuras generaciones.Contamos con un equipo humano altamente cualificado principalmente en el \u00e1rea de I+D. Profesionales comprometidos con las \u00faltimas tecnolog\u00edas aportando soluciones al sector ferroviario. LogyTel tiene la plantilla adecuada, que al disponer de las herramientas de desarrollo de \u00faltima generaci\u00f3n y los recursos t\u00e9cnicos adecuados, permite aplicar su talento en lograr soluciones para resolver con el m\u00ednimo costo posible los problemas de la explotaci\u00f3n de forma eficiente.<\/p>\n<p>Con m\u00e1s de 25 a\u00f1os de experiencia en el sector, LogyTel ha instalado y suministrado sus sistemas en proyectos ferroviarios de grandes envergaduras. Disponemos de un conjunto de soluciones globales que implican una innovadora y eficiente forma de abordar la gesti\u00f3n de las infraestructuras ferroviarias.<\/p>\n<p>Creciendo como empresa, hemos llegado a constituirnos como empresa l\u00edder de nuestro sector con una s\u00f3lida base de Clientes que incorporan nuestros productos, aplic\u00e1ndolos a las soluciones m\u00e1s innovadoras que los proyectos exigen.<\/p>\n<p>Nuestras soluciones est\u00e1n instaladas en diversos pa\u00edses como Arabia Saudita, Brasil, Ecuador, Egipto, Francia, Italia, M\u00e9xico, Per\u00fa, Portugal, Suiza y Turqu\u00eda.<\/p>\n<p>Nuestra sede reside en Alcal\u00e1 de Henares (Madrid), Espa\u00f1a. Las relaciones con la Universidad de Alcal\u00e1 de Henares que dieron lugar a las iniciales firmas de acuerdos, siguen vigentes hoy en d\u00eda para fomentar la I+D+i relacionada con la electr\u00f3nica profesional siendo capaces de afrontar cualquier tipo de reto profesional.<\/p>\n","protected":false},"excerpt":{"rendered":"<p>Aceptar el reto de la innovaci\u00f3n y gestionar el talento, represent\u00f3 el desaf\u00edo que motiv\u00f3 la creaci\u00f3n de LogyTel. Desde<\/p>\n","protected":false},"author":1,"featured_media":0,"parent":0,"menu_order":0,"comment_status":"closed","ping_status":"closed","template":"","meta":{"colormag_page_container_layout":"default_layout","colormag_page_sidebar_layout":"default_layout","footnotes":""},"class_list":["post-57","page","type-page","status-publish","hentry"],"_links":{"self":[{"href":"https:\/\/logytel.es\/index.php\/wp-json\/wp\/v2\/pages\/57","targetHints":{"allow":["GET"]}}],"collection":[{"href":"https:\/\/logytel.es\/index.php\/wp-json\/wp\/v2\/pages"}],"about":[{"href":"https:\/\/logytel.es\/index.php\/wp-json\/wp\/v2\/types\/page"}],"author":[{"embeddable":true,"href":"https:\/\/logytel.es\/index.php\/wp-json\/wp\/v2\/users\/1"}],"replies":[{"embeddable":true,"href":"https:\/\/logytel.es\/index.php\/wp-json\/wp\/v2\/comments?post=57"}],"version-history":[{"count":6,"href":"https:\/\/logytel.es\/index.php\/wp-json\/wp\/v2\/pages\/57\/revisions"}],"predecessor-version":[{"id":778,"href":"https:\/\/logytel.es\/index.php\/wp-json\/wp\/v2\/pages\/57\/revisions\/778"}],"wp:attachment":[{"href":"https:\/\/logytel.es\/index.php\/wp-json\/wp\/v2\/media?parent=57"}],"curies":[{"name":"wp","href":"https:\/\/api.w.org\/{rel}","templated":true}]}}