{"id":59,"date":"2024-03-07T10:25:47","date_gmt":"2024-03-07T09:25:47","guid":{"rendered":"http:\/\/localhost\/?page_id=59"},"modified":"2025-05-28T13:51:10","modified_gmt":"2025-05-28T11:51:10","slug":"sostenibilidad","status":"publish","type":"page","link":"https:\/\/logytel.es\/index.php\/sostenibilidad\/","title":{"rendered":"Sostenibilidad"},"content":{"rendered":"<div class=\"entry-content\">\n<p><strong>LogyTel S.L.<\/strong>, tiene como objetivo prioritario el ser respetuosos con el medio ambiente, con el fin de reducir el impacto ambiental de sus actividades y lograr un \u00f3ptimo aprovechamiento de los recursos para asegurar los compromisos ambientales en sus proyectos, Logytel tiene implantado un Sistema de Gesti\u00f3n Ambiental con certificaci\u00f3n acreditada, de acuerdo con la Norma UNE-EN-ISO 14001:2015, estando en posesi\u00f3n del siguiente certificado de <a href=\"https:\/\/logytel.es\/doc\/2024-CERTIFICADO-RENOVACION-14001.pdf\" target=\"_blank\" rel=\"noopener\">Registro de empresa: <strong>EC-M.1287.0307<\/strong><\/a> desde el 14 de marzo de 2007.<\/p>\n<p>En el siguiente documento se recoge la <a href=\"https:\/\/logytel.es\/doc\/988500001_Anexo6_02_L_POLITICA-INTEGRADA.pdf\" target=\"_blank\" rel=\"noopener\">Pol\u00edtica Integrada (Calidad, Medio Ambiente, Seguridad y Salud e I+D+i).<\/a><\/p>\n<\/div>\n","protected":false},"excerpt":{"rendered":"<p>LogyTel S.L., tiene como objetivo prioritario el ser respetuosos con el medio ambiente, con el fin de reducir el impacto<\/p>\n","protected":false},"author":1,"featured_media":0,"parent":0,"menu_order":0,"comment_status":"closed","ping_status":"closed","template":"","meta":{"colormag_page_container_layout":"default_layout","colormag_page_sidebar_layout":"default_layout","footnotes":""},"class_list":["post-59","page","type-page","status-publish","hentry"],"_links":{"self":[{"href":"https:\/\/logytel.es\/index.php\/wp-json\/wp\/v2\/pages\/59","targetHints":{"allow":["GET"]}}],"collection":[{"href":"https:\/\/logytel.es\/index.php\/wp-json\/wp\/v2\/pages"}],"about":[{"href":"https:\/\/logytel.es\/index.php\/wp-json\/wp\/v2\/types\/page"}],"author":[{"embeddable":true,"href":"https:\/\/logytel.es\/index.php\/wp-json\/wp\/v2\/users\/1"}],"replies":[{"embeddable":true,"href":"https:\/\/logytel.es\/index.php\/wp-json\/wp\/v2\/comments?post=59"}],"version-history":[{"count":7,"href":"https:\/\/logytel.es\/index.php\/wp-json\/wp\/v2\/pages\/59\/revisions"}],"predecessor-version":[{"id":2178,"href":"https:\/\/logytel.es\/index.php\/wp-json\/wp\/v2\/pages\/59\/revisions\/2178"}],"wp:attachment":[{"href":"https:\/\/logytel.es\/index.php\/wp-json\/wp\/v2\/media?parent=59"}],"curies":[{"name":"wp","href":"https:\/\/api.w.org\/{rel}","templated":true}]}}