{"id":61,"date":"2024-03-07T10:25:48","date_gmt":"2024-03-07T09:25:48","guid":{"rendered":"http:\/\/localhost\/?page_id=61"},"modified":"2025-01-23T15:34:38","modified_gmt":"2025-01-23T14:34:38","slug":"encuesta-satisfaccion","status":"publish","type":"page","link":"https:\/\/logytel.es\/index.php\/encuesta-satisfaccion\/","title":{"rendered":"Encuesta Satisfacci\u00f3n"},"content":{"rendered":"<h3>Encuesta para valoraci\u00f3n de la satisfacci\u00f3n de nuestros clientes<\/h3>\n<p><span class=\"gform_description\">Rellene el siguiente formulario si desea participar y dejar su valoraci\u00f3n sobre LogyTel como cliente. * Los campos marcados con asterisco son obligatorios.<\/span><\/p>\n<div class=\"forminator-ui forminator-custom-form forminator-custom-form-828 forminator-design--default  forminator_ajax\" data-forminator-render=\"0\" data-form=\"forminator-module-828\" data-uid=\"69d0f32d5c370\"><br\/><\/div><form\n\t\t\t\tid=\"forminator-module-828\"\n\t\t\t\tclass=\"forminator-ui forminator-custom-form forminator-custom-form-828 forminator-design--default  forminator_ajax\"\n\t\t\t\tmethod=\"post\"\n\t\t\t\tdata-forminator-render=\"0\"\n\t\t\t\tdata-form-id=\"828\"\n\t\t\t\t data-color-option=\"default\" data-design=\"default\" data-grid=\"open\" style=\"display: none;\"\n\t\t\t\tdata-uid=\"69d0f32d5c370\"\n\t\t\t><div role=\"alert\" aria-live=\"polite\" class=\"forminator-response-message forminator-error\" aria-hidden=\"true\"><\/div><div class=\"forminator-row\"><div id=\"name-2\" class=\"forminator-field-name forminator-col forminator-col-12 \"><div class=\"forminator-field\"><label for=\"forminator-field-name-2_69d0f32d5c370\" id=\"forminator-field-name-2_69d0f32d5c370-label\" class=\"forminator-label\">Empresa <span class=\"forminator-required\">*<\/span><\/label><input type=\"text\" name=\"name-2\" value=\"\" placeholder=\"\" id=\"forminator-field-name-2_69d0f32d5c370\" class=\"forminator-input forminator-name--field\" aria-required=\"true\" autocomplete=\"name\" \/><\/div><\/div><\/div><div class=\"forminator-row\"><div id=\"name-1\" class=\"forminator-field-name forminator-col forminator-col-12 \"><div class=\"forminator-field\"><label for=\"forminator-field-name-1_69d0f32d5c370\" id=\"forminator-field-name-1_69d0f32d5c370-label\" class=\"forminator-label\">Nombre <span class=\"forminator-required\">*<\/span><\/label><input type=\"text\" name=\"name-1\" value=\"\" placeholder=\"\" id=\"forminator-field-name-1_69d0f32d5c370\" class=\"forminator-input forminator-name--field\" aria-required=\"true\" autocomplete=\"name\" \/><\/div><\/div><\/div><div class=\"forminator-row\"><div id=\"select-1\" class=\"forminator-field-select forminator-col forminator-col-12 \"><div class=\"forminator-field\"><label for=\"forminator-form-828__field--select-1_69d0f32d5c370\" id=\"forminator-form-828__field--select-1_69d0f32d5c370-label\" class=\"forminator-label\">Calidad de Productos <span class=\"forminator-required\">*<\/span><\/label><select  id=\"forminator-form-828__field--select-1_69d0f32d5c370\" class=\"forminator-select--field forminator-select2 forminator-select2-multiple\" data-required=\"1\" name=\"select-1\" data-default-value=\"\" data-hidden-behavior=\"zero\" data-placeholder=\"Seleccione una opci\u00f3n\" data-search=\"false\" data-search-placeholder=\"Seleccione una opci\u00f3n\" data-checkbox=\"false\" data-allow-clear=\"false\" aria-labelledby=\"forminator-form-828__field--select-1_69d0f32d5c370-label\" aria-describedby=\"forminator-form-828__field--select-1_69d0f32d5c370-description\"><option value=\"\"  >Seleccione una opci\u00f3n<\/option><option value=\"one\"  data-calculation=\"0\">Excelente<\/option><option value=\"two\"  data-calculation=\"0\">Muy Buena<\/option><option value=\"Buena\"  data-calculation=\"0\">Buena<\/option><option value=\"Aceptable\"  data-calculation=\"0\">Aceptable<\/option><option value=\"Deficiente\"  data-calculation=\"0\">Deficiente<\/option><\/select><span id=\"forminator-form-828__field--select-1_69d0f32d5c370-description\" class=\"forminator-description\">Seleccione una opci\u00f3n<\/span><\/div><\/div><\/div><div class=\"forminator-row\"><div id=\"select-2\" class=\"forminator-field-select forminator-col forminator-col-12 \"><div class=\"forminator-field\"><label for=\"forminator-form-828__field--select-2_69d0f32d5c370\" id=\"forminator-form-828__field--select-2_69d0f32d5c370-label\" class=\"forminator-label\">Cumplimiento de Plazos de Entrega de Material <span class=\"forminator-required\">*<\/span><\/label><select  id=\"forminator-form-828__field--select-2_69d0f32d5c370\" class=\"forminator-select--field forminator-select2 forminator-select2-multiple\" data-required=\"1\" name=\"select-2\" data-default-value=\"\" data-hidden-behavior=\"zero\" data-placeholder=\"Seleccione una opci\u00f3n\" data-search=\"false\" data-search-placeholder=\"Seleccione una opci\u00f3n\" data-checkbox=\"false\" data-allow-clear=\"false\" aria-labelledby=\"forminator-form-828__field--select-2_69d0f32d5c370-label\" aria-describedby=\"forminator-form-828__field--select-2_69d0f32d5c370-description\"><option value=\"\"  >Seleccione una opci\u00f3n<\/option><option value=\"one\"  data-calculation=\"0\">Excelente<\/option><option value=\"two\"  data-calculation=\"0\">Muy Buena<\/option><option value=\"Buena\"  data-calculation=\"0\">Buena<\/option><option value=\"Aceptable\"  data-calculation=\"0\">Aceptable<\/option><option value=\"Deficiente\"  data-calculation=\"0\">Deficiente<\/option><\/select><span id=\"forminator-form-828__field--select-2_69d0f32d5c370-description\" class=\"forminator-description\">Seleccione una opci\u00f3n<\/span><\/div><\/div><\/div><div class=\"forminator-row\"><div id=\"select-3\" class=\"forminator-field-select forminator-col forminator-col-12 \"><div class=\"forminator-field\"><label for=\"forminator-form-828__field--select-3_69d0f32d5c370\" id=\"forminator-form-828__field--select-3_69d0f32d5c370-label\" class=\"forminator-label\">Calidad de Instalaciones <span class=\"forminator-required\">*<\/span><\/label><select  id=\"forminator-form-828__field--select-3_69d0f32d5c370\" class=\"forminator-select--field forminator-select2 forminator-select2-multiple\" data-required=\"1\" name=\"select-3\" data-default-value=\"\" data-hidden-behavior=\"zero\" data-placeholder=\"Seleccione una opci\u00f3n\" data-search=\"false\" data-search-placeholder=\"Seleccione una opci\u00f3n\" data-checkbox=\"false\" data-allow-clear=\"false\" aria-labelledby=\"forminator-form-828__field--select-3_69d0f32d5c370-label\" aria-describedby=\"forminator-form-828__field--select-3_69d0f32d5c370-description\"><option value=\"\"  >Seleccione una opci\u00f3n<\/option><option value=\"one\"  data-calculation=\"0\">Excelente<\/option><option value=\"two\"  data-calculation=\"0\">Muy Buena<\/option><option value=\"Buena\"  data-calculation=\"0\">Buena<\/option><option value=\"Aceptable\"  data-calculation=\"0\">Aceptable<\/option><option value=\"Deficiente\"  data-calculation=\"0\">Deficiente<\/option><\/select><span id=\"forminator-form-828__field--select-3_69d0f32d5c370-description\" class=\"forminator-description\">Seleccione una opci\u00f3n<\/span><\/div><\/div><\/div><div class=\"forminator-row\"><div id=\"select-4\" class=\"forminator-field-select forminator-col forminator-col-12 \"><div class=\"forminator-field\"><label for=\"forminator-form-828__field--select-4_69d0f32d5c370\" id=\"forminator-form-828__field--select-4_69d0f32d5c370-label\" class=\"forminator-label\">Cumplimiento de Plazos de Instalaci\u00f3n <span class=\"forminator-required\">*<\/span><\/label><select  id=\"forminator-form-828__field--select-4_69d0f32d5c370\" class=\"forminator-select--field forminator-select2 forminator-select2-multiple\" data-required=\"1\" name=\"select-4\" data-default-value=\"\" data-hidden-behavior=\"zero\" data-placeholder=\"Seleccione una opci\u00f3n\" data-search=\"false\" data-search-placeholder=\"Seleccione una opci\u00f3n\" data-checkbox=\"false\" data-allow-clear=\"false\" aria-labelledby=\"forminator-form-828__field--select-4_69d0f32d5c370-label\" aria-describedby=\"forminator-form-828__field--select-4_69d0f32d5c370-description\"><option value=\"\"  >Seleccione una opci\u00f3n<\/option><option value=\"one\"  data-calculation=\"0\">Excelente<\/option><option value=\"two\"  data-calculation=\"0\">Muy Buena<\/option><option value=\"Buena\"  data-calculation=\"0\">Buena<\/option><option value=\"Aceptable\"  data-calculation=\"0\">Aceptable<\/option><option value=\"Deficiente\"  data-calculation=\"0\">Deficiente<\/option><\/select><span id=\"forminator-form-828__field--select-4_69d0f32d5c370-description\" class=\"forminator-description\">Seleccione una opci\u00f3n<\/span><\/div><\/div><\/div><div class=\"forminator-row\"><div id=\"select-5\" class=\"forminator-field-select forminator-col forminator-col-12 \"><div class=\"forminator-field\"><label for=\"forminator-form-828__field--select-5_69d0f32d5c370\" id=\"forminator-form-828__field--select-5_69d0f32d5c370-label\" class=\"forminator-label\">Contenido de nuestras ofertas <span class=\"forminator-required\">*<\/span><\/label><select  id=\"forminator-form-828__field--select-5_69d0f32d5c370\" class=\"forminator-select--field forminator-select2 forminator-select2-multiple\" data-required=\"1\" name=\"select-5\" data-default-value=\"\" data-hidden-behavior=\"zero\" data-placeholder=\"Seleccione una opci\u00f3n\" data-search=\"false\" data-search-placeholder=\"Seleccione una opci\u00f3n\" data-checkbox=\"false\" data-allow-clear=\"false\" aria-labelledby=\"forminator-form-828__field--select-5_69d0f32d5c370-label\" aria-describedby=\"forminator-form-828__field--select-5_69d0f32d5c370-description\"><option value=\"\"  >Seleccione una opci\u00f3n<\/option><option value=\"one\"  data-calculation=\"0\">Excelente<\/option><option value=\"two\"  data-calculation=\"0\">Muy Buena<\/option><option value=\"Buena\"  data-calculation=\"0\">Buena<\/option><option value=\"Aceptable\"  data-calculation=\"0\">Aceptable<\/option><option value=\"Deficiente\"  data-calculation=\"0\">Deficiente<\/option><\/select><span id=\"forminator-form-828__field--select-5_69d0f32d5c370-description\" class=\"forminator-description\">Seleccione una opci\u00f3n<\/span><\/div><\/div><\/div><div class=\"forminator-row\"><div id=\"select-6\" class=\"forminator-field-select forminator-col forminator-col-12 \"><div class=\"forminator-field\"><label for=\"forminator-form-828__field--select-6_69d0f32d5c370\" id=\"forminator-form-828__field--select-6_69d0f32d5c370-label\" class=\"forminator-label\">Calidad de la documentaci\u00f3n entregada <span class=\"forminator-required\">*<\/span><\/label><select  id=\"forminator-form-828__field--select-6_69d0f32d5c370\" class=\"forminator-select--field forminator-select2 forminator-select2-multiple\" data-required=\"1\" name=\"select-6\" data-default-value=\"\" data-hidden-behavior=\"zero\" data-placeholder=\"Seleccione una opci\u00f3n\" data-search=\"false\" data-search-placeholder=\"Seleccione una opci\u00f3n\" data-checkbox=\"false\" data-allow-clear=\"false\" aria-labelledby=\"forminator-form-828__field--select-6_69d0f32d5c370-label\" aria-describedby=\"forminator-form-828__field--select-6_69d0f32d5c370-description\"><option value=\"\"  >Seleccione una opci\u00f3n<\/option><option value=\"one\"  data-calculation=\"0\">Excelente<\/option><option value=\"two\"  data-calculation=\"0\">Muy Buena<\/option><option value=\"Buena\"  data-calculation=\"0\">Buena<\/option><option value=\"Aceptable\"  data-calculation=\"0\">Aceptable<\/option><option value=\"Deficiente\"  data-calculation=\"0\">Deficiente<\/option><\/select><span id=\"forminator-form-828__field--select-6_69d0f32d5c370-description\" class=\"forminator-description\">Seleccione una opci\u00f3n<\/span><\/div><\/div><\/div><div class=\"forminator-row\"><div id=\"select-7\" class=\"forminator-field-select forminator-col forminator-col-12 \"><div class=\"forminator-field\"><label for=\"forminator-form-828__field--select-7_69d0f32d5c370\" id=\"forminator-form-828__field--select-7_69d0f32d5c370-label\" class=\"forminator-label\">Satisfacci\u00f3n general <span class=\"forminator-required\">*<\/span><\/label><select  id=\"forminator-form-828__field--select-7_69d0f32d5c370\" class=\"forminator-select--field forminator-select2 forminator-select2-multiple\" data-required=\"1\" name=\"select-7\" data-default-value=\"\" data-hidden-behavior=\"zero\" data-placeholder=\"Seleccione una opci\u00f3n\" data-search=\"false\" data-search-placeholder=\"Seleccione una opci\u00f3n\" data-checkbox=\"false\" data-allow-clear=\"false\" aria-labelledby=\"forminator-form-828__field--select-7_69d0f32d5c370-label\" aria-describedby=\"forminator-form-828__field--select-7_69d0f32d5c370-description\"><option value=\"\"  >Seleccione una opci\u00f3n<\/option><option value=\"one\"  data-calculation=\"0\">Excelente<\/option><option value=\"two\"  data-calculation=\"0\">Muy Buena<\/option><option value=\"Buena\"  data-calculation=\"0\">Buena<\/option><option value=\"Aceptable\"  data-calculation=\"0\">Aceptable<\/option><option value=\"Deficiente\"  data-calculation=\"0\">Deficiente<\/option><\/select><span id=\"forminator-form-828__field--select-7_69d0f32d5c370-description\" class=\"forminator-description\">Seleccione una opci\u00f3n<\/span><\/div><\/div><\/div><div class=\"forminator-row\"><div id=\"section-1\" class=\"forminator-field-section forminator-col forminator-col-12 \"><div class=\"forminator-field\"><h2 class=\"forminator-title\">Otras opiniones<\/h2><\/div><\/div><\/div><div class=\"forminator-row\"><div id=\"textarea-2\" class=\"forminator-field-textarea forminator-col forminator-col-12 \"><div class=\"forminator-field\"><label for=\"forminator-field-textarea-2_69d0f32d5c370\" id=\"forminator-field-textarea-2_69d0f32d5c370-label\" class=\"forminator-label\">Sugerencias para mejorar nuestros productos<\/label><textarea name=\"textarea-2\" placeholder=\"\" id=\"forminator-field-textarea-2_69d0f32d5c370\" class=\"forminator-textarea\" rows=\"6\" style=\"min-height:140px;\" maxlength=\"180\" ><\/textarea><span id=\"forminator-field-textarea-2_69d0f32d5c370-description\" class=\"forminator-description\"><span data-limit=\"180\" data-type=\"characters\" data-editor=\"\">0 \/ 180<\/span><\/span><\/div><\/div><\/div><div class=\"forminator-row\"><div id=\"textarea-3\" class=\"forminator-field-textarea forminator-col forminator-col-12 \"><div class=\"forminator-field\"><label for=\"forminator-field-textarea-3_69d0f32d5c370\" id=\"forminator-field-textarea-3_69d0f32d5c370-label\" class=\"forminator-label\">Necesidades en las que podamos ayudarle<\/label><textarea name=\"textarea-3\" placeholder=\"\" id=\"forminator-field-textarea-3_69d0f32d5c370\" class=\"forminator-textarea\" rows=\"6\" style=\"min-height:140px;\" maxlength=\"180\" ><\/textarea><span id=\"forminator-field-textarea-3_69d0f32d5c370-description\" class=\"forminator-description\"><span data-limit=\"180\" data-type=\"characters\" data-editor=\"\">0 \/ 180<\/span><\/span><\/div><\/div><\/div><div class=\"forminator-row\"><div id=\"textarea-4\" class=\"forminator-field-textarea forminator-col forminator-col-12 \"><div class=\"forminator-field\"><label for=\"forminator-field-textarea-4_69d0f32d5c370\" id=\"forminator-field-textarea-4_69d0f32d5c370-label\" class=\"forminator-label\">Otros comentarios que considere oportunos sobre Logytel<\/label><textarea name=\"textarea-4\" placeholder=\"\" id=\"forminator-field-textarea-4_69d0f32d5c370\" class=\"forminator-textarea\" rows=\"6\" style=\"min-height:140px;\" maxlength=\"180\" ><\/textarea><span id=\"forminator-field-textarea-4_69d0f32d5c370-description\" class=\"forminator-description\"><span data-limit=\"180\" data-type=\"characters\" data-editor=\"\">0 \/ 180<\/span><\/span><\/div><\/div><\/div><input type=\"hidden\" name=\"referer_url\" value=\"\" \/><div class=\"forminator-row forminator-row-last\"><div class=\"forminator-col\"><div class=\"forminator-field\"><button class=\"forminator-button forminator-button-submit\">Enviar mensaje<\/button><\/div><\/div><\/div><input type=\"hidden\" id=\"forminator_nonce\" name=\"forminator_nonce\" value=\"d96d621a56\" \/><input type=\"hidden\" name=\"_wp_http_referer\" value=\"\/index.php\/wp-json\/wp\/v2\/pages\/61\" \/><input type=\"hidden\" name=\"form_id\" value=\"828\"><input type=\"hidden\" name=\"page_id\" value=\"61\"><input type=\"hidden\" name=\"form_type\" value=\"default\"><input type=\"hidden\" name=\"current_url\" value=\"https:\/\/logytel.es\/index.php\/encuesta-satisfaccion\/\"><input type=\"hidden\" name=\"render_id\" value=\"0\"><input type=\"hidden\" name=\"action\" value=\"forminator_submit_form_custom-forms\"><\/form>\n<p>&nbsp;<\/p>\n<p>NOTA: <a href=\"https:\/\/logytel.es\/wp-content\/uploads\/2018\/06\/AVISO-LEGAL-POLITICA-PRIVACIDAD-Y-COOKIES.pdf\" target=\"_blank\" rel=\"noopener\">Ley de cookies, Aviso Legal y Pol\u00edtica de Privacidad de datos<\/a>.<\/p>\n","protected":false},"excerpt":{"rendered":"<p>Encuesta para valoraci\u00f3n de la satisfacci\u00f3n de nuestros clientes Rellene el siguiente formulario si desea participar y dejar su valoraci\u00f3n<\/p>\n","protected":false},"author":1,"featured_media":0,"parent":0,"menu_order":0,"comment_status":"closed","ping_status":"closed","template":"","meta":{"colormag_page_container_layout":"default_layout","colormag_page_sidebar_layout":"default_layout","footnotes":""},"class_list":["post-61","page","type-page","status-publish","hentry"],"_links":{"self":[{"href":"https:\/\/logytel.es\/index.php\/wp-json\/wp\/v2\/pages\/61","targetHints":{"allow":["GET"]}}],"collection":[{"href":"https:\/\/logytel.es\/index.php\/wp-json\/wp\/v2\/pages"}],"about":[{"href":"https:\/\/logytel.es\/index.php\/wp-json\/wp\/v2\/types\/page"}],"author":[{"embeddable":true,"href":"https:\/\/logytel.es\/index.php\/wp-json\/wp\/v2\/users\/1"}],"replies":[{"embeddable":true,"href":"https:\/\/logytel.es\/index.php\/wp-json\/wp\/v2\/comments?post=61"}],"version-history":[{"count":5,"href":"https:\/\/logytel.es\/index.php\/wp-json\/wp\/v2\/pages\/61\/revisions"}],"predecessor-version":[{"id":2075,"href":"https:\/\/logytel.es\/index.php\/wp-json\/wp\/v2\/pages\/61\/revisions\/2075"}],"wp:attachment":[{"href":"https:\/\/logytel.es\/index.php\/wp-json\/wp\/v2\/media?parent=61"}],"curies":[{"name":"wp","href":"https:\/\/api.w.org\/{rel}","templated":true}]}}