{"id":68,"date":"2024-03-07T10:25:49","date_gmt":"2024-03-07T09:25:49","guid":{"rendered":"http:\/\/localhost\/?page_id=68"},"modified":"2025-01-24T08:55:14","modified_gmt":"2025-01-24T07:55:14","slug":"telemando-de-mantenimiento-de-desvios-smd","status":"publish","type":"page","link":"https:\/\/logytel.es\/index.php\/telemando-de-mantenimiento-de-desvios-smd\/","title":{"rendered":"TELEMANDO DE MANTENIMIENTO DE DESV\u00cdOS (SMD)"},"content":{"rendered":"<div class=\"entry-content\">\n<section class=\"log_product_content\">\n<h4>DESCRIPCI\u00d3N<\/h4>\n<p>El Sistema de Telemando de Mantenimiento de Desv\u00edos surge como necesidad de controlar y predecir el momento \u00f3ptimo de mantenimiento de un desv\u00edo de agujas.<\/p>\n<p>Sus funciones, a grandes rasgos, son:<\/p>\n<ul>\n<li>Recibir las informaciones enviadas por los sistemas de detectores situados en campo.<\/li>\n<li>Mostrar de un modo comprensible las informaciones recibidas de campo.<\/li>\n<li>Permitir a los operadores reconocidos la administraci\u00f3n de las gr\u00e1ficas de rendimiento y la creaci\u00f3n de hojas de trabajo.<\/li>\n<\/ul>\n<p><img loading=\"lazy\" decoding=\"async\" class=\"aligncenter wp-image-356 \" title=\"Telemando de Mantenimiento de Desv\u00edos\" src=\"https:\/\/logytel.es\/wp-content\/uploads\/2024\/03\/smd-logytel-01-300x214.png\" alt=\"Telemando de Mantenimiento de Desv\u00edos\" width=\"490\" height=\"349\" srcset=\"https:\/\/logytel.es\/wp-content\/uploads\/2024\/03\/smd-logytel-01-300x214.png 300w, https:\/\/logytel.es\/wp-content\/uploads\/2024\/03\/smd-logytel-01.png 448w\" sizes=\"auto, (max-width: 490px) 100vw, 490px\" \/><\/p>\n<p>El Sistema de Mantenimiento de Desv\u00edos es un sistema SCADA que recoge las informaciones de los sensores instalados en la l\u00ednea de Alta Velocidad, para mostrarlas a uno o varios operadores de mantenimiento.<\/p>\n<p>El Sistema de Mantenimiento de Desv\u00edos se ha dise\u00f1ado para permitir el acceso desde cualquier punto de la red proporcionada por ADIF.<\/p>\n<p>El Sistema de Mantenimiento de Desv\u00edos muestra las informaciones de los desv\u00edos remotos que controla. Esto posibilita la intervenci\u00f3n de una manera r\u00e1pida de los operadores de Mantenimiento en caso necesario.<\/p>\n<p>El SMD (Sistema de Mantenimiento de Desv\u00edos) est\u00e1 formado por un conjunto de sensores que miden el tiempo de muestreo, la corriente y la temperatura de los desv\u00edos. Con estos datos y se calcula si el desv\u00edo funciona con normalidad as\u00ed como, se establece un mantenimiento predictivo para los accionamiento que componen dicho desv\u00edo.<\/p>\n<p>El Sistema de Mantenimiento de Desv\u00edos se ocupa de que la informaci\u00f3n enviada por los detectores bajo su supervisi\u00f3n sea recibida de un modo sencillo y r\u00e1pido por los operadores de mantenimiento.<\/p>\n<p>La r\u00e1pida detecci\u00f3n de los eventos perjudiciales para el funcionamiento normal de la circulaci\u00f3n en los tramos telemandados permitir\u00e1 reducir el tiempo de actuaci\u00f3n para tomar las medidas necesarias.<\/p>\n<h3>ESPECIALES<\/h3>\n<ul>\n<li><strong>Comunicaci\u00f3n con los desv\u00edos instalados en campo.<\/strong> Se debe conectar el centro de Telemando con los diferentes desv\u00edos de la l\u00ednea seg\u00fan un protocolo previamente definido.<\/li>\n<li><strong>An\u00e1lisis de los Estados recibidos.<\/strong> La informaci\u00f3n recibida por el telemando ha de ser analizada para almacenar los datos recibidos en base de datos y generar las alarmas que se produzcan.\u00ad<\/li>\n<li><strong>Presentaci\u00f3n de los Estados de campo.<\/strong> Se debe mostrar en la pantalla del terminal de mantenimiento la informaci\u00f3n recibida de campo de un modo f\u00e1cilmente entendible.<\/li>\n<li><strong>Gesti\u00f3n de desv\u00edos.<\/strong> En algunos casos se permitir\u00e1 el cambio de los valores de referencia de las graficas de rendimiento de los desv\u00edos.<\/li>\n<li><strong>Control de Usuarios.<\/strong> Se validar\u00e1 el usuario mediante nombre y clave.<\/li>\n<li><b>Hist\u00f3rico<\/b>. Se crea un hist\u00f3rico con posibilidad de realizar filtro<\/li>\n<\/ul>\n<p><img loading=\"lazy\" decoding=\"async\" class=\"aligncenter wp-image-358 \" title=\"Representaci\u00f3n de Historico\" src=\"https:\/\/logytel.es\/wp-content\/uploads\/2024\/03\/smd-historical-logytel-300x213.png\" alt=\"\" width=\"476\" height=\"338\" srcset=\"https:\/\/logytel.es\/wp-content\/uploads\/2024\/03\/smd-historical-logytel-300x213.png 300w, https:\/\/logytel.es\/wp-content\/uploads\/2024\/03\/smd-historical-logytel.png 450w\" sizes=\"auto, (max-width: 476px) 100vw, 476px\" \/><\/p>\n<h3><strong>INSTALACIONES\u00a0<\/strong><\/h3>\n<h3><img loading=\"lazy\" decoding=\"async\" class=\"alignleft wp-image-1176\" title=\"Instalaci\u00f3n de Telemando de Mantenimiento de Desv\u00edos\" src=\"https:\/\/web.archive.org\/web\/20230610052149im_\/https:\/\/logytel.es\/wp-content\/uploads\/2012\/08\/smd-equipement-installed-logytel-209x300.png\" sizes=\"auto, (max-width: 508px) 100vw, 508px\" srcset=\"https:\/\/web.archive.org\/web\/20230610052149im_\/https:\/\/logytel.es\/wp-content\/uploads\/2012\/08\/smd-equipement-installed-logytel-209x300.png 209w, https:\/\/web.archive.org\/web\/20230610052149im_\/https:\/\/logytel.es\/wp-content\/uploads\/2012\/08\/smd-equipement-installed-logytel.png 354w\" alt=\"\" width=\"508\" height=\"729\" \/><\/h3>\n<\/section>\n<\/div>\n<p>&nbsp;<\/p>\n<p>&nbsp;<\/p>\n<p>&nbsp;<\/p>\n<p>Colmenar Viejo<\/p>\n<p>&nbsp;<\/p>\n<p>ET Madrid SUR<\/p>\n<p>&nbsp;<\/p>\n<div class=\"entry-content\">\n<p style=\"text-align: left;\">\n<\/div>\n<section><\/section>\n<section><\/section>\n<section><\/section>\n<div class=\"entry-content\">\n<section class=\"log_product_content\"><\/section>\n<section><\/section>\n<\/div>\n<section><\/section>\n<section><\/section>\n<section><\/section>\n<section><\/section>\n<section><\/section>\n<section><\/section>\n<div class=\"entry-content\">\n<section class=\"log_product_content\"><\/section>\n<\/div>\n<section><\/section>\n<section><\/section>\n<section>Pinar las Rozas<\/section>\n<section><\/section>\n<section><\/section>\n<section><\/section>\n<section><\/section>\n","protected":false},"excerpt":{"rendered":"<p>DESCRIPCI\u00d3N El Sistema de Telemando de Mantenimiento de Desv\u00edos surge como necesidad de controlar y predecir el momento \u00f3ptimo de<\/p>\n","protected":false},"author":1,"featured_media":0,"parent":0,"menu_order":0,"comment_status":"closed","ping_status":"closed","template":"","meta":{"colormag_page_container_layout":"default_layout","colormag_page_sidebar_layout":"default_layout","footnotes":""},"class_list":["post-68","page","type-page","status-publish","hentry"],"_links":{"self":[{"href":"https:\/\/logytel.es\/index.php\/wp-json\/wp\/v2\/pages\/68","targetHints":{"allow":["GET"]}}],"collection":[{"href":"https:\/\/logytel.es\/index.php\/wp-json\/wp\/v2\/pages"}],"about":[{"href":"https:\/\/logytel.es\/index.php\/wp-json\/wp\/v2\/types\/page"}],"author":[{"embeddable":true,"href":"https:\/\/logytel.es\/index.php\/wp-json\/wp\/v2\/users\/1"}],"replies":[{"embeddable":true,"href":"https:\/\/logytel.es\/index.php\/wp-json\/wp\/v2\/comments?post=68"}],"version-history":[{"count":16,"href":"https:\/\/logytel.es\/index.php\/wp-json\/wp\/v2\/pages\/68\/revisions"}],"predecessor-version":[{"id":630,"href":"https:\/\/logytel.es\/index.php\/wp-json\/wp\/v2\/pages\/68\/revisions\/630"}],"wp:attachment":[{"href":"https:\/\/logytel.es\/index.php\/wp-json\/wp\/v2\/media?parent=68"}],"curies":[{"name":"wp","href":"https:\/\/api.w.org\/{rel}","templated":true}]}}