{"id":69,"date":"2024-03-07T10:25:49","date_gmt":"2024-03-07T09:25:49","guid":{"rendered":"http:\/\/localhost\/?page_id=69"},"modified":"2025-04-23T09:54:47","modified_gmt":"2025-04-23T07:54:47","slug":"telemando-de-detectores","status":"publish","type":"page","link":"https:\/\/logytel.es\/index.php\/telemando-de-detectores\/","title":{"rendered":"Telemando de Detectores"},"content":{"rendered":"<div class=\"entry-content\">\n<section class=\"log_product_content\">\n<h3>DESCRIPCI\u00d3N<\/h3>\n<p>El <a href=\"http:\/\/es.wikipedia.org\/wiki\/Telecontrol\" target=\"_blank\" rel=\"noopener\">telemando<\/a> de detectores surge como necesidad de agrupar la informaci\u00f3n de los distintos detectores (SDVL Detector de Viento Lateral, DCO Detector de Ca\u00edda de Objetos, DCDP Detector de Comportamiento Din\u00e1mico de Pant\u00f3grafo y otros\u2026) en un \u00fanico sistema. Sus funciones principales son:<\/p>\n<ul>\n<li>Recibir las informaciones enviadas por los sistemas de detectores situados en campo y mostrarlas de un modo comprensible.<\/li>\n<li>Permitir a los operadores reconocidos el env\u00edo de \u00f3rdenes a los detectores (Interrogaci\u00f3n general, mantenimiento, etc.)<\/li>\n<\/ul>\n<p><img loading=\"lazy\" decoding=\"async\" class=\"aligncenter wp-image-362 \" title=\"Telemando de Detectores\" src=\"https:\/\/logytel.es\/wp-content\/uploads\/2024\/03\/teldet-logytel-300x218-1.png\" alt=\"Telemando de Detectores\" width=\"443\" height=\"322\" \/><\/p>\n<p>El sistema Telemando de Detectores se ocupa de que la informaci\u00f3n enviada por los detectores bajo su supervisi\u00f3n sea recibida de un modo sencillo y r\u00e1pido por los operadores de mantenimiento.<\/p>\n<p>La r\u00e1pida detecci\u00f3n de los eventos perjudiciales para el funcionamiento normal de la circulaci\u00f3n en los tramos telemandados permite reducir el tiempo de actuaci\u00f3n para la toma de las medidas necesarias de forma temprana.<\/p>\n<h3>CARACTER\u00cdSTICAS GENERALES<\/h3>\n<ul>\n<li><strong>Comunicaci\u00f3n con los detectores instalados en campo.<\/strong> Se debe conectar el centro de Telemando con los diferentes detectores de la l\u00ednea seg\u00fan un protocolo previamente definido.<\/li>\n<li><strong>An\u00e1lisis de los Estados recibidos<\/strong>. La informaci\u00f3n recibida por el telemando se analiza para almacenar los datos recibidos en base de datos y generar las alarmas que se produzcan.<\/li>\n<li><strong>Presentaci\u00f3n gr\u00e1fica de los Estados de campo.<\/strong> Se muestra en la pantalla del terminal de mantenimiento la informaci\u00f3n recibida de campo de un modo f\u00e1cilmente entendible.<\/li>\n<li><strong>Env\u00edo de Mandos<\/strong> (Interrogaci\u00f3n General, Mantenimiento, etc.) a los detectores.<\/li>\n<li><strong>Control de Usuarios.<\/strong> Se validar\u00e1 el usuario mediante nombre y clave.<\/li>\n<li><strong>Hist\u00f3ricos.<\/strong> Se crear\u00e1 un peque\u00f1o hist\u00f3rico que permita consultas seg\u00fan unos filtros predeterminados.<\/li>\n<\/ul>\n<h3>CARACTER\u00cdSTICAS DEL TELEMANDO<\/h3>\n<p>El Telemando de Detectores permite la vigilancia de manera remota de los equipos de supervisi\u00f3n, tanto del Sistema de Control de Viento Lateral (SCVL), del Sistema de Comportamiento Din\u00e1mico de Pant\u00f3grafo (SCDP) y del Detector de Ca\u00edda de Objetos (DOC) y representar gr\u00e1ficamente los datos adquiridos por los sensores.<\/p>\n<ul>\n<li>Acceso a la aplicaci\u00f3n mediante usuario \/ clave.<\/li>\n<li>Visualizar los datos referentes al SCVL, SDCO y SCDP.<\/li>\n<li>Representaci\u00f3n gr\u00e1ficamente los datos recibidos.<\/li>\n<li>Visualizaci\u00f3n de estados por \u00e1rea \/ detector.<\/li>\n<li>Consulta de eventos (Hist\u00f3ricos).<\/li>\n<li>Administraci\u00f3n de Usuarios (Acceso a la aplicaci\u00f3n mediante usuario \/ clave.<\/li>\n<li>Representar gr\u00e1ficamente los datos recibidos.<\/li>\n<li>Visualizaci\u00f3n de estados por ENCE \/ edificio t\u00e9cnico \/ paso.<\/li>\n<li>Inserci\u00f3n \/ Actualizaci\u00f3n de pasos en caliente.<\/li>\n<li>Realizaci\u00f3n de mandos seg\u00fan los permisos de usuario.<\/li>\n<li>Certificaci\u00f3n <a href=\"https:\/\/es.wikipedia.org\/wiki\/Safety_Integrity_Level\" target=\"_blank\" rel=\"noopener\">SIL2<\/a> de comunicaciones Ethernet con ENCE.<\/li>\n<\/ul>\n<h3>INSTALACIONES<\/h3>\n<p><img loading=\"lazy\" decoding=\"async\" class=\"aligncenter wp-image-363 \" title=\"Instalaci\u00f3n de Telemando de Detectores\" src=\"https:\/\/logytel.es\/wp-content\/uploads\/2024\/03\/remote-control-system-detectors-logytel-02-300x85.jpg\" alt=\"Instalaci\u00f3n de Telemando de Detectores\" width=\"601\" height=\"170\" srcset=\"https:\/\/logytel.es\/wp-content\/uploads\/2024\/03\/remote-control-system-detectors-logytel-02-300x85.jpg 300w, https:\/\/logytel.es\/wp-content\/uploads\/2024\/03\/remote-control-system-detectors-logytel-02.jpg 500w\" sizes=\"auto, (max-width: 601px) 100vw, 601px\" \/><\/p>\n<p>&nbsp;<\/p>\n<\/section>\n<\/div>\n","protected":false},"excerpt":{"rendered":"<p>DESCRIPCI\u00d3N El telemando de detectores surge como necesidad de agrupar la informaci\u00f3n de los distintos detectores (SDVL Detector de Viento<\/p>\n","protected":false},"author":1,"featured_media":0,"parent":0,"menu_order":0,"comment_status":"closed","ping_status":"closed","template":"","meta":{"colormag_page_container_layout":"default_layout","colormag_page_sidebar_layout":"default_layout","footnotes":""},"class_list":["post-69","page","type-page","status-publish","hentry"],"_links":{"self":[{"href":"https:\/\/logytel.es\/index.php\/wp-json\/wp\/v2\/pages\/69","targetHints":{"allow":["GET"]}}],"collection":[{"href":"https:\/\/logytel.es\/index.php\/wp-json\/wp\/v2\/pages"}],"about":[{"href":"https:\/\/logytel.es\/index.php\/wp-json\/wp\/v2\/types\/page"}],"author":[{"embeddable":true,"href":"https:\/\/logytel.es\/index.php\/wp-json\/wp\/v2\/users\/1"}],"replies":[{"embeddable":true,"href":"https:\/\/logytel.es\/index.php\/wp-json\/wp\/v2\/comments?post=69"}],"version-history":[{"count":11,"href":"https:\/\/logytel.es\/index.php\/wp-json\/wp\/v2\/pages\/69\/revisions"}],"predecessor-version":[{"id":2118,"href":"https:\/\/logytel.es\/index.php\/wp-json\/wp\/v2\/pages\/69\/revisions\/2118"}],"wp:attachment":[{"href":"https:\/\/logytel.es\/index.php\/wp-json\/wp\/v2\/media?parent=69"}],"curies":[{"name":"wp","href":"https:\/\/api.w.org\/{rel}","templated":true}]}}