{"id":70,"date":"2024-03-07T10:25:49","date_gmt":"2024-03-07T09:25:49","guid":{"rendered":"http:\/\/localhost\/?page_id=70"},"modified":"2026-03-26T09:17:35","modified_gmt":"2026-03-26T08:17:35","slug":"detector-de-caida-de-objetos-dco","status":"publish","type":"page","link":"https:\/\/logytel.es\/index.php\/detector-de-caida-de-objetos-dco\/","title":{"rendered":"Detector de Ca\u00edda de Objetos (DCO)"},"content":{"rendered":"<div id=\"content\" class=\"site-content\" tabindex=\"-1\">\n<div class=\"col-full\">\n<div id=\"primary\" class=\"content-area\">\n<div id=\"post-2567\" class=\"post-2567 page type-page status-publish hentry\">\n<div class=\"entry-content\">\n<section class=\"log_product_content\">\n<h3>DESCRIPCI\u00d3N<\/h3>\n<p>La misi\u00f3n del detector de caida de objetos es la retenci\u00f3n y detecci\u00f3n de forma segura de la ca\u00edda de objetos a v\u00eda de pasos superiores y bocas de t\u00fanel y comunicar simult\u00e1neamente al Puesto de Mando y a los enclavamientos electr\u00f3nicos (ENCE), la informaci\u00f3n de la no presencia de ca\u00edda de objetos a v\u00eda.<\/p>\n<p><strong>Fabricado bajo licencia de patentes de <a href=\"http:\/\/www.adif.es\/\" target=\"_blank\" rel=\"noopener\">Adif<\/a>.\u00a0<\/strong><\/p>\n<p><img loading=\"lazy\" decoding=\"async\" class=\"aligncenter wp-image-1146\" title=\"Detector de Ca\u00edda de Objetos (DCO)\" src=\"https:\/\/logytel.es\/wp-content\/uploads\/2024\/03\/dco-logytel-01-2.png\" alt=\"Detector de Ca\u00edda de Objetos (DCO)\" width=\"549\" height=\"532\" srcset=\"https:\/\/logytel.es\/wp-content\/uploads\/2024\/03\/dco-logytel-01-2.png 511w, https:\/\/logytel.es\/wp-content\/uploads\/2024\/03\/dco-logytel-01-2-300x291.png 300w\" sizes=\"auto, (max-width: 549px) 100vw, 549px\" \/><\/p>\n<ul>\n<li>Detecci\u00f3n de objetos de impacto hasta 200Kg.<\/li>\n<li>Certificaci\u00f3n SIL4 del elemento sensorial que detecta la ca\u00edda del objeto informando al ENCE por contactos libres de tensi\u00f3n.<\/li>\n<li>Certificaci\u00f3n SIL2 de comunicaciones Ethernet con ENCE.<\/li>\n<\/ul>\n<p>&nbsp;<\/p>\n<h3>CARACTER\u00cdSTICAS GENERALES<\/h3>\n<ul>\n<li>No existe electr\u00f3nica en v\u00eda. No precisa alimentaci\u00f3n.<\/li>\n<li>M\u00ednimo mantenimiento.<\/li>\n<li>Alta disponibilidad sin incidencias en la explotaci\u00f3n.<\/li>\n<li>Inmune a las condiciones de explotaci\u00f3n.<\/li>\n<li>Comunicaciones con Telemando de detectores: Ethernet protocolo propietario y IEC 600870-5-104 perfil ADIF.<\/li>\n<li>Comunicaciones con ENCE: Ethernet dual <a href=\"http:\/\/es.wikipedia.org\/wiki\/Safety_Integrity_Level\" target=\"_blank\" rel=\"noopener\">SIL2<\/a>, EN 50159-1.<\/li>\n<li>Alcance en funci\u00f3n del n\u00famero de pasos hasta 40Km.<\/li>\n<li>An\u00e1lisis para el mantenimiento predictivo del sistema detectando de forma autom\u00e1ticamente la degradaci\u00f3n del elemento sensorial.<\/li>\n<li>Consumo para 12 pasos: &lt;200w.<\/li>\n<li>Temperatura funcionamiento: 0 a 60 \u00baC de equipo interior.<\/li>\n<li>EMC: 50121-4:2007, EN 61000-2-4, EN 60870-2.<\/li>\n<li>Doble Fibra \u00f3ptica, iluminadas bidireccionalmente con codificaci\u00f3n y c\u00f3digo identificativo de direcci\u00f3n y paso.<\/li>\n<\/ul>\n<h3>LINEAS DE ALTA VELOCIDAD (LAV)<\/h3>\n<p><img loading=\"lazy\" decoding=\"async\" class=\"alignleft wp-image-1147\" title=\"Detector de Ca\u00edda de Objetos (DCO) - Linea Alta Velocidad\" src=\"https:\/\/logytel.es\/wp-content\/uploads\/2024\/03\/2_detectores_sensorizacion1-269x300-1.png\" alt=\"Detector de Ca\u00edda de Objetos (DCO) - Linea Alta Velocidad\" width=\"349\" height=\"389\" \/><\/p>\n<p>&nbsp;<\/p>\n<p>&nbsp;<\/p>\n<\/section>\n<\/div>\n<\/div>\n<\/div>\n<\/div>\n<\/div>\n<p>Madrid \u2013 Lleida<\/p>\n<p>&nbsp;<\/p>\n<p>Barcelona \u2013 Figueras<\/p>\n<p>&nbsp;<\/p>\n<p>Figueras \u2013 Perpi\u00f1\u00e1n<\/p>\n<p>&nbsp;<\/p>\n<p>&nbsp;<\/p>\n<p>&nbsp;<\/p>\n<p>&nbsp;<\/p>\n<div id=\"content\" class=\"site-content\" tabindex=\"-1\">\n<div class=\"col-full\">\n<div id=\"primary\" class=\"content-area\">\n<div id=\"post-2567\" class=\"post-2567 page type-page status-publish hentry\">\n<div class=\"entry-content\">\n<section class=\"log_product_content\"><img loading=\"lazy\" decoding=\"async\" class=\"alignleft wp-image-367\" title=\"Detector de Ca\u00edda de Objetos (DCO) - Linea Alta Velocidad\" src=\"https:\/\/logytel.es\/wp-content\/uploads\/2024\/03\/dco-logytel-05-298x300.png\" alt=\"Detector de Ca\u00edda de Objetos (DCO) - Linea Alta Velocidad\" width=\"352\" height=\"354\" srcset=\"https:\/\/logytel.es\/wp-content\/uploads\/2024\/03\/dco-logytel-05-298x300.png 298w, https:\/\/logytel.es\/wp-content\/uploads\/2024\/03\/dco-logytel-05-150x150.png 150w, https:\/\/logytel.es\/wp-content\/uploads\/2024\/03\/dco-logytel-05.png 440w\" sizes=\"auto, (max-width: 352px) 100vw, 352px\" \/>Madrid\u00a0 &#8211; Levante<\/p>\n<p>&nbsp;<\/p>\n<div id=\"content\" class=\"site-content\" tabindex=\"-1\">\n<div class=\"col-full\">\n<div id=\"primary\" class=\"content-area\">\n<div id=\"post-2567\" class=\"post-2567 page type-page status-publish hentry\">\n<div class=\"entry-content\">Medina del Campo \u2013 Olmedo<\/div>\n<\/div>\n<\/div>\n<\/div>\n<\/div>\n<p>&nbsp;<\/p>\n<p>&nbsp;<\/p>\n<p>&nbsp;<\/p>\n<p>&nbsp;<\/p>\n<p>&nbsp;<\/p>\n<div id=\"content\" class=\"site-content\" tabindex=\"-1\">\n<div class=\"col-full\">\n<div id=\"primary\" class=\"content-area\">\n<div id=\"post-2567\" class=\"post-2567 page type-page status-publish hentry\">\n<div class=\"entry-content\">\n<h3 style=\"text-align: left;\">INSTALACIONES<\/h3>\n<p><img loading=\"lazy\" decoding=\"async\" class=\"alignnone wp-image-1148\" title=\"Detector de Ca\u00edda de Objetos (DCO) - Instalaci\u00f3n en Linea Alta Velocidad\" src=\"https:\/\/logytel.es\/wp-content\/uploads\/2024\/03\/dco-logytel-02.png\" alt=\"Detector de Ca\u00edda de Objetos (DCO) - Instalaci\u00f3n en Linea Alta Velocidad\" width=\"354\" height=\"370\" srcset=\"https:\/\/logytel.es\/wp-content\/uploads\/2024\/03\/dco-logytel-02.png 468w, https:\/\/logytel.es\/wp-content\/uploads\/2024\/03\/dco-logytel-02-287x300.png 287w\" sizes=\"auto, (max-width: 354px) 100vw, 354px\" \/><\/p>\n<\/div>\n<\/div>\n<\/div>\n<\/div>\n<\/div>\n<div><img loading=\"lazy\" decoding=\"async\" class=\"alignleft wp-image-1151\" title=\"DCO\" src=\"https:\/\/web.archive.org\/web\/20230610050124im_\/https:\/\/logytel.es\/wp-content\/uploads\/2012\/08\/dco-logytel-03-268x300.png\" sizes=\"auto, (max-width: 352px) 100vw, 352px\" srcset=\"https:\/\/web.archive.org\/web\/20230610050124im_\/https:\/\/logytel.es\/wp-content\/uploads\/2012\/08\/dco-logytel-03-268x300.png 268w, https:\/\/web.archive.org\/web\/20230610050124im_\/https:\/\/logytel.es\/wp-content\/uploads\/2012\/08\/dco-logytel-03.png 495w\" alt=\"DCO\" width=\"352\" height=\"394\" \/><\/div>\n<\/section>\n<\/div>\n<\/div>\n<\/div>\n<\/div>\n<\/div>\n","protected":false},"excerpt":{"rendered":"<p>DESCRIPCI\u00d3N La misi\u00f3n del detector de caida de objetos es la retenci\u00f3n y detecci\u00f3n de forma segura de la ca\u00edda<\/p>\n","protected":false},"author":1,"featured_media":0,"parent":0,"menu_order":0,"comment_status":"closed","ping_status":"closed","template":"","meta":{"colormag_page_container_layout":"default_layout","colormag_page_sidebar_layout":"default_layout","footnotes":""},"class_list":["post-70","page","type-page","status-publish","hentry"],"_links":{"self":[{"href":"https:\/\/logytel.es\/index.php\/wp-json\/wp\/v2\/pages\/70","targetHints":{"allow":["GET"]}}],"collection":[{"href":"https:\/\/logytel.es\/index.php\/wp-json\/wp\/v2\/pages"}],"about":[{"href":"https:\/\/logytel.es\/index.php\/wp-json\/wp\/v2\/types\/page"}],"author":[{"embeddable":true,"href":"https:\/\/logytel.es\/index.php\/wp-json\/wp\/v2\/users\/1"}],"replies":[{"embeddable":true,"href":"https:\/\/logytel.es\/index.php\/wp-json\/wp\/v2\/comments?post=70"}],"version-history":[{"count":41,"href":"https:\/\/logytel.es\/index.php\/wp-json\/wp\/v2\/pages\/70\/revisions"}],"predecessor-version":[{"id":2322,"href":"https:\/\/logytel.es\/index.php\/wp-json\/wp\/v2\/pages\/70\/revisions\/2322"}],"wp:attachment":[{"href":"https:\/\/logytel.es\/index.php\/wp-json\/wp\/v2\/media?parent=70"}],"curies":[{"name":"wp","href":"https:\/\/api.w.org\/{rel}","templated":true}]}}