{"id":71,"date":"2024-03-07T10:25:49","date_gmt":"2024-03-07T09:25:49","guid":{"rendered":"http:\/\/localhost\/?page_id=71"},"modified":"2025-04-22T15:52:18","modified_gmt":"2025-04-22T13:52:18","slug":"detector-del-comportamiento-dinamico-del-pantografo-dcdp","status":"publish","type":"page","link":"https:\/\/logytel.es\/index.php\/detector-del-comportamiento-dinamico-del-pantografo-dcdp\/","title":{"rendered":"Detector del Comportamiento Din\u00e1mico del Pant\u00f3grafo (DCDP)"},"content":{"rendered":"<div class=\"entry-content\">\n<section class=\"log_product_content\">\n<h3>DESCRIPCI\u00d3N<\/h3>\n<\/section>\n<section class=\"log_product_content\">Su misi\u00f3n es la detecci\u00f3n de irregularidades en la interacci\u00f3n <strong><a href=\"https:\/\/ferrocarriles.fandom.com\/wiki\/Pant%C3%B3grafo\" target=\"_blank\" rel=\"noopener\">pant\u00f3grafo<\/a>\u2013<a href=\"https:\/\/es.wikipedia.org\/wiki\/Catenaria_(ferrocarril)#:~:text=En%20ferrocarriles%2C%20se%20denomina%20catenaria,red%20de%20ADIF%20(Espa%C3%B1a).\" target=\"_blank\" rel=\"noopener\">catenaria<\/a><\/strong> (presi\u00f3n de pant\u00f3grafos mal calibrados, microfusiones en pant\u00f3grafos).<img loading=\"lazy\" decoding=\"async\" class=\"aligncenter wp-image-1150\" title=\"Interacci\u00f3n pant\u00f3grafo catenaria - DCDP\" src=\"https:\/\/logytel.es\/wp-content\/uploads\/2024\/03\/dcdp-logytel.png\" alt=\"DCDP\" width=\"336\" height=\"261\" srcset=\"https:\/\/logytel.es\/wp-content\/uploads\/2024\/03\/dcdp-logytel.png 459w, https:\/\/logytel.es\/wp-content\/uploads\/2024\/03\/dcdp-logytel-300x233.png 300w\" sizes=\"auto, (max-width: 336px) 100vw, 336px\" \/><\/p>\n<figure id=\"attachment_1117\" class=\"wp-caption aligncenter\" aria-describedby=\"caption-attachment-1117\"><figcaption id=\"caption-attachment-1117\" class=\"wp-caption-text\">Interacci\u00f3n pant\u00f3grafo catenaria<\/figcaption><\/figure>\n<\/section>\n<section class=\"log_product_content\">\n<ul>\n<li>Almacenamiento de hist\u00f3rico del paso de trenes junto a sus caracter\u00edsticas.<\/li>\n<li>Medici\u00f3n de par\u00e1metros meteorol\u00f3gicos.<\/li>\n<\/ul>\n<h3>CARACTER\u00cdSTICAS PRINCIPALES<\/h3>\n<ul>\n<li>Realiza la medida de elevacion del hilo de contacto, por visi\u00f3n (sin contacto con la catenaria) de la elongaci\u00f3n de la l\u00ednea a\u00e9rea de contacto provocada por los pant\u00f3grafos de los trenes en cualquier sentido de circulaci\u00f3n.\n<ul>\n<li>Velocidad m\u00e1xima: 350 Km. \/h.<\/li>\n<li>Elevaci\u00f3n m\u00e1xima: +150mm, -100mm.<\/li>\n<li>Resoluci\u00f3n: 1,2mm con una precisi\u00f3n del 1%<\/li>\n<li>Intervalo m\u00ednimo entre trenes: 55 segundos (margen de seguridad).<\/li>\n<\/ul>\n<\/li>\n<li>Detecci\u00f3n de alarmas de funcionamiento (distintas alarmas de desplazamiento m\u00e1ximo del hilo (valor configurable), alarma de funcionamiento de sensores de rueda, alarma de c\u00e1mara, alarma de pantalla y alarma de comunicaci\u00f3n con el Telemando).<\/li>\n<li>Configurable System with all parameters for the installation environment.<\/li>\n<li>Sistema sin contacto con catenaria. M\u00e1xima seguridad el\u00e9ctrica.<\/li>\n<li>Inmune a vibraciones de los postes y variaciones de la altura del hilo de contacto por efectos ambientales.<\/li>\n<li>El sistema no interfiere con la operaci\u00f3n de los equipos de se\u00f1alizaci\u00f3n ni con los equipos embarcados en los trenes que circulen.<\/li>\n<li>Comunicaciones Ethernet.<\/li>\n<li>Alimentaci\u00f3n: 230 Vac.<\/li>\n<li>Consumo: &lt;400w.<\/li>\n<li>Temperatura funcionamiento: equipos v\u00eda: -10 a60 \u00baC. Equipo de interior: 0 a60\u00baC<\/li>\n<\/ul>\n<h3>LINEAS DE ALTA VELOCIDAD (LAV)<\/h3>\n<p style=\"text-align: center;\"><img loading=\"lazy\" decoding=\"async\" class=\"aligncenter wp-image-1152\" title=\"L\u00ednea de Alta velocidad Madrid - Lleida Figueras \u2013 Perpi\u00f1\u00e1n\" src=\"https:\/\/logytel.es\/wp-content\/uploads\/2024\/03\/madrid-lleida-dcdp-logytel-300x155-1.jpg\" alt=\"L\u00ednea de Alta velocidad Madrid - Lleida Figueras \u2013 Perpi\u00f1\u00e1n\" width=\"356\" height=\"184\" \/>Madrid \u2013 Lleida<\/p>\n<p style=\"text-align: center;\">Figueras \u2013 Perpi\u00f1\u00e1n<\/p>\n<p>&nbsp;<\/p>\n<p><img loading=\"lazy\" decoding=\"async\" class=\"aligncenter wp-image-1153 \" title=\"L\u00ednea de Alta velocidad Madrid - Levante\" src=\"https:\/\/logytel.es\/wp-content\/uploads\/2024\/03\/madrid-levante-dcdp-logytel-300x210-1.jpg\" alt=\"L\u00ednea de Alta velocidad Madrid - Levante\" width=\"354\" height=\"248\" srcset=\"https:\/\/logytel.es\/wp-content\/uploads\/2024\/03\/madrid-levante-dcdp-logytel-300x210-1.jpg 300w, https:\/\/logytel.es\/wp-content\/uploads\/2024\/03\/madrid-levante-dcdp-logytel-300x210-1-130x90.jpg 130w\" sizes=\"auto, (max-width: 354px) 100vw, 354px\" \/><\/p>\n<p style=\"text-align: center;\">Madrid \u2013 Levante<\/p>\n<\/section>\n<p>&nbsp;<\/p>\n<section class=\"log_product_content\"><img loading=\"lazy\" decoding=\"async\" class=\"aligncenter wp-image-1154\" title=\"L\u00ednea de Alta velocidad Madrid - Valladolid\" src=\"https:\/\/logytel.es\/wp-content\/uploads\/2024\/03\/madrid-valladolid-dcdp-logytel-300x172-1.png\" alt=\"L\u00ednea de Alta velocidad Madrid - Valladolid\" width=\"352\" height=\"202\" \/><\/p>\n<p style=\"text-align: center;\">Madrid \u2013 Valladolid<\/p>\n<\/section>\n<section><\/section>\n<section><\/section>\n<h3>ARQUITECTURA<\/h3>\n<p><img loading=\"lazy\" decoding=\"async\" class=\"aligncenter wp-image-1155\" title=\"Arquitectura DCDP\" src=\"https:\/\/logytel.es\/wp-content\/uploads\/2024\/03\/dcdp-244x300-1.png\" alt=\"Arquitectura DCDP\" width=\"354\" height=\"435\" \/><\/p>\n<p>&nbsp;<\/p>\n<\/div>\n","protected":false},"excerpt":{"rendered":"<p>DESCRIPCI\u00d3N Su misi\u00f3n es la detecci\u00f3n de irregularidades en la interacci\u00f3n pant\u00f3grafo\u2013catenaria (presi\u00f3n de pant\u00f3grafos mal calibrados, microfusiones en pant\u00f3grafos).<\/p>\n","protected":false},"author":1,"featured_media":0,"parent":0,"menu_order":0,"comment_status":"closed","ping_status":"closed","template":"","meta":{"colormag_page_container_layout":"default_layout","colormag_page_sidebar_layout":"default_layout","footnotes":""},"class_list":["post-71","page","type-page","status-publish","hentry"],"_links":{"self":[{"href":"https:\/\/logytel.es\/index.php\/wp-json\/wp\/v2\/pages\/71","targetHints":{"allow":["GET"]}}],"collection":[{"href":"https:\/\/logytel.es\/index.php\/wp-json\/wp\/v2\/pages"}],"about":[{"href":"https:\/\/logytel.es\/index.php\/wp-json\/wp\/v2\/types\/page"}],"author":[{"embeddable":true,"href":"https:\/\/logytel.es\/index.php\/wp-json\/wp\/v2\/users\/1"}],"replies":[{"embeddable":true,"href":"https:\/\/logytel.es\/index.php\/wp-json\/wp\/v2\/comments?post=71"}],"version-history":[{"count":27,"href":"https:\/\/logytel.es\/index.php\/wp-json\/wp\/v2\/pages\/71\/revisions"}],"predecessor-version":[{"id":2114,"href":"https:\/\/logytel.es\/index.php\/wp-json\/wp\/v2\/pages\/71\/revisions\/2114"}],"wp:attachment":[{"href":"https:\/\/logytel.es\/index.php\/wp-json\/wp\/v2\/media?parent=71"}],"curies":[{"name":"wp","href":"https:\/\/api.w.org\/{rel}","templated":true}]}}