{"id":72,"date":"2024-03-07T10:25:49","date_gmt":"2024-03-07T09:25:49","guid":{"rendered":"http:\/\/localhost\/?page_id=72"},"modified":"2025-01-24T08:48:58","modified_gmt":"2025-01-24T07:48:58","slug":"detector-de-viento-lateral-dvl","status":"publish","type":"page","link":"https:\/\/logytel.es\/index.php\/detector-de-viento-lateral-dvl\/","title":{"rendered":"Detector de Viento Lateral (DVL)"},"content":{"rendered":"<div id=\"content\" class=\"site-content\" tabindex=\"-1\">\n<div class=\"col-full\">\n<div id=\"primary\" class=\"content-area\">\n<p>&nbsp;<\/p>\n<div id=\"post-2590\" class=\"post-2590 page type-page status-publish hentry\">\n<div class=\"entry-content\">\n<section class=\"log_product_content\">\n<h3>DESCRIPCI\u00d3N<\/h3>\n<p>Su misi\u00f3n es informar al Puesto de Mando y al enclavamiento de la predicci\u00f3n de la velocidad y direcci\u00f3n del viento en distintos puntos de trayecto al objeto de limitar la velocidad de las circulaciones, bas\u00e1ndose para ello de los par\u00e1metros meteorol\u00f3gicos de direcci\u00f3n y velocidad del viento, humedad relativa, temperatura y presi\u00f3n atmosf\u00e9rica y el c\u00e1lculo del algoritmo predictivo. <strong>Fabricado bajo licencia de patentes de <a href=\"http:\/\/www.adif.es\/\" target=\"_blank\" rel=\"noopener\">Adif<\/a>.<\/strong><\/p>\n<p><img loading=\"lazy\" decoding=\"async\" class=\"aligncenter wp-image-1159\" title=\"Instalaci\u00f3n Detector de Viento Lateral\" src=\"https:\/\/logytel.es\/wp-content\/uploads\/2024\/03\/dvl-logytel-300x257-1.png\" alt=\"Instalaci\u00f3n Detector de Viento Lateral\" width=\"342\" height=\"293\" \/><\/p>\n<h3>CARACTER\u00cdSTICAS PRINCIPALES<\/h3>\n<ul>\n<li>Toma de datos en tiempo real.<\/li>\n<li>Almacenamiento de hist\u00f3rico..<\/li>\n<li>Telecarga de BBDD y aplicativo.<\/li>\n<li>Algoritmo de predicci\u00f3n certificado (ADIF) o tiempo real.<\/li>\n<li>Disponible en la versi\u00f3n de alta disponibilidad con sistemas de control y proceso y comunicaciones redundantes.<\/li>\n<li>Comunicaci\u00f3n: Ethernet dual.<\/li>\n<li>Alimentaci\u00f3n: 240 Vac., Consumo: &lt;60w, Temperatura funcionamiento: -20 a 70 \u00baC.<\/li>\n<li>EMC: 50121-4:2007, EN 61000-2-4, EN 60870-2-1<\/li>\n<li>3 anem\u00f3metros. Rango de medida 0 a 360\u00ba resoluci\u00f3n 1\u00ba y velocidad 0 a 60m\/s resoluci\u00f3n 0,5m\/s. Montaje en 2oo3.<\/li>\n<li>Termo-higr\u00f3grafo. Rango de medida 0 a 100% RH y precisi\u00f3n de \u00b12%.<\/li>\n<li>Bar\u00f3metro. Rango de medida de 600 a 1600hPa con resoluci\u00f3n de 1 hPa.<\/li>\n<li>Desarrollado bajo especificaciones SIL 2.<\/li>\n<li>Terminal de mantenimiento con capacidad de descarga y an\u00e1lisis de hist\u00f3ricos, calibraci\u00f3n y configuraci\u00f3n del sistema, as\u00ed como la representaci\u00f3n de los datos de los sensores, salida del algoritmo de viento y estado del equipo.<\/li>\n<\/ul>\n<h3>LINEAS DE ALTA VELOCIDAD<\/h3>\n<p><img loading=\"lazy\" decoding=\"async\" class=\"aligncenter wp-image-299\" title=\"Linea de Alta Velocidad Madrid \u2013 Levante\" src=\"https:\/\/logytel.es\/wp-content\/uploads\/2024\/03\/madrid-levante-dco-logytel-400x270-1-e1710064432913-300x203.jpg\" alt=\"Linea de Alta Velocidad Madrid \u2013 Levante\" width=\"406\" height=\"275\" srcset=\"https:\/\/logytel.es\/wp-content\/uploads\/2024\/03\/madrid-levante-dco-logytel-400x270-1-e1710064432913-300x203.jpg 300w, https:\/\/logytel.es\/wp-content\/uploads\/2024\/03\/madrid-levante-dco-logytel-400x270-1-e1710064432913.jpg 400w\" sizes=\"auto, (max-width: 406px) 100vw, 406px\" \/><\/p>\n<p style=\"text-align: center;\"><strong>\u00a0 \u00a0 \u00a0Madrid<\/strong><strong> \u2013 Levante<\/strong><\/p>\n<h3>EQUIPOS INSTALADOS<\/h3>\n<p><img loading=\"lazy\" decoding=\"async\" class=\"aligncenter wp-image-1161\" title=\"Detector de Viento Lateral instalado\" src=\"https:\/\/logytel.es\/wp-content\/uploads\/2024\/03\/equipo-instalado-dvl-logytel-1.png\" alt=\"Detector de Viento Lateral instalado\" width=\"410\" height=\"317\" srcset=\"https:\/\/logytel.es\/wp-content\/uploads\/2024\/03\/equipo-instalado-dvl-logytel-1.png 696w, https:\/\/logytel.es\/wp-content\/uploads\/2024\/03\/equipo-instalado-dvl-logytel-1-300x232.png 300w\" sizes=\"auto, (max-width: 410px) 100vw, 410px\" \/><\/p>\n<p><img loading=\"lazy\" decoding=\"async\" class=\"aligncenter wp-image-390\" title=\"Terminal de Mantenimiento\" src=\"https:\/\/logytel.es\/wp-content\/uploads\/2024\/03\/terminal-mantenimiento-scvl-dvl-logytel-02-293x300-1.png\" alt=\"Terminal de Mantenimiento\" width=\"410\" height=\"420\" \/><\/p>\n<\/section>\n<\/div>\n<\/div>\n<\/div>\n<\/div>\n<\/div>\n<footer id=\"colophon\" class=\"site-footer\" role=\"contentinfo\">\n<div class=\"footer-social-icon\">\n<div class=\"col-full\">\n<div class=\"storedesign-social-networks storedesign-social-networks-footer\"><img loading=\"lazy\" decoding=\"async\" class=\"aligncenter wp-image-1162\" title=\"Terminal de Mantenimiento\" src=\"https:\/\/logytel.es\/wp-content\/uploads\/2024\/03\/terminal-mantenimiento-scvl-dvl-logytel.png\" alt=\"Terminal de Mantenimiento\" width=\"410\" height=\"422\" srcset=\"https:\/\/logytel.es\/wp-content\/uploads\/2024\/03\/terminal-mantenimiento-scvl-dvl-logytel.png 486w, https:\/\/logytel.es\/wp-content\/uploads\/2024\/03\/terminal-mantenimiento-scvl-dvl-logytel-292x300.png 292w\" sizes=\"auto, (max-width: 410px) 100vw, 410px\" \/><\/div>\n<\/div>\n<\/div>\n<\/footer>\n","protected":false},"excerpt":{"rendered":"<p>&nbsp; DESCRIPCI\u00d3N Su misi\u00f3n es informar al Puesto de Mando y al enclavamiento de la predicci\u00f3n de la velocidad y<\/p>\n","protected":false},"author":1,"featured_media":0,"parent":0,"menu_order":0,"comment_status":"closed","ping_status":"closed","template":"","meta":{"colormag_page_container_layout":"default_layout","colormag_page_sidebar_layout":"default_layout","footnotes":""},"class_list":["post-72","page","type-page","status-publish","hentry"],"_links":{"self":[{"href":"https:\/\/logytel.es\/index.php\/wp-json\/wp\/v2\/pages\/72","targetHints":{"allow":["GET"]}}],"collection":[{"href":"https:\/\/logytel.es\/index.php\/wp-json\/wp\/v2\/pages"}],"about":[{"href":"https:\/\/logytel.es\/index.php\/wp-json\/wp\/v2\/types\/page"}],"author":[{"embeddable":true,"href":"https:\/\/logytel.es\/index.php\/wp-json\/wp\/v2\/users\/1"}],"replies":[{"embeddable":true,"href":"https:\/\/logytel.es\/index.php\/wp-json\/wp\/v2\/comments?post=72"}],"version-history":[{"count":20,"href":"https:\/\/logytel.es\/index.php\/wp-json\/wp\/v2\/pages\/72\/revisions"}],"predecessor-version":[{"id":2080,"href":"https:\/\/logytel.es\/index.php\/wp-json\/wp\/v2\/pages\/72\/revisions\/2080"}],"wp:attachment":[{"href":"https:\/\/logytel.es\/index.php\/wp-json\/wp\/v2\/media?parent=72"}],"curies":[{"name":"wp","href":"https:\/\/api.w.org\/{rel}","templated":true}]}}