{"id":75,"date":"2024-03-07T10:25:50","date_gmt":"2024-03-07T09:25:50","guid":{"rendered":"http:\/\/localhost\/?page_id=75"},"modified":"2024-04-18T08:47:09","modified_gmt":"2024-04-18T06:47:09","slug":"calefactor-de-agujas","status":"publish","type":"page","link":"https:\/\/logytel.es\/index.php\/calefactor-de-agujas\/","title":{"rendered":"Calefactor de Agujas"},"content":{"rendered":"<div id=\"primary\" class=\"content-area\">\n<p>&nbsp;<\/p>\n<div id=\"post-3519\" class=\"post-3519 page type-page status-publish hentry\">\n<div class=\"entry-content\">\n<h3>DESCRIPCI\u00d3N<\/h3>\n<section><\/section>\n<section class=\"log_product_content\">El calefactor de agujas es un sistema que permite el accionamiento manual o remoto las resistencias calefactoras de la punta y el tal\u00f3n de cada aguja, impidiendo que ante las inclemencias del tiempo (hielo y nieve) los desv\u00edos se vean inmovilizados, dejando mermada la capacidad de la l\u00ednea ferroviaria.<\/p>\n<h3>ARQUITECTURA<\/h3>\n<ul>\n<li><strong>Armario de Control<\/strong> en puesto de enclavamiento para personal de mantenimiento: Dispone de pantalla t\u00e1ctil de 17\u201d para la representaci\u00f3n y mando de los distintos elementos del sistema. Este armario dispone de transformador de aislamiento en la alimentaci\u00f3n segura y las comunicaciones hacia los armarios de distribuci\u00f3n ubicados en campo.<\/li>\n<li><strong>Central Meteorol\u00f3gica con detecci\u00f3n de hielo nieve<\/strong> que en el caso de fallo de la central de Wolf da la informaci\u00f3n necesaria para la activaci\u00f3n de las resistencias.<\/li>\n<li><strong>Unidad de monitorizaci\u00f3n<\/strong> del estado de los calefactores ubicado en el gabinete de circulaci\u00f3n con selector de modo de funcionamiento.<\/li>\n<li><strong>Armario de Energ\u00eda:<\/strong> Dispone de los distintos elementos de potencia, transformador de aislamiento, protecciones (Interruptor-Fusible y magnetot\u00e9rmicos)<\/li>\n<li><strong>Armarios de Distribuci\u00f3n<\/strong>: Dispone del correspondiente transformador de aislamiento. Etapa de protecci\u00f3n (Interruptores magnetot\u00e9rmicos, rel\u00e9 diferencial). Etapa de control (Rel\u00e9s de control de corriente encargados de controlar el consumo de las resistencias calefactores de la punta y el tal\u00f3n de cada aguja), nodo de entradas-salidas encargado de recopilar la informaci\u00f3n de los rel\u00e9s de consumo de las agujas, rel\u00e9 diferencial, puerta abierta, estado bypass, estado contactor, estado unidad de ventilaci\u00f3n-calefacci\u00f3n, recoger la informaci\u00f3n de la central de Wolf as\u00ed como activar el contactor de control de calefacci\u00f3n de agujas de forma remota.<\/li>\n<li><strong>Unidad de Calefacci\u00f3n<\/strong> encargada de evitar condensaciones.<\/li>\n<li>Armarios de intemperie disponen de <strong>termoventiladores o resistencias calefactoras<\/strong> para evitar condensaciones, adem\u00e1s no necesitan ventilaci\u00f3n forzada al tener todos sus componentes con rango extendido de temperatura.<\/li>\n<li>Toda la <strong>red de cables<\/strong> necesaria <strong>para las comunicaciones<\/strong>, suministro de energ\u00eda y suministro de energ\u00eda segura.<\/li>\n<\/ul>\n<h3>MANDOS<\/h3>\n<p>El sistema de calefactores de aguja dispone de tres mandos, esto es, tres elementos que pueden tomar el control del equipo. Estos son los siguientes.<\/p>\n<ul>\n<li><strong>Mando Telemando:<\/strong> El sistema calefactor est\u00e1 controlado desde el telemando. Modo por defecto cuando arranca el equipo.<\/li>\n<li><strong>Mando Local ACE:<\/strong> El sistema calefactor est\u00e1 controlado desde el armario de control de equipo, mediante la pantalla t\u00e1ctil de 17\u201d.<\/li>\n<li><strong>Mando Local ACG:<\/strong> El sistema calefactor est\u00e1 controlado desde el armario de control de gabinete, mediante dos pulsadores retro iluminados.<\/li>\n<\/ul>\n<h3>ARMARIO DE CONTROL<\/h3>\n<ul>\n<li>Permite realizar un test de mantenimiento preventivo que realiza la comprobaci\u00f3n de los elementos del sistema (Resistencias de carril, Central meteorol\u00f3gica y de Wolf, contactores, etc).<\/li>\n<li>Interface amigable de f\u00e1cil compresi\u00f3n y utilizaci\u00f3n. Visualizaci\u00f3n en pantalla del estado del equipo completo. Monitor t\u00e1ctil en Local ACE para ejecutar \u00f3rdenes.<\/li>\n<li>Hist\u00f3rico de eventos y aver\u00edas.<\/li>\n<li>Control de acceso mediante tarjeta para control en local.<\/li>\n<li>Control de los calefactores desde Telemando, Local ACE o Local ACG<\/li>\n<li>Monitor t\u00e1ctil en Local ACE para ejecutar \u00f3rdenes .<\/li>\n<li>Medida de temperatura de carril caliente.<\/li>\n<li>Medida de temperatura ambiente y humedad relativa.<\/li>\n<\/ul>\n<h3>INSTALACI\u00d3N CALEFACTOR DE AGUJAS<\/h3>\n<p><img loading=\"lazy\" decoding=\"async\" class=\"aligncenter wp-image-1192\" title=\"Equipo instalado Calefactor de Agujas - LogyTel\" src=\"https:\/\/logytel.es\/wp-content\/uploads\/2024\/03\/equipment-installed-heater-of-points-logytel.png\" alt=\"Equipo instalado Calefactor de Agujas - LogyTel\" width=\"538\" height=\"522\" srcset=\"https:\/\/logytel.es\/wp-content\/uploads\/2024\/03\/equipment-installed-heater-of-points-logytel.png 438w, https:\/\/logytel.es\/wp-content\/uploads\/2024\/03\/equipment-installed-heater-of-points-logytel-300x291.png 300w\" sizes=\"auto, (max-width: 538px) 100vw, 538px\" \/><\/p>\n<p>&nbsp;<\/p>\n<p><a href=\"https:\/\/logytel.es\/wp-content\/uploads\/2018\/06\/architecture-heater-of-points-logytel.png\" target=\"_blank\" rel=\"noopener\"><img loading=\"lazy\" decoding=\"async\" class=\"aligncenter wp-image-539\" title=\"Esquema de instalaci\u00f3n Calefactor de Agujas\" src=\"https:\/\/logytel.es\/wp-content\/uploads\/2024\/03\/architecture-heater-of-points-logytel-213x300.png\" alt=\"Esquema de instalaci\u00f3n Calefactor de Agujas\" width=\"430\" height=\"606\" srcset=\"https:\/\/logytel.es\/wp-content\/uploads\/2024\/03\/architecture-heater-of-points-logytel-213x300.png 213w, https:\/\/logytel.es\/wp-content\/uploads\/2024\/03\/architecture-heater-of-points-logytel-726x1024.png 726w, https:\/\/logytel.es\/wp-content\/uploads\/2024\/03\/architecture-heater-of-points-logytel-768x1083.png 768w, https:\/\/logytel.es\/wp-content\/uploads\/2024\/03\/architecture-heater-of-points-logytel-1089x1536.png 1089w, https:\/\/logytel.es\/wp-content\/uploads\/2024\/03\/architecture-heater-of-points-logytel.png 1449w\" sizes=\"auto, (max-width: 430px) 100vw, 430px\" \/><\/a><\/p>\n<\/section>\n<\/div>\n<\/div>\n<p>&nbsp;<\/p>\n<\/div>\n","protected":false},"excerpt":{"rendered":"<p>&nbsp; DESCRIPCI\u00d3N El calefactor de agujas es un sistema que permite el accionamiento manual o remoto las resistencias calefactoras de<\/p>\n","protected":false},"author":1,"featured_media":0,"parent":0,"menu_order":0,"comment_status":"closed","ping_status":"closed","template":"","meta":{"colormag_page_container_layout":"default_layout","colormag_page_sidebar_layout":"default_layout","footnotes":""},"class_list":["post-75","page","type-page","status-publish","hentry"],"_links":{"self":[{"href":"https:\/\/logytel.es\/index.php\/wp-json\/wp\/v2\/pages\/75","targetHints":{"allow":["GET"]}}],"collection":[{"href":"https:\/\/logytel.es\/index.php\/wp-json\/wp\/v2\/pages"}],"about":[{"href":"https:\/\/logytel.es\/index.php\/wp-json\/wp\/v2\/types\/page"}],"author":[{"embeddable":true,"href":"https:\/\/logytel.es\/index.php\/wp-json\/wp\/v2\/users\/1"}],"replies":[{"embeddable":true,"href":"https:\/\/logytel.es\/index.php\/wp-json\/wp\/v2\/comments?post=75"}],"version-history":[{"count":10,"href":"https:\/\/logytel.es\/index.php\/wp-json\/wp\/v2\/pages\/75\/revisions"}],"predecessor-version":[{"id":1427,"href":"https:\/\/logytel.es\/index.php\/wp-json\/wp\/v2\/pages\/75\/revisions\/1427"}],"wp:attachment":[{"href":"https:\/\/logytel.es\/index.php\/wp-json\/wp\/v2\/media?parent=75"}],"curies":[{"name":"wp","href":"https:\/\/api.w.org\/{rel}","templated":true}]}}