{"id":78,"date":"2024-03-07T10:25:50","date_gmt":"2024-03-07T09:25:50","guid":{"rendered":"http:\/\/localhost\/?page_id=78"},"modified":"2025-04-22T14:52:02","modified_gmt":"2025-04-22T12:52:02","slug":"asfa-digital-via","status":"publish","type":"page","link":"https:\/\/logytel.es\/index.php\/asfa-digital-via\/","title":{"rendered":"ASFA Digital V\u00eda"},"content":{"rendered":"<div class=\"entry-content\">\n<section class=\"log_product_content\">\n<h3>DESCRIPCI\u00d3N<\/h3>\n<p>El Sistema ASFA Digital ofrece una protecci\u00f3n contra sobrevelocidad a la largo de todo el recorrido del tren, y recibe la informaci\u00f3n\u00a0 de manera puntual mediante un sistema de balizas instaladas en v\u00eda.<\/p>\n<p>El sistema <a href=\"https:\/\/es.wikipedia.org\/wiki\/Anuncio_de_Se%C3%B1ales_y_Frenado_Autom%C3%A1tico\" target=\"_blank\" rel=\"noopener\"><strong>ASFA<\/strong><\/a><strong> Digital V\u00eda (ASFADV)<\/strong> instalado en v\u00edas mediante la Unidad de Conexi\u00f3n Digital (UCDIG) procesa la informaci\u00f3n procedente del aspecto de la se\u00f1al\u00a0 y mediante las balizas conectadas a este,\u00a0 m\u00e1s pr\u00f3xima al tren en su sentido de la marcha proporcionan informaci\u00f3n\u00a0 del aspecto de la se\u00f1al. Las balizas, tambi\u00e9n, env\u00edan informaciones de los Pasos a Nivel y de limitaciones de Velocidad.<\/p>\n<h3>ELEMENTOS ASFA DIGITAL V\u00cdA<\/h3>\n<p>El sistema ASFA Digital V\u00eda (ASFADV) consta de los siguientes elementos:<\/p>\n<ul>\n<li><a href=\"https:\/\/logytel.es\/index.php\/balizas-asfa-digital\/\">Balizas ASFA Digital<\/a>.<\/li>\n<li><a href=\"https:\/\/logytel.es\/index.php\/unidad-de-conexion-digital-asfad-asfadv_ucp_et1-y-asfadv_eic_et1\/\">Unidad de Conexi\u00f3n Digital\u00a0(ASFADV_UCP_ET1 y ASFADV_EIC_ET1).<\/a><\/li>\n<li><a href=\"https:\/\/logytel.es\/index.php\/equipo-comprobador-de-balizas-en-sistema-asfa-digital-asfadv_ecb\/\">Equipo Comprobador de Balizas (ASFADV_ECB).<\/a><\/li>\n<li><a href=\"https:\/\/logytel.es\/index.php\/sistema-de-ayuda-al-mantenimiento-del-sistema-asfa-digital-via-sam\/\">Sistema de Ayuda al Mantenimiento (SAM).<\/a><\/li>\n<\/ul>\n<\/section>\n<\/div>\n","protected":false},"excerpt":{"rendered":"<p>DESCRIPCI\u00d3N El Sistema ASFA Digital ofrece una protecci\u00f3n contra sobrevelocidad a la largo de todo el recorrido del tren, y<\/p>\n","protected":false},"author":1,"featured_media":0,"parent":0,"menu_order":0,"comment_status":"closed","ping_status":"closed","template":"","meta":{"colormag_page_container_layout":"default_layout","colormag_page_sidebar_layout":"default_layout","footnotes":""},"class_list":["post-78","page","type-page","status-publish","hentry"],"_links":{"self":[{"href":"https:\/\/logytel.es\/index.php\/wp-json\/wp\/v2\/pages\/78","targetHints":{"allow":["GET"]}}],"collection":[{"href":"https:\/\/logytel.es\/index.php\/wp-json\/wp\/v2\/pages"}],"about":[{"href":"https:\/\/logytel.es\/index.php\/wp-json\/wp\/v2\/types\/page"}],"author":[{"embeddable":true,"href":"https:\/\/logytel.es\/index.php\/wp-json\/wp\/v2\/users\/1"}],"replies":[{"embeddable":true,"href":"https:\/\/logytel.es\/index.php\/wp-json\/wp\/v2\/comments?post=78"}],"version-history":[{"count":6,"href":"https:\/\/logytel.es\/index.php\/wp-json\/wp\/v2\/pages\/78\/revisions"}],"predecessor-version":[{"id":2112,"href":"https:\/\/logytel.es\/index.php\/wp-json\/wp\/v2\/pages\/78\/revisions\/2112"}],"wp:attachment":[{"href":"https:\/\/logytel.es\/index.php\/wp-json\/wp\/v2\/media?parent=78"}],"curies":[{"name":"wp","href":"https:\/\/api.w.org\/{rel}","templated":true}]}}