{"id":79,"date":"2024-03-07T10:25:50","date_gmt":"2024-03-07T09:25:50","guid":{"rendered":"http:\/\/localhost\/?page_id=79"},"modified":"2025-04-22T11:33:59","modified_gmt":"2025-04-22T09:33:59","slug":"contador-de-ejes","status":"publish","type":"page","link":"https:\/\/logytel.es\/index.php\/contador-de-ejes\/","title":{"rendered":"Contador de Ejes"},"content":{"rendered":"<h3>DESCRIPCI\u00d3N<\/h3>\n<p>LogyTel provee el Equipo Contador de Ejes para el mercado ferroviario de la se\u00f1alizaci\u00f3n.<\/p>\n<p><img loading=\"lazy\" decoding=\"async\" class=\"alignnone wp-image-471\" title=\"Equipo Contador de Ejes\" src=\"https:\/\/logytel.es\/wp-content\/uploads\/2024\/03\/Contador_Ejes_Vista-300x159.png\" alt=\"Equipo Contador de Ejes\" width=\"753\" height=\"399\" srcset=\"https:\/\/logytel.es\/wp-content\/uploads\/2024\/03\/Contador_Ejes_Vista-300x159.png 300w, https:\/\/logytel.es\/wp-content\/uploads\/2024\/03\/Contador_Ejes_Vista.png 753w\" sizes=\"auto, (max-width: 753px) 100vw, 753px\" \/><\/p>\n<p>Los sistemas de contadores electr\u00f3nicos de ejes se utilizan, de igual modo que los circuitos de v\u00eda, para detectar la presencia, e integridad, del tren dentro de unos cantones \u00f3 secciones de v\u00eda definidas. Su funcionamiento no depende de las condiciones de la v\u00eda, por ello est\u00e1n especialmente indicados para secciones de v\u00eda de dif\u00edcil aislamiento y problemas de shuntaje.<\/p>\n<p>Como equipo vital integrante de instalaciones ferroviarias, es un sistema de seguridad, es decir, proyectado y construido para que cualquier fallo o anomal\u00eda que pueda producirse repercuta en el establecimiento de una condici\u00f3n segura.<\/p>\n<p>El sistema eval\u00faa las diferencias en valores de recuento a partir de los puntos de detecci\u00f3n de una secci\u00f3n y en funci\u00f3n de ello determina el estado de ocupaci\u00f3n.<\/p>\n<p>Esencialmente el sistema se compone de un sensor pasivo ubicado en el entorno de la v\u00eda y un equipo electr\u00f3nico, situado en edificios t\u00e9cnicos, encargado de excitar al sensor , determinar el paso de eje y efectuar el recuento en funci\u00f3n de la informaci\u00f3n recogida de dos o m\u00e1s sensores.<\/p>\n<h3>CARACTER\u00cdSTICAS<\/h3>\n<ul>\n<li>Equipo con un nivel de integridad <a href=\"http:\/\/es.wikipedia.org\/wiki\/Safety_Integrity_Level\" target=\"_blank\" rel=\"noopener\">SIL 4<\/a>, conforme al Standard CENELEC.<\/li>\n<li>Circuito sensor pasivo LC, dotado de dise\u00f1o robusto y compacto creado espec\u00edficamente para asegurar la integridad y el funcionamiento correcto bajo condiciones habituales de los dispositivos instalados en v\u00eda.<\/li>\n<li>Dise\u00f1ado para funcionar correctamente para los siguientes tipos de carril: UIC54, UIC54E, UIC 60.<\/li>\n<li>Electr\u00f3nica de Control ubicada en dependencias t\u00e9cnicas con el fin de disminuir la probabilidad de aver\u00edas, reducir el tiempo medio de reparaci\u00f3n (MTTR).<\/li>\n<li>Indicaci\u00f3n estado de ocupaci\u00f3n por medio de contactos libres de rel\u00e9, puerto serie y puerto Ethernet.<\/li>\n<\/ul>\n<h3>NORMATIVA<\/h3>\n<ul>\n<li><strong>UNE-EN 50126:<\/strong> \u201cAplicaciones ferroviarias: Especificaci\u00f3n y demostraci\u00f3n de la fiabilidad, la disponibilidad, la mantenibilidad, y la seguridad (RAMS)\u201d.<\/li>\n<li><strong>UNE-EN 50129:<\/strong> \u201cAplicaciones ferroviarias: Sistemas de comunicaci\u00f3n, se\u00f1alizaci\u00f3n y procesamiento. Sistemas electr\u00f3nicos relacionados con la seguridad para la se\u00f1alizaci\u00f3n\u201d.<\/li>\n<li><strong>UNE-EN 50128:<\/strong> \u201cAplicaciones ferroviarias: Sistemas de comunicaci\u00f3n, se\u00f1alizaci\u00f3n y procesamiento. Aplicaciones ferroviarias: Sistemas de comunicaci\u00f3n, se\u00f1alizaci\u00f3n y procesamiento. Sistemas electr\u00f3nicos relacionados con la seguridad para la se\u00f1alizaci\u00f3n\u201d.<\/li>\n<li><strong>UNE-EN 50159\u20131:<\/strong> \u201cAplicaciones ferroviarias. Sistemas de comunicaci\u00f3n, se\u00f1alizaci\u00f3n y procesamiento. Parte 1: Comunicaci\u00f3n segura en sistemas de transmisi\u00f3n cerrados\u201d.<\/li>\n<li><strong>UNE-EN 50159\u20132:<\/strong> \u201cAplicaciones ferroviarias. Sistemas de comunicaci\u00f3n, se\u00f1alizaci\u00f3n y procesamiento. Parte 2: Comunicaci\u00f3n segura en sistemas de transmisi\u00f3n abiertos\u201d.<\/li>\n<li><strong>UNE-EN 50125-3:<\/strong> \u201cAplicaciones ferroviarias. Condiciones ambientales para el equipo. Parte 3: Equipos para telecomunicaciones y se\u00f1alizaci\u00f3n\u201d.<\/li>\n<li><strong>UNE-EN 50121-4:<\/strong> \u201cAplicaciones ferroviarias. Compatibilidad electromagn\u00e9tica. Parte 4: Emisi\u00f3n e inmunidad de los aparatos de se\u00f1alizaci\u00f3n y de telecomunicaci\u00f3n\u201d.<\/li>\n<\/ul>\n<h3>CARACTER\u00cdSTICAS EL\u00c9CTRICAS<\/h3>\n<table id=\"log_table_detail\" style=\"height: 35px;\" width=\"478\">\n<tbody>\n<tr>\n<td width=\"65%\">Tensi\u00f3n de entrada<\/td>\n<td class=\"alt_v\">230Vca (85-265)<\/td>\n<\/tr>\n<\/tbody>\n<\/table>\n","protected":false},"excerpt":{"rendered":"<p>DESCRIPCI\u00d3N LogyTel provee el Equipo Contador de Ejes para el mercado ferroviario de la se\u00f1alizaci\u00f3n. Los sistemas de contadores electr\u00f3nicos<\/p>\n","protected":false},"author":1,"featured_media":0,"parent":0,"menu_order":0,"comment_status":"closed","ping_status":"closed","template":"","meta":{"colormag_page_container_layout":"default_layout","colormag_page_sidebar_layout":"default_layout","footnotes":""},"class_list":["post-79","page","type-page","status-publish","hentry"],"_links":{"self":[{"href":"https:\/\/logytel.es\/index.php\/wp-json\/wp\/v2\/pages\/79","targetHints":{"allow":["GET"]}}],"collection":[{"href":"https:\/\/logytel.es\/index.php\/wp-json\/wp\/v2\/pages"}],"about":[{"href":"https:\/\/logytel.es\/index.php\/wp-json\/wp\/v2\/types\/page"}],"author":[{"embeddable":true,"href":"https:\/\/logytel.es\/index.php\/wp-json\/wp\/v2\/users\/1"}],"replies":[{"embeddable":true,"href":"https:\/\/logytel.es\/index.php\/wp-json\/wp\/v2\/comments?post=79"}],"version-history":[{"count":7,"href":"https:\/\/logytel.es\/index.php\/wp-json\/wp\/v2\/pages\/79\/revisions"}],"predecessor-version":[{"id":2104,"href":"https:\/\/logytel.es\/index.php\/wp-json\/wp\/v2\/pages\/79\/revisions\/2104"}],"wp:attachment":[{"href":"https:\/\/logytel.es\/index.php\/wp-json\/wp\/v2\/media?parent=79"}],"curies":[{"name":"wp","href":"https:\/\/api.w.org\/{rel}","templated":true}]}}