{"id":80,"date":"2024-03-07T10:25:51","date_gmt":"2024-03-07T09:25:51","guid":{"rendered":"http:\/\/localhost\/?page_id=80"},"modified":"2024-03-26T11:50:13","modified_gmt":"2024-03-26T10:50:13","slug":"senal-modular-led","status":"publish","type":"page","link":"https:\/\/logytel.es\/index.php\/senal-modular-led\/","title":{"rendered":"Se\u00f1al Modular Led"},"content":{"rendered":"<div id=\"content\" class=\"site-content\" tabindex=\"-1\">\n<div class=\"col-full\">\n<div id=\"primary\" class=\"content-area\">\n<p>&nbsp;<\/p>\n<div id=\"post-4105\" class=\"post-4105 page type-page status-publish hentry\">\n<div class=\"entry-content\">\n<section class=\"log_product_content\">\n<h3>DESCRIPCI\u00d3N<\/h3>\n<p>Se\u00f1al Modular Led con l\u00e1mparas de <a href=\"http:\/\/es.wikipedia.org\/wiki\/Led\" target=\"_blank\" rel=\"noopener\">tecnolog\u00eda led<\/a>.\u00a0Se\u00f1al robusta de amplio uso, concebida con combinaciones de m\u00f3dulos: Base, Lateral, \u00e1ngulo a izquierda y \u00e1ngulo a derecha.<\/p>\n<p><img loading=\"lazy\" decoding=\"async\" class=\"aligncenter wp-image-480\" title=\"Se\u00f1al Modular Led\" src=\"https:\/\/logytel.es\/wp-content\/uploads\/2024\/03\/Mod_Led_Categoria-300x300.png\" alt=\"Se\u00f1al Modular Led\" width=\"411\" height=\"411\" srcset=\"https:\/\/logytel.es\/wp-content\/uploads\/2024\/03\/Mod_Led_Categoria-300x300.png 300w, https:\/\/logytel.es\/wp-content\/uploads\/2024\/03\/Mod_Led_Categoria-150x150.png 150w, https:\/\/logytel.es\/wp-content\/uploads\/2024\/03\/Mod_Led_Categoria.png 525w\" sizes=\"auto, (max-width: 411px) 100vw, 411px\" \/><\/p>\n<p>&nbsp;<\/p>\n<h3>CARACTER\u00cdSTICAS SE\u00d1AL MODULAR LED<\/h3>\n<\/section>\n<section class=\"log_product_content\">\n<ul>\n<li>Realizada en aluminio fundido por gravedad, calidad AL2520 seg\u00fan UNE EN 1780.<\/li>\n<li>Bases de se\u00f1al alta y baja en fundici\u00f3n gris, calidad seg\u00fan ASTM A48.<\/li>\n<li>Torniller\u00eda de acero inoxidable AISI calidad A-2. Viseras y pantallas en aluminio AL5754.<\/li>\n<li>Formada a partir de m\u00f3dulos. Permite la formaci\u00f3n en \u00e1ngulo.<\/li>\n<li>Autoportante desde la base, Permite montaje como se\u00f1al baja y en se\u00f1al alta sobre m\u00e1stil.<\/li>\n<li>Multi-\u00f3ptica; La se\u00f1al permite el uso diferentes di\u00e1metros por medio de adaptadores mec\u00e1nicos. 140, 160, 200 mm.<\/li>\n<li>Multicolor: Puede utilizar lente de color o transparente para led de color.<\/li>\n<li>Acceso trasero con puerta individual, habilitada para candado.<\/li>\n<li>Disponible en uno, dos, tres, cuatro aspectos y adaptable a combinaciones.<\/li>\n<li>Grado de protecci\u00f3n IP 65.<\/li>\n<li>Viseras desmontables de diferentes tama\u00f1os.<\/li>\n<\/ul>\n<h3>CARACTER\u00cdSTICAS MEC\u00c1NICAS<\/h3>\n<p><img loading=\"lazy\" decoding=\"async\" class=\"aligncenter wp-image-478\" title=\"Caracter\u00edsticas Mec\u00e1nicas Se\u00f1al Modular Led\" src=\"https:\/\/logytel.es\/wp-content\/uploads\/2024\/03\/MOD_LED_Tec-300x213.png\" alt=\"Caracter\u00edsticas Mec\u00e1nicas Se\u00f1al Modular Led\" width=\"514\" height=\"365\" srcset=\"https:\/\/logytel.es\/wp-content\/uploads\/2024\/03\/MOD_LED_Tec-300x213.png 300w, https:\/\/logytel.es\/wp-content\/uploads\/2024\/03\/MOD_LED_Tec.png 553w\" sizes=\"auto, (max-width: 514px) 100vw, 514px\" \/><\/p>\n<\/section>\n<\/div>\n<\/div>\n<p>&nbsp;<\/p>\n<\/div>\n<\/div>\n<\/div>\n<footer id=\"colophon\" class=\"site-footer\" role=\"contentinfo\">\n<div class=\"footer-social-icon\">\n<div class=\"col-full\">\n<div class=\"storedesign-social-networks storedesign-social-networks-footer\"><\/div>\n<\/div>\n<\/div>\n<\/footer>\n","protected":false},"excerpt":{"rendered":"<p>&nbsp; DESCRIPCI\u00d3N Se\u00f1al Modular Led con l\u00e1mparas de tecnolog\u00eda led.\u00a0Se\u00f1al robusta de amplio uso, concebida con combinaciones de m\u00f3dulos: Base,<\/p>\n","protected":false},"author":1,"featured_media":0,"parent":0,"menu_order":0,"comment_status":"closed","ping_status":"closed","template":"","meta":{"colormag_page_container_layout":"default_layout","colormag_page_sidebar_layout":"default_layout","footnotes":""},"class_list":["post-80","page","type-page","status-publish","hentry"],"_links":{"self":[{"href":"https:\/\/logytel.es\/index.php\/wp-json\/wp\/v2\/pages\/80","targetHints":{"allow":["GET"]}}],"collection":[{"href":"https:\/\/logytel.es\/index.php\/wp-json\/wp\/v2\/pages"}],"about":[{"href":"https:\/\/logytel.es\/index.php\/wp-json\/wp\/v2\/types\/page"}],"author":[{"embeddable":true,"href":"https:\/\/logytel.es\/index.php\/wp-json\/wp\/v2\/users\/1"}],"replies":[{"embeddable":true,"href":"https:\/\/logytel.es\/index.php\/wp-json\/wp\/v2\/comments?post=80"}],"version-history":[{"count":8,"href":"https:\/\/logytel.es\/index.php\/wp-json\/wp\/v2\/pages\/80\/revisions"}],"predecessor-version":[{"id":1220,"href":"https:\/\/logytel.es\/index.php\/wp-json\/wp\/v2\/pages\/80\/revisions\/1220"}],"wp:attachment":[{"href":"https:\/\/logytel.es\/index.php\/wp-json\/wp\/v2\/media?parent=80"}],"curies":[{"name":"wp","href":"https:\/\/api.w.org\/{rel}","templated":true}]}}