{"id":81,"date":"2024-03-07T10:25:51","date_gmt":"2024-03-07T09:25:51","guid":{"rendered":"http:\/\/localhost\/?page_id=81"},"modified":"2026-03-25T08:18:24","modified_gmt":"2026-03-25T07:18:24","slug":"auscultador-con-contacto","status":"publish","type":"page","link":"https:\/\/logytel.es\/index.php\/auscultador-con-contacto\/","title":{"rendered":"Auscultador con Contacto"},"content":{"rendered":"<div id=\"content\" class=\"site-content\" tabindex=\"-1\">\n<div class=\"col-full\">\n<div id=\"primary\" class=\"content-area\">\n<p><strong>DESCRIPCI\u00d3N<\/strong><\/p>\n<div id=\"post-2661\" class=\"post-2661 page type-page status-publish hentry\">\n<div class=\"entry-content\">\n<p><img loading=\"lazy\" decoding=\"async\" class=\"aligncenter wp-image-1531\" title=\"Auscultador con Contacto\" src=\"https:\/\/web.archive.org\/web\/20230610052702im_\/https:\/\/logytel.es\/wp-content\/uploads\/2012\/09\/auscultador-cc-logytel-289x300.png\" sizes=\"auto, (max-width: 335px) 100vw, 335px\" srcset=\"https:\/\/web.archive.org\/web\/20230610052702im_\/https:\/\/logytel.es\/wp-content\/uploads\/2012\/09\/auscultador-cc-logytel-289x300.png 289w, https:\/\/web.archive.org\/web\/20230610052702im_\/https:\/\/logytel.es\/wp-content\/uploads\/2012\/09\/auscultador-cc-logytel.png 635w\" alt=\"\" width=\"301\" height=\"313\" \/><\/p>\n<p>Su misi\u00f3n es la de auscultar la <a href=\"https:\/\/es.wikipedia.org\/wiki\/Catenaria_(ferrocarril)#:~:text=En%20ferrocarriles%2C%20se%20denomina%20catenaria,red%20de%20ADIF%20(Espa%C3%B1a).\" target=\"_blank\" rel=\"noopener\">catenaria<\/a> registrando medidas de altura y descentramiento. La altura de la catenaria se mide por laser o potenci\u00f3metro y el descentramiento por mesilla de sensores inductivos<\/p>\n<ul>\n<li>Aviso de alarmas en tiempo real.<\/li>\n<li>Detecci\u00f3n de apoyos por tecnolog\u00eda l\u00e1ser y Software<\/li>\n<li>Compensaci\u00f3n de la suspensi\u00f3n por Potenci\u00f3metro o LVDT.<\/li>\n<li>Registro de posici\u00f3n del veh\u00edculo por GPS y odometr\u00eda.<\/li>\n<li>Grabaci\u00f3n y visualizaci\u00f3n de video con datos de la auscultaci\u00f3n. Toma muestras cada 0.25 m y almacena la auscultaci\u00f3n en base de datos.<\/li>\n<li>C\u00e1lculo de la pendiente entre postes, tijera, flecha y contra-flecha.<\/li>\n<li>Permite la visualizaci\u00f3n, impresi\u00f3n y exportaci\u00f3n a Excel de la auscultaci\u00f3n.<\/li>\n<\/ul>\n<p><center><iframe loading=\"lazy\"\n  width=\"300\"\n  height=\"200\"\n  src=\"https:\/\/www.youtube.com\/embed\/et74bfpegN0?rel=0\"\n  frameborder=\"0\"\n  allowfullscreen><br \/>\n<\/iframe><\/center><\/p>\n<h3><strong>CARACTER\u00cdSTICAS GENERALES<\/strong><\/h3>\n<p><strong>REALIZA LA AUSCULTACI\u00d3N DE CATENARIA TOMANDO MEDIDAS DE ALTURA Y DESCENTRAMIENTO<\/strong><\/p>\n<ul>\n<li>Velocidad m\u00e1xima de auscultaci\u00f3n: 60 km\/h.<\/li>\n<li>Rango de medici\u00f3n de la altura por l\u00e1ser: 4.4 m \u2013 6.2 m.<\/li>\n<li>El error de medici\u00f3n de la altura es ? ?%=0.16 (10 mm).<\/li>\n<li>Rango de medici\u00f3n de descentramiento: de -47.5 cm a +47.5 cm.<\/li>\n<li>Resoluci\u00f3n de descentramiento: 1,3 cm.<\/li>\n<li>El error de medici\u00f3n del descentramiento es ? ?%=0.1 (6,5 mm).<\/li>\n<\/ul>\n<p><strong>SE UTILIZA LA COMPENSACI\u00d3N DE LA SUSPENSI\u00d3N PARA LAS MEDIDAS DE ALTURA Y DESCENTRAMIENTO MEDIANTE SENSORES LVDT<\/strong><\/p>\n<ul>\n<li>Rango de medici\u00f3n de la suspensi\u00f3n: \u00b150 mm.<\/li>\n<li>El error de medici\u00f3n del aplastamiento permitido es ? ?%=10.0 (5 mm).<\/li>\n<li>El error de medici\u00f3n de la basculaci\u00f3n permitido es ? ?%=2.5 (5 mm).<\/li>\n<\/ul>\n<p><strong>LECTURA DE LA POSICI\u00d3N DEL VEH\u00cdCULO POR GPS<\/strong><\/p>\n<ul>\n<li>Interface serie RS232 (protocolo NMEA0183).<\/li>\n<li>Sensibilidad: -150 dbM.<\/li>\n<li>Ratio de salida de datos: 0.5-4 Hz.<\/li>\n<li>Precisi\u00f3n con DGPS: 2.6 m.<\/li>\n<li>3 canales SBAS (BASS-EGNOS-RTCM).<\/li>\n<\/ul>\n<p><strong>DETECCI\u00d3N AUTOM\u00c1TICA DE POSTES POR TECNOLOG\u00cdA L\u00c1SER<\/strong><\/p>\n<ul>\n<li>Frecuencia de funcionamiento: 250 Hz.<\/li>\n<li>Rango de funcionamiento: 200 \u2013 6000 mm.<\/li>\n<li>Grado de protecci\u00f3n IP67.<\/li>\n<\/ul>\n<p><strong>REALIZA GRABACI\u00d3N Y VISUALIZACI\u00d3N DE LA AUSCULTACI\u00d3N REALIZADA<\/strong><\/p>\n<ul>\n<li>C\u00e1mara submarina tubular IP68 con sensor CCD 1\/3\u201d y \u00f3ptica fija de 3.6 mm.<\/li>\n<li>Resoluci\u00f3n de la c\u00e1mara de 420 LTV con ajuste autom\u00e1tico de luminosidad (AES).<\/li>\n<li>Iluminaci\u00f3n m\u00ednima de 1 Lux a F 2.0.<\/li>\n<li>Videos de resoluci\u00f3n VGA (640\u00d7480) a 25 fps en formato comprimido 3ivx MPEG-4.<\/li>\n<\/ul>\n<h3>INSTALACI\u00d3N EN DRESINAS<\/h3>\n<p><strong><img loading=\"lazy\" decoding=\"async\" class=\" wp-image-1298 aligncenter\" title=\"Auscultador con contacto Instalaci\u00f3n en dresina Logytel 01\" src=\"https:\/\/web.archive.org\/web\/20230610052702im_\/https:\/\/logytel.es\/wp-content\/uploads\/2012\/08\/inspect-with-contact-installation-in-track-cars-01-logytel.png?w=300\" sizes=\"auto, (max-width: 300px) 100vw, 300px\" srcset=\"https:\/\/web.archive.org\/web\/20230610052702im_\/https:\/\/logytel.es\/wp-content\/uploads\/2012\/08\/inspect-with-contact-installation-in-track-cars-01-logytel.png 496w, https:\/\/web.archive.org\/web\/20230610052702im_\/https:\/\/logytel.es\/wp-content\/uploads\/2012\/08\/inspect-with-contact-installation-in-track-cars-01-logytel-300x277.png 300w\" alt=\"Auscultador con contacto Instalaci\u00f3n en dresina 01 - Logytel\" width=\"316\" height=\"292\" \/><\/strong><\/p>\n<p style=\"text-align: center;\"><strong>DRESINA TIPO PLASSER DIC-40 ADIF<\/strong><\/p>\n<p style=\"text-align: center;\">Base de mantenimiento: Villaverde alto, Hospitalet, Valencia y Sevilla.<\/p>\n<p><img loading=\"lazy\" decoding=\"async\" class=\" wp-image-1299 aligncenter\" title=\"Auscultador con contacto instalaci\u00f3n en dresinas Logytel 02\" src=\"https:\/\/web.archive.org\/web\/20230610052702im_\/https:\/\/logytel.es\/wp-content\/uploads\/2012\/08\/inspect-with-contact-installation-in-track-cars-02-logytel.png?w=300\" sizes=\"auto, (max-width: 322px) 100vw, 322px\" srcset=\"https:\/\/web.archive.org\/web\/20230610052702im_\/https:\/\/logytel.es\/wp-content\/uploads\/2012\/08\/inspect-with-contact-installation-in-track-cars-02-logytel.png 556w, https:\/\/web.archive.org\/web\/20230610052702im_\/https:\/\/logytel.es\/wp-content\/uploads\/2012\/08\/inspect-with-contact-installation-in-track-cars-02-logytel-300x290.png 300w\" alt=\"Auscultador con contacto Instalaci\u00f3n en dresina 02 - Logytel\" width=\"322\" height=\"311\" \/><\/p>\n<p style=\"text-align: center;\"><strong>DRESINA TIPO T. ALEGR\u00cdA VEL 400 ADIF<\/strong><\/p>\n<p style=\"text-align: center;\">Base de mantenimiento: Le\u00f3n.<\/p>\n<p><strong><img loading=\"lazy\" decoding=\"async\" class=\" wp-image-1300 aligncenter\" title=\"Auscultador con contacto instalaci\u00f3n en dresinas Logytel 03\" src=\"https:\/\/web.archive.org\/web\/20230610052702im_\/https:\/\/logytel.es\/wp-content\/uploads\/2012\/08\/inspect-with-contact-installation-in-track-cars-03-logytel.png\" alt=\"Auscultador con contacto Instalaci\u00f3n en dresina 03 - Logytel\" width=\"331\" height=\"283\" \/><\/strong><\/p>\n<p style=\"text-align: center;\"><strong>DRESINA TIPO COMETI<\/strong><\/p>\n<p style=\"text-align: center;\">Base de mantenimiento: Bilbao<\/p>\n<h3>REGISTRO<\/h3>\n<p><img loading=\"lazy\" decoding=\"async\" class=\" wp-image-1297 aligncenter\" title=\"Auscultador con contacto Registro Logytel\" src=\"https:\/\/web.archive.org\/web\/20230610052702im_\/https:\/\/logytel.es\/wp-content\/uploads\/2012\/08\/inspect-with-contact-register-logytel.png?w=300\" sizes=\"auto, (max-width: 670px) 100vw, 670px\" srcset=\"https:\/\/web.archive.org\/web\/20230610052702im_\/https:\/\/logytel.es\/wp-content\/uploads\/2012\/08\/inspect-with-contact-register-logytel.png 685w, https:\/\/web.archive.org\/web\/20230610052702im_\/https:\/\/logytel.es\/wp-content\/uploads\/2012\/08\/inspect-with-contact-register-logytel-300x198.png 300w\" alt=\"Auscultador con contacto Registro - Logytel\" width=\"930\" height=\"615\" \/><\/p>\n<\/div>\n<\/div>\n<\/div>\n<\/div>\n<\/div>\n","protected":false},"excerpt":{"rendered":"<p>DESCRIPCI\u00d3N Su misi\u00f3n es la de auscultar la catenaria registrando medidas de altura y descentramiento. La altura de la catenaria<\/p>\n","protected":false},"author":1,"featured_media":0,"parent":0,"menu_order":0,"comment_status":"closed","ping_status":"closed","template":"","meta":{"colormag_page_container_layout":"default_layout","colormag_page_sidebar_layout":"default_layout","footnotes":""},"class_list":["post-81","page","type-page","status-publish","hentry"],"_links":{"self":[{"href":"https:\/\/logytel.es\/index.php\/wp-json\/wp\/v2\/pages\/81","targetHints":{"allow":["GET"]}}],"collection":[{"href":"https:\/\/logytel.es\/index.php\/wp-json\/wp\/v2\/pages"}],"about":[{"href":"https:\/\/logytel.es\/index.php\/wp-json\/wp\/v2\/types\/page"}],"author":[{"embeddable":true,"href":"https:\/\/logytel.es\/index.php\/wp-json\/wp\/v2\/users\/1"}],"replies":[{"embeddable":true,"href":"https:\/\/logytel.es\/index.php\/wp-json\/wp\/v2\/comments?post=81"}],"version-history":[{"count":15,"href":"https:\/\/logytel.es\/index.php\/wp-json\/wp\/v2\/pages\/81\/revisions"}],"predecessor-version":[{"id":2320,"href":"https:\/\/logytel.es\/index.php\/wp-json\/wp\/v2\/pages\/81\/revisions\/2320"}],"wp:attachment":[{"href":"https:\/\/logytel.es\/index.php\/wp-json\/wp\/v2\/media?parent=81"}],"curies":[{"name":"wp","href":"https:\/\/api.w.org\/{rel}","templated":true}]}}