{"id":82,"date":"2024-03-07T10:25:51","date_gmt":"2024-03-07T09:25:51","guid":{"rendered":"http:\/\/localhost\/?page_id=82"},"modified":"2024-03-26T12:09:33","modified_gmt":"2024-03-26T11:09:33","slug":"telemando-de-electrificacion-atlantis","status":"publish","type":"page","link":"https:\/\/logytel.es\/index.php\/telemando-de-electrificacion-atlantis\/","title":{"rendered":"Telemando de Electrificaci\u00f3n (ATLANTIS)"},"content":{"rendered":"<div class=\"entry-content\">\n<section class=\"log_product_content\">\n<h3>DESCRIPCI\u00d3N<\/h3>\n<p>El Sistema Atlantis de Logytel es una plataforma <a href=\"http:\/\/es.wikipedia.org\/wiki\/SCADA\" target=\"_blank\" rel=\"noopener\">SCADA<\/a> vers\u00e1til, utilizada como Puesto Central de Telemando de Energ\u00eda que permite el env\u00edo de \u00f3rdenes y la recepci\u00f3n de los estados de los elementos de campo controlados por dicho <a href=\"http:\/\/es.wikipedia.org\/wiki\/Telecontrol\" target=\"_blank\" rel=\"noopener\">Telemando<\/a>. La comunicaci\u00f3n con los elementos de campo se realiza en IEC-870-101 \u00f3 IEC-870-104 dependiendo de las caracter\u00edsticas de las comunicaciones hasta los elementos remotos.<\/p>\n<p>El sistema cumple la E.T. 03.359.120.7 de Adif: \u201cPrescripciones T\u00e9cnicas y Funcionales para el Suministro y Montaje de Telemandos de Energ\u00eda (L\u00edneas Convencionales)\u201d de Febrero de 2007.<\/p>\n<p>La composici\u00f3n hardware habitual de este sistema est\u00e1 formada por:<\/p>\n<ul>\n<li>Cluster de Servidores con funciones de Tiempo Real<\/li>\n<li>Cluster de Servidores con funciones de almacenamiento de Hist\u00f3ricos.<\/li>\n<li>Servidor de comunicaciones (dependiendo del protocolo utilizado).<\/li>\n<li>Puestos de Operaci\u00f3n, con 4 pantallas\/Puestos de Administraci\u00f3n.<\/li>\n<\/ul>\n<p>Las funciones de los clusters pueden intercambiarse, si ocurre una aver\u00eda en los servidores considerados de Tiempo Real, el sistema conmutar\u00e1 a los otros servidores no dejando fuera de servicio el telemando en ning\u00fan momento.<\/p>\n<p><img loading=\"lazy\" decoding=\"async\" class=\"wp-image-528 aligncenter\" title=\"TELEMANDO ATLANTIS LOGYTEL\" src=\"https:\/\/logytel.es\/wp-content\/uploads\/2024\/03\/atlantis-01-logytel-300x172.png\" alt=\"TELEMANDO ATLANTIS LOGYTEL\" width=\"809\" height=\"464\" srcset=\"https:\/\/logytel.es\/wp-content\/uploads\/2024\/03\/atlantis-01-logytel-300x172.png 300w, https:\/\/logytel.es\/wp-content\/uploads\/2024\/03\/atlantis-01-logytel-768x440.png 768w, https:\/\/logytel.es\/wp-content\/uploads\/2024\/03\/atlantis-01-logytel.png 926w\" sizes=\"auto, (max-width: 809px) 100vw, 809px\" \/><\/p>\n<h3><strong>DETALLE ESQUEMA EL\u00c9CTRICO <\/strong><\/h3>\n<h4>CARACTER\u00cdSTICAS PRINCIPALES<\/h4>\n<ul>\n<li>Entrada mediante usuario y clave, posibilidad de trabajar con control de acceso de usuarios mediante lectura de tarjeta identificativa.<\/li>\n<li>Entorno gr\u00e1fico de operaci\u00f3n y visualizaci\u00f3n de todos los elementos de campo. Permite la impresi\u00f3n de la pantalla con la situaci\u00f3n \u201cactual\u201d de los seccionadores.<\/li>\n<li>Visualizaci\u00f3n y reconocimiento de alarmas recibidas (permite filtrado, guardado e impresi\u00f3n).<\/li>\n<li>Representaci\u00f3n gr\u00e1fica de la situaci\u00f3n de las comunicaciones con campo.<\/li>\n<li>Representaci\u00f3n Topol\u00f3gica del sistema.<\/li>\n<li>Representaci\u00f3n gr\u00e1fica del estado de las v\u00edas, mediante una aplicaci\u00f3n de l\u00f3gica de tensi\u00f3n de catenaria.<\/li>\n<li>Visualizaci\u00f3n del estado de todas las se\u00f1ales de base de datos en forma de listados.<\/li>\n<li>Ayuda en formato web.<\/li>\n<li>Acceso a la administraci\u00f3n para los usuarios autorizados y en los puestos definidos para ello.<\/li>\n<li>Inserci\u00f3n de nuevas l\u00edneas de comunicaciones o modificaci\u00f3n o borrado de l\u00edneas ya existentes desde el programa de administraci\u00f3n, sin necesidad de parada de sistema, en tiempo real.<\/li>\n<li>Inserci\u00f3n de nuevas remotas.<\/li>\n<li>Inserci\u00f3n de nuevas se\u00f1ales asociadas a una remota<\/li>\n<li>Edici\u00f3n de las p\u00e1ginas de representaci\u00f3n de un modo sencillo.<\/li>\n<li>Funci\u00f3n moviola.<\/li>\n<li>Dispone de herramienta de edici\u00f3n gr\u00e1fica de f\u00e1cil y r\u00e1pido manejo.<\/li>\n<\/ul>\n<h3>PUESTOS CENTRALES<\/h3>\n<p><img loading=\"lazy\" decoding=\"async\" class=\"aligncenter wp-image-529\" title=\"Centro de Control Remoto 01 ATLANTIS LOGYTEL\" src=\"https:\/\/logytel.es\/wp-content\/uploads\/2024\/03\/remote-control-center-02-atlantis-logytel-300x280.png\" alt=\"Centro de Control Remoto 01 ATLANTIS LOGYTEL\" width=\"393\" height=\"367\" srcset=\"https:\/\/logytel.es\/wp-content\/uploads\/2024\/03\/remote-control-center-02-atlantis-logytel-300x280.png 300w, https:\/\/logytel.es\/wp-content\/uploads\/2024\/03\/remote-control-center-02-atlantis-logytel.png 457w\" sizes=\"auto, (max-width: 393px) 100vw, 393px\" \/><\/p>\n<p style=\"text-align: center;\"><strong>Telemando de Energ\u00eda de Zaragoza<\/strong>. Puesto Central: <strong>El Portillo<\/strong><\/p>\n<p><img loading=\"lazy\" decoding=\"async\" class=\"aligncenter wp-image-530\" title=\"Telemando de Energ\u00eda de Oviedo\" src=\"https:\/\/logytel.es\/wp-content\/uploads\/2024\/03\/remote-control-center-atlantis-logytel-300x280.png\" alt=\"Telemando de Energ\u00eda de Oviedo\" width=\"389\" height=\"363\" srcset=\"https:\/\/logytel.es\/wp-content\/uploads\/2024\/03\/remote-control-center-atlantis-logytel-300x280.png 300w, https:\/\/logytel.es\/wp-content\/uploads\/2024\/03\/remote-control-center-atlantis-logytel.png 457w\" sizes=\"auto, (max-width: 389px) 100vw, 389px\" \/><\/p>\n<p style=\"text-align: center;\"><strong>Telemando de Energ\u00eda de Oviedo<\/strong>. Puesto Central: <strong>Oviedo<\/strong><\/p>\n<h3>ESQUEMA EL\u00c9CTRICO<\/h3>\n<p>Aplicaci\u00f3n que permite la visualizaci\u00f3n de la l\u00ednea completa en pantallas de gran formato.<\/p>\n<ul>\n<li>Visualizaci\u00f3n de estados de los seccionadores.<\/li>\n<li>Visualizaci\u00f3n de estados de v\u00edas.<\/li>\n<li>Visualizaci\u00f3n de topol\u00f3gico con informaci\u00f3n de estado de las remotas.<\/li>\n<li>Acceso por Zoom continuo a detalles.<\/li>\n<\/ul>\n<p><img loading=\"lazy\" decoding=\"async\" class=\"aligncenter wp-image-531\" title=\"TOPOGR\u00c1FICO\" src=\"https:\/\/logytel.es\/wp-content\/uploads\/2024\/03\/topology-atlantis-logytel-300x82.png\" alt=\"TOPOGR\u00c1FICO\" width=\"1064\" height=\"291\" srcset=\"https:\/\/logytel.es\/wp-content\/uploads\/2024\/03\/topology-atlantis-logytel-300x82.png 300w, https:\/\/logytel.es\/wp-content\/uploads\/2024\/03\/topology-atlantis-logytel.png 454w\" sizes=\"auto, (max-width: 1064px) 100vw, 1064px\" \/><\/p>\n<p style=\"text-align: center;\"><strong>TOPOGR\u00c1FICO<\/strong><\/p>\n<\/section>\n<\/div>\n","protected":false},"excerpt":{"rendered":"<p>DESCRIPCI\u00d3N El Sistema Atlantis de Logytel es una plataforma SCADA vers\u00e1til, utilizada como Puesto Central de Telemando de Energ\u00eda que<\/p>\n","protected":false},"author":1,"featured_media":0,"parent":0,"menu_order":0,"comment_status":"closed","ping_status":"closed","template":"","meta":{"colormag_page_container_layout":"default_layout","colormag_page_sidebar_layout":"default_layout","footnotes":""},"class_list":["post-82","page","type-page","status-publish","hentry"],"_links":{"self":[{"href":"https:\/\/logytel.es\/index.php\/wp-json\/wp\/v2\/pages\/82","targetHints":{"allow":["GET"]}}],"collection":[{"href":"https:\/\/logytel.es\/index.php\/wp-json\/wp\/v2\/pages"}],"about":[{"href":"https:\/\/logytel.es\/index.php\/wp-json\/wp\/v2\/types\/page"}],"author":[{"embeddable":true,"href":"https:\/\/logytel.es\/index.php\/wp-json\/wp\/v2\/users\/1"}],"replies":[{"embeddable":true,"href":"https:\/\/logytel.es\/index.php\/wp-json\/wp\/v2\/comments?post=82"}],"version-history":[{"count":11,"href":"https:\/\/logytel.es\/index.php\/wp-json\/wp\/v2\/pages\/82\/revisions"}],"predecessor-version":[{"id":1235,"href":"https:\/\/logytel.es\/index.php\/wp-json\/wp\/v2\/pages\/82\/revisions\/1235"}],"wp:attachment":[{"href":"https:\/\/logytel.es\/index.php\/wp-json\/wp\/v2\/media?parent=82"}],"curies":[{"name":"wp","href":"https:\/\/api.w.org\/{rel}","templated":true}]}}