{"id":83,"date":"2024-03-07T10:25:51","date_gmt":"2024-03-07T09:25:51","guid":{"rendered":"http:\/\/localhost\/?page_id=83"},"modified":"2025-04-23T10:03:22","modified_gmt":"2025-04-23T08:03:22","slug":"seccionador-de-puesta-a-tierra-spt","status":"publish","type":"page","link":"https:\/\/logytel.es\/index.php\/seccionador-de-puesta-a-tierra-spt\/","title":{"rendered":"Seccionador de puesta a tierra (SPT)"},"content":{"rendered":"<div id=\"primary\" class=\"content-area\">\n<p><strong>DESCRIPCI\u00d3N DEL SECCIONADOR DE PUESTA A TIERRA DE CATENARIA<\/strong><\/p>\n<div id=\"post-2694\" class=\"post-2694 page type-page status-publish hentry\">\n<div class=\"entry-content\" style=\"text-align: center;\">\n<section class=\"log_product_content\">\n<p style=\"text-align: left;\">A menudo, se presentan situaciones en la infraestructura ferroviaria, que requieren una r\u00e1pida intervenci\u00f3n de los servicios de emergencia. En muchos de los casos, se hace necesario el corte de tensi\u00f3n y puesta a tierra del cable de contacto, para que puedan realizar la intervenci\u00f3n en las condiciones m\u00e1s seguras posibles.<\/p>\n<p style=\"text-align: left;\">En la actualidad, la forma de proceder, ante la petici\u00f3n de corte de tensi\u00f3n en una situaci\u00f3n de emergencia consiste en solicitar el mismo al Telemando de energ\u00eda y esperar a la brigada de mantenimiento (equipo de l\u00ednea electrificada) para el posicionamiento de las p\u00e9rtigas que<br \/>\naseguren la puesta a tierra del tramo en cuesti\u00f3n.<\/p>\n<p style=\"text-align: left;\">En muchas emergencias, principalmente en las que hay vidas humanas en juego, donde el tiempo de respuesta e intervenci\u00f3n es el factor m\u00e1s determinante, se hace inviable la espera de la brigada, y la ayuda externa interviene a\u00fan con el riesgo existente de electrocuci\u00f3n.<\/p>\n<p style=\"text-align: left;\">Uno de los puntos en que m\u00e1s importancia adquieren los tiempos de intervenci\u00f3n, debido a las caracter\u00edsticas especiales de la infraestructura, son los t\u00faneles ferroviarios. Las consecuencias que puede tener un incendio en los mismos, su r\u00e1pida evoluci\u00f3n y la acumulaci\u00f3n de humo en un espacio confinado, pueda acarrear grandes consecuencias incluidas cuantiosas p\u00e9rdidas humanas.<\/p>\n<p style=\"text-align: left;\">El equipo PTC de LogyTel proporciona la uni\u00f3n del hilo de contacto de catenaria con el carril o la tierra, para una zona de la v\u00eda. Con ello se crea una zona segura de riesgo el\u00e9ctrico para el caso de realizaci\u00f3n de trabajos de mantenimiento o una intervenci\u00f3n por una emergencia.<\/p>\n<p><a href=\"https:\/\/logytel.es\/wp-content\/uploads\/2023\/03\/Sistema-control-Seccionador-Puesta-a-Tierra-de-catenaria-1024x567.jpg\" target=\"_blank\" rel=\"noopener\"><img loading=\"lazy\" decoding=\"async\" class=\"alignnone wp-image-520\" title=\"PTC - Sistema de control de Seccionador de Puesta a Tierra de catenaria\" src=\"https:\/\/logytel.es\/wp-content\/uploads\/2024\/03\/Sistema-control-Seccionador-Puesta-a-Tierra-de-catenaria-1024x567-2-300x166.jpg\" alt=\"PTC - Sistema de control de Seccionador de Puesta a Tierra de catenaria\" width=\"1097\" height=\"607\" srcset=\"https:\/\/logytel.es\/wp-content\/uploads\/2024\/03\/Sistema-control-Seccionador-Puesta-a-Tierra-de-catenaria-1024x567-2-300x166.jpg 300w, https:\/\/logytel.es\/wp-content\/uploads\/2024\/03\/Sistema-control-Seccionador-Puesta-a-Tierra-de-catenaria-1024x567-2-768x425.jpg 768w, https:\/\/logytel.es\/wp-content\/uploads\/2024\/03\/Sistema-control-Seccionador-Puesta-a-Tierra-de-catenaria-1024x567-2.jpg 1024w\" sizes=\"auto, (max-width: 1097px) 100vw, 1097px\" \/><\/a><\/p>\n<p>El control puede ser realizado desde el Telemando de Energ\u00eda o bien desde un Puesto Local de Operaciones.<\/p>\n<h3 style=\"text-align: left;\"><strong>FUNCIONALIDAD<\/strong><\/h3>\n<ul style=\"text-align: left;\">\n<li>Para la puesta a tierra se cerrar\u00e1 el seccionador:\n<ul>\n<li>Posici\u00f3n del seccionador ha de estar asegurada (finales carrera accionamiento + posici\u00f3n detectada por sensor angular) en posici\u00f3n ABIERTO.<\/li>\n<li>Se detecta ausencia de tensi\u00f3n en catenaria.<\/li>\n<li>STR_C y SA_420 sin aver\u00edas.<\/li>\n<li>Puerta armario accionamiento cerrada.<\/li>\n<\/ul>\n<\/li>\n<li>Para quitar la puesta a tierra se abrir\u00e1 el seccionador.<\/li>\n<\/ul>\n<h3 style=\"text-align: left;\"><strong>CARACTER\u00cdSTICAS<\/strong><\/h3>\n<ul style=\"text-align: left;\">\n<li>Medida de tensi\u00f3n en catenaria (STR_C).<\/li>\n<li>Aseguramiento de la posici\u00f3n real del seccionador mediante sensor de \u00e1ngulo (SA_420).<\/li>\n<li>Control de seccionador a trav\u00e9s de cuadro de control distribuido (en ASC6_SPT).<\/li>\n<li>Supervisi\u00f3n de uni\u00f3n seccionador-carril.<\/li>\n<li>Detecci\u00f3n de aver\u00edas que impidan la puesta a tierra con seguridad:\n<ul>\n<li>Rotura uni\u00f3n seccionador-carril.<\/li>\n<li>Aver\u00eda SA_420.<\/li>\n<li>Aver\u00eda STR_C.<\/li>\n<\/ul>\n<\/li>\n<li>En caso de detecci\u00f3n de alguna aver\u00eda, no se permite la puesta a tierra.<\/li>\n<li>Tensi\u00f3n de alimentaci\u00f3n:\n<ul>\n<li style=\"list-style-type: none;\">\n<ul>\n<li style=\"list-style-type: none;\">\n<ul>\n<li>90 Vac m\u00ednima.<\/li>\n<li>110 Vac (nominal).<\/li>\n<li>260 Vac m\u00e1xima.<\/li>\n<\/ul>\n<\/li>\n<\/ul>\n<\/li>\n<\/ul>\n<\/li>\n<li>Rango de temperatura de funcionamiento: -20 \u00baC a 70 \u00baC (clase T1\/T2 T1 UNE-EN 50125-3:2004).<\/li>\n<li>Humedad relativa: 0 a 95%HR (clase T1 UNE-EN 50125-3:2004).<\/li>\n<li>Altitud: hasta 2000m.<\/li>\n<li>Grado protecci\u00f3n IP 55.<\/li>\n<\/ul>\n<h3 style=\"text-align: left;\"><strong>NORMATIVA<\/strong><\/h3>\n<ul style=\"text-align: left;\">\n<li>UNE-EN 60529:2018<\/li>\n<li>UNE-EN 50121-4:2017<\/li>\n<li>UNE-EN 61000-6-4\/A1<\/li>\n<li>UNE-EN 50124-1<\/li>\n<li>UNE-EN 50125-3:2004 CORR 2010<\/li>\n<li>UNE-EN 50581:2012<\/li>\n<\/ul>\n<h3 style=\"text-align: left;\"><strong>CARACTER\u00cdSTICAS MEC\u00c1NICAS<br \/>\n<\/strong><\/h3>\n<p><strong>Seccionador de puesta a tierra (SPT1)<\/strong><\/p>\n<p><img loading=\"lazy\" decoding=\"async\" class=\"alignnone wp-image-1237 \" title=\"Seccionador de puesta a tierra (SPT1)\" src=\"https:\/\/logytel.es\/wp-content\/uploads\/2024\/03\/Seccionador-de-puesta-a-tierra-SPT1_1-768x548-1.jpg\" alt=\"Seccionador de puesta a tierra (SPT1)\" width=\"653\" height=\"466\" srcset=\"https:\/\/logytel.es\/wp-content\/uploads\/2024\/03\/Seccionador-de-puesta-a-tierra-SPT1_1-768x548-1.jpg 768w, https:\/\/logytel.es\/wp-content\/uploads\/2024\/03\/Seccionador-de-puesta-a-tierra-SPT1_1-768x548-1-300x214.jpg 300w\" sizes=\"auto, (max-width: 653px) 100vw, 653px\" \/><\/p>\n<p><img loading=\"lazy\" decoding=\"async\" class=\"alignnone wp-image-1238 size-full\" title=\"Seccionador de puesta a tierra (SPT1)\" src=\"https:\/\/logytel.es\/wp-content\/uploads\/2024\/03\/Seccionador-de-puesta-a-tierra-SPT1_2-768x561-1.jpg\" alt=\"Seccionador de puesta a tierra (SPT1)\" width=\"768\" height=\"561\" srcset=\"https:\/\/logytel.es\/wp-content\/uploads\/2024\/03\/Seccionador-de-puesta-a-tierra-SPT1_2-768x561-1.jpg 768w, https:\/\/logytel.es\/wp-content\/uploads\/2024\/03\/Seccionador-de-puesta-a-tierra-SPT1_2-768x561-1-300x219.jpg 300w\" sizes=\"auto, (max-width: 768px) 100vw, 768px\" \/><\/p>\n<\/section>\n<\/div>\n<\/div>\n<\/div>\n<p><img loading=\"lazy\" decoding=\"async\" class=\"aligncenter wp-image-1239 size-full\" title=\"Seccionador de puesta a tierra (SPT1)\" src=\"https:\/\/logytel.es\/wp-content\/uploads\/2024\/03\/Seccionador-de-puesta-a-tierra-SPT1_3-1.jpg\" alt=\"Seccionador de puesta a tierra (SPT1)\" width=\"652\" height=\"639\" srcset=\"https:\/\/logytel.es\/wp-content\/uploads\/2024\/03\/Seccionador-de-puesta-a-tierra-SPT1_3-1.jpg 652w, https:\/\/logytel.es\/wp-content\/uploads\/2024\/03\/Seccionador-de-puesta-a-tierra-SPT1_3-1-300x294.jpg 300w\" sizes=\"auto, (max-width: 652px) 100vw, 652px\" \/><\/p>\n<div id=\"primary\" class=\"content-area\">\n<div id=\"post-2694\" class=\"post-2694 page type-page status-publish hentry\">\n<div class=\"entry-content\" style=\"text-align: center;\">\n<p style=\"text-align: center;\"><strong>Armario control seccionador (ASC6_SPT)<\/strong><\/p>\n<p><img loading=\"lazy\" decoding=\"async\" class=\"alignnone wp-image-1240 size-full\" title=\"Armario control seccionador (ASC6_SPT)\" src=\"https:\/\/logytel.es\/wp-content\/uploads\/2024\/03\/Armario-control-seccionador-ASC6_SPT-768x679-1.jpg\" alt=\"Armario control seccionador (ASC6_SPT)\" width=\"768\" height=\"679\" srcset=\"https:\/\/logytel.es\/wp-content\/uploads\/2024\/03\/Armario-control-seccionador-ASC6_SPT-768x679-1.jpg 768w, https:\/\/logytel.es\/wp-content\/uploads\/2024\/03\/Armario-control-seccionador-ASC6_SPT-768x679-1-300x265.jpg 300w\" sizes=\"auto, (max-width: 768px) 100vw, 768px\" \/><\/p>\n<section class=\"log_product_content\">\n<h2><strong style=\"font-size: 16px;\">Medidor de tensi\u00f3n (STR_C)<\/strong><\/h2>\n<\/section>\n<p><img loading=\"lazy\" decoding=\"async\" class=\"alignnone wp-image-1241 size-full\" title=\"Medidor de tensi\u00f3n (STR_C)\" src=\"https:\/\/logytel.es\/wp-content\/uploads\/2024\/03\/Medidor-de-tension-STR_C-768x556-1.jpg\" alt=\"Medidor de tensi\u00f3n (STR_C)\" width=\"768\" height=\"556\" srcset=\"https:\/\/logytel.es\/wp-content\/uploads\/2024\/03\/Medidor-de-tension-STR_C-768x556-1.jpg 768w, https:\/\/logytel.es\/wp-content\/uploads\/2024\/03\/Medidor-de-tension-STR_C-768x556-1-300x217.jpg 300w\" sizes=\"auto, (max-width: 768px) 100vw, 768px\" \/><\/p>\n<section class=\"log_product_content\"><strong>Caja de aislamiento para interconexiones (SPT_CAI)<\/strong><\/section>\n<section><img loading=\"lazy\" decoding=\"async\" class=\"alignnone wp-image-1242 size-full\" title=\"Caja de aislamiento para interconexiones (SPT_CAI)\" src=\"https:\/\/logytel.es\/wp-content\/uploads\/2024\/03\/Caja-de-aislamiento-interconexiones-SPT_CAI-768x452-1.jpg\" alt=\"Caja de aislamiento para interconexiones (SPT_CAI)\" width=\"768\" height=\"452\" srcset=\"https:\/\/logytel.es\/wp-content\/uploads\/2024\/03\/Caja-de-aislamiento-interconexiones-SPT_CAI-768x452-1.jpg 768w, https:\/\/logytel.es\/wp-content\/uploads\/2024\/03\/Caja-de-aislamiento-interconexiones-SPT_CAI-768x452-1-300x177.jpg 300w\" sizes=\"auto, (max-width: 768px) 100vw, 768px\" \/>\u00a0<\/section>\n<section class=\"log_product_content\"><\/section>\n<\/div>\n<\/div>\n<\/div>\n","protected":false},"excerpt":{"rendered":"<p>DESCRIPCI\u00d3N DEL SECCIONADOR DE PUESTA A TIERRA DE CATENARIA A menudo, se presentan situaciones en la infraestructura ferroviaria, que requieren<\/p>\n","protected":false},"author":1,"featured_media":0,"parent":0,"menu_order":0,"comment_status":"closed","ping_status":"closed","template":"","meta":{"colormag_page_container_layout":"default_layout","colormag_page_sidebar_layout":"default_layout","footnotes":""},"class_list":["post-83","page","type-page","status-publish","hentry"],"_links":{"self":[{"href":"https:\/\/logytel.es\/index.php\/wp-json\/wp\/v2\/pages\/83","targetHints":{"allow":["GET"]}}],"collection":[{"href":"https:\/\/logytel.es\/index.php\/wp-json\/wp\/v2\/pages"}],"about":[{"href":"https:\/\/logytel.es\/index.php\/wp-json\/wp\/v2\/types\/page"}],"author":[{"embeddable":true,"href":"https:\/\/logytel.es\/index.php\/wp-json\/wp\/v2\/users\/1"}],"replies":[{"embeddable":true,"href":"https:\/\/logytel.es\/index.php\/wp-json\/wp\/v2\/comments?post=83"}],"version-history":[{"count":15,"href":"https:\/\/logytel.es\/index.php\/wp-json\/wp\/v2\/pages\/83\/revisions"}],"predecessor-version":[{"id":2123,"href":"https:\/\/logytel.es\/index.php\/wp-json\/wp\/v2\/pages\/83\/revisions\/2123"}],"wp:attachment":[{"href":"https:\/\/logytel.es\/index.php\/wp-json\/wp\/v2\/media?parent=83"}],"curies":[{"name":"wp","href":"https:\/\/api.w.org\/{rel}","templated":true}]}}