{"id":84,"date":"2024-03-07T10:25:51","date_gmt":"2024-03-07T09:25:51","guid":{"rendered":"http:\/\/localhost\/?page_id=84"},"modified":"2024-03-26T12:21:09","modified_gmt":"2024-03-26T11:21:09","slug":"centro-id","status":"publish","type":"page","link":"https:\/\/logytel.es\/index.php\/centro-id\/","title":{"rendered":"Centro I+D"},"content":{"rendered":"<div class=\"entry-content\">\n<h3>Proyecto \u201cCentro de I+D LogyTel\u201d<\/h3>\n<p>Importancia de la cofinanciaci\u00f3n con fondos europeos en la realizaci\u00f3n de proyectos.<\/p>\n<p>LogyTel, Log\u00edstica y Telecomunicaci\u00f3n, S.L. viene construyendo, desde el a\u00f1o 2007, un centro de referencia en Espa\u00f1a para la investigaci\u00f3n, el desarrollo y la innovaci\u00f3n, denominado \u201cCentro de I+D LogyTel\u201d.<\/p>\n<p>El Centro tendr\u00e1 como objetivo el desarrollo de tecnolog\u00edas y productos relacionados con la electr\u00f3nica, la inform\u00e1tica, las comunicaciones y sistemas de control, con aplicaci\u00f3n en el sector ferroviario, tanto para l\u00edneas de la alta velocidad como de media y baja densidad de tr\u00e1fico.<\/p>\n<p>El Centro se construye en el Parque Cient\u00edfico Tecnol\u00f3gico de la Universidad de Alcal\u00e1 de Henares (Madrid), en un enclave estrat\u00e9gico, y ha sido cofinanciado con fondos europeos.<\/p>\n<p>El proyecto, de duraci\u00f3n plurianual, tiene un presupuesto de 4.647.570 \u20ac euros, y ha recibido financiaci\u00f3n del Ministerio de Ciencia e Innovaci\u00f3n y de la Uni\u00f3n Europea (Fondos FEDER). En concreto se han otorgado las siguientes ayudas, bajo la forma de pr\u00e9stamos:<\/p>\n<ul>\n<li>Con cargo al Plan Nacional de I+D 2004-2007, Expediente PCT-370400-2007-3: 689.903,20 \u20ac en el a\u00f1o 2007 y 1.298.249,60 \u20ac a\u00f1o 2008.<\/li>\n<li>Con cargo al Plan Nacional de I+D 2008-2011, Expediente PCT-460000-2009-10: 421.824,57 \u20ac en el a\u00f1o 2009 y 863.880,70 \u20ac en el a\u00f1o 2010.<\/li>\n<\/ul>\n<p><img loading=\"lazy\" decoding=\"async\" class=\"aligncenter wp-image-1211 size-full\" title=\"Ministerio de Ciencia e Inovaci\u00f3n\" src=\"https:\/\/logytel.es\/wp-content\/uploads\/2024\/03\/logomci-logytel-300x70-1.gif\" alt=\"Ministerio de Ciencia e Inovaci\u00f3n\" width=\"300\" height=\"70\" \/><\/p>\n<p style=\"text-align: center;\">Ministerio de Ciencia e Inovaci\u00f3n<\/p>\n<p>Las cantidades anteriores, recibidas, totalizan una cifra de 3.273.858,07 euros y supone una financiaci\u00f3n que representa un porcentaje del 70,44% del presupuesto. Tama\u00f1o porcentaje ha sido clave, y debe por tanto resaltarse, no pudi\u00e9ndose dudar a cerca de la importancia que ha tenido la cofinanciaci\u00f3n con fondos europeos en el desarrollo del proyecto, pues sin ella el acceso a la financiaci\u00f3n, a trav\u00e9s de entidades financieras, hubiera sido muy costoso a la vez de minorar la capacidad de asunci\u00f3n de riesgo de LogyTel.<\/p>\n<p>Los fondos europeos destinados a la construcci\u00f3n de infraestructuras cient\u00edfico-tecnol\u00f3gicas se configuran por tanto como un elemento b\u00e1sico, integrador, de uni\u00f3n, que pretenden acrecentar el conocimiento y el desarrollo de las empresas haci\u00e9ndolas m\u00e1s competitivas, acceder a amplios mercados permitiendo el mantenimiento y creaci\u00f3n de puestos trabajo y en definitiva la supervivencia de la empresa. Se busca por tanto el progreso y la armonizaci\u00f3n de los diferentes pueblos de Europa a trav\u00e9s de la innovaci\u00f3n, creando o fomentando las estructuras adecuadas. Para LogyTel la integraci\u00f3n europea es una llave de progreso, necesaria, que da estabilidad y abre mercados.<\/p>\n<p><img loading=\"lazy\" decoding=\"async\" class=\"aligncenter wp-image-464\" title=\"Fondo Europeo\" src=\"https:\/\/logytel.es\/wp-content\/uploads\/2024\/03\/union-europea-logytel.gif\" alt=\"Fondo Europeo\" width=\"281\" height=\"294\" \/><\/p>\n<p style=\"text-align: center;\">Fondo Europeo<\/p>\n<p>Las consecuencias beneficiosas de la ayuda otorgada por el MICINN dentro del Plan Nacional de I+D+i se podr\u00edan resumir en las siguientes:<\/p>\n<ul>\n<li>Permite la creaci\u00f3n de una infraestructura especifica \u201cLogyTel I+D\u201d, con arquitectura bioclim\u00e1tica, que permita disponer a LogyTel de un Centro de I+D \u201cad hoc\u201d y dar respuesta a las necesidades de crecimiento futuras.<\/li>\n<\/ul>\n<ul>\n<li>Permite aprovechar el valor que representa la existencia del Parque Cient\u00edfico y Tecnol\u00f3gico de la Universidad de Alcal\u00e1 y el tener \u201ca pie de centro\u201d una Escuela Polit\u00e9cnica Superior de Ingenieros y un Departamento de Electr\u00f3nica, entre otros, que son fuente de recursos humanos (Profesorado, doctorados, etc.) y fuente de otros recursos tecnol\u00f3gicos: laboratorios, centros de ensayos, instrumentos y herramientas especiales, etc.<\/li>\n<\/ul>\n<ul>\n<li>Permite contribuir a la consecuci\u00f3n del fin principal de la empresa, que es, en todo caso, la propia supervivencia de la empresa, generando valor humano, valor econ\u00f3mico, valor industrial, a trav\u00e9s del conocimiento.<\/li>\n<\/ul>\n<p>Es por tanto el proyecto que estamos ejecutando un proyecto de car\u00e1cter estrat\u00e9gico para LogyTel, que tendr\u00e1 impacto en la mejora de las infraestructuras de desarrollo colectivo, un impacto local por la generaci\u00f3n del empleo cualificado que se derive, e impactos regionales y nacionales dada la aplicaci\u00f3n del conocimiento en el Sistema de Transporte Ferroviario Espa\u00f1ol en d\u00f3nde LogyTel, como tecn\u00f3logo, est\u00e1 presente.<\/p>\n<p>Alcal\u00e1 de Henares, 27 de julio de 2011<\/p>\n<\/div>\n","protected":false},"excerpt":{"rendered":"<p>Proyecto \u201cCentro de I+D LogyTel\u201d Importancia de la cofinanciaci\u00f3n con fondos europeos en la realizaci\u00f3n de proyectos. LogyTel, Log\u00edstica y<\/p>\n","protected":false},"author":1,"featured_media":0,"parent":0,"menu_order":0,"comment_status":"closed","ping_status":"closed","template":"","meta":{"colormag_page_container_layout":"default_layout","colormag_page_sidebar_layout":"default_layout","footnotes":""},"class_list":["post-84","page","type-page","status-publish","hentry"],"_links":{"self":[{"href":"https:\/\/logytel.es\/index.php\/wp-json\/wp\/v2\/pages\/84","targetHints":{"allow":["GET"]}}],"collection":[{"href":"https:\/\/logytel.es\/index.php\/wp-json\/wp\/v2\/pages"}],"about":[{"href":"https:\/\/logytel.es\/index.php\/wp-json\/wp\/v2\/types\/page"}],"author":[{"embeddable":true,"href":"https:\/\/logytel.es\/index.php\/wp-json\/wp\/v2\/users\/1"}],"replies":[{"embeddable":true,"href":"https:\/\/logytel.es\/index.php\/wp-json\/wp\/v2\/comments?post=84"}],"version-history":[{"count":6,"href":"https:\/\/logytel.es\/index.php\/wp-json\/wp\/v2\/pages\/84\/revisions"}],"predecessor-version":[{"id":1245,"href":"https:\/\/logytel.es\/index.php\/wp-json\/wp\/v2\/pages\/84\/revisions\/1245"}],"wp:attachment":[{"href":"https:\/\/logytel.es\/index.php\/wp-json\/wp\/v2\/media?parent=84"}],"curies":[{"name":"wp","href":"https:\/\/api.w.org\/{rel}","templated":true}]}}