{"id":85,"date":"2024-03-07T10:25:51","date_gmt":"2024-03-07T09:25:51","guid":{"rendered":"http:\/\/localhost\/?page_id=85"},"modified":"2025-04-23T10:40:49","modified_gmt":"2025-04-23T08:40:49","slug":"ayudas-de-id","status":"publish","type":"page","link":"https:\/\/logytel.es\/index.php\/ayudas-de-id\/","title":{"rendered":"Ayudas de I+D"},"content":{"rendered":"<div class=\"entry-content\">\n<section class=\"log_product_content\">\n<h3>Proyecto MANTIS<\/h3>\n<p>El Ministerio de Ciencia e Innovaci\u00f3n, dentro del Plan Nacional de Investigaci\u00f3n Cient\u00edfica, Desarrollo e Innovaci\u00f3n Tecnol\u00f3gica 2008-2011, ha otorgado una ayuda de 435.360 euros a LogyTel para la realizaci\u00f3n del proyecto \u201cMejora del sistema ASFA digital incorporando nuevas tecnolog\u00edas. Proyecto MANTIS\u201d. El proyecto de duraci\u00f3n plurianual, 2009-2011 (Expediente PPT \u2013460000-2009-1) se realiza en colaboraci\u00f3n con la Universidad de Alcal\u00e1 dentro del Programa de Investigaci\u00f3n Aplicada Colaborativa, actuando como entidad Promotora el Parque Cient\u00edfico Tecnol\u00f3gico Universidad de Alcal\u00e1. El proyecto est\u00e1 cofinanciado por el <a href=\"https:\/\/www.europarl.europa.eu\/factsheets\/es\/sheet\/95\/el-fondo-europeo-de-desarrollo-regional-feder-\" target=\"_blank\" rel=\"noopener\">Fondo Europeo de Desarrollo Regional<\/a> (FEDER).<\/p>\n<p>LogyTel est\u00e1 construyendo en el Parque Cient\u00edfico Tecnol\u00f3gico de la Universidad de Alcal\u00e1 su centro de investigaci\u00f3n y desarrollo del futuro. El proyecto que tiene por t\u00edtulo \u201cCentro de I+D LogyTel \u201d ha recibido financiaci\u00f3n del Ministerio de Ciencia e Innovaci\u00f3n y de la Uni\u00f3n Europea (Fondos FEDER), habi\u00e9ndose otorgado ayudas, bajo la forma de pr\u00e9stamos reembolsables, por un importe de 1.285.705,27 euros con cargo al Plan Nacional de I+D 2008-2011, Expediente PCT-460000-2009-10, y de 1.988.152,80 euros con cargo al Plan Nacional de I+D 2004-2007, Expediente PCT-370400-2007-3. Ambas cantidades totalizan una cifra de 3.273.858,07 euros.<\/p>\n<p><img loading=\"lazy\" decoding=\"async\" class=\"size-medium wp-image-892 aligncenter\" src=\"https:\/\/web.archive.org\/web\/20230610032800im_\/https:\/\/logytel.es\/wp-content\/uploads\/2012\/06\/logomci-logytel-300x70.gif\" alt=\"\" width=\"300\" height=\"70\" \/><\/p>\n<p style=\"text-align: center;\">Ministerio de Ciencia e Inovaci\u00f3n<\/p>\n<p><img loading=\"lazy\" decoding=\"async\" class=\"size-medium wp-image-464 aligncenter\" src=\"https:\/\/logytel.es\/wp-content\/uploads\/2024\/03\/union-europea-logytel-286x300.gif\" alt=\"\" width=\"286\" height=\"300\" srcset=\"https:\/\/logytel.es\/wp-content\/uploads\/2024\/03\/union-europea-logytel-286x300.gif 286w, https:\/\/logytel.es\/wp-content\/uploads\/2024\/03\/union-europea-logytel-978x1024.gif 978w, https:\/\/logytel.es\/wp-content\/uploads\/2024\/03\/union-europea-logytel-768x804.gif 768w, https:\/\/logytel.es\/wp-content\/uploads\/2024\/03\/union-europea-logytel-1466x1536.gif 1466w\" sizes=\"auto, (max-width: 286px) 100vw, 286px\" \/><\/p>\n<p style=\"text-align: center;\">Fondo Europeo<\/p>\n<h3>Proyecto eBR<\/h3>\n<p><a href=\"https:\/\/www.aei.gob.es\/plan-nacional-idi-2008-2011\" target=\"_blank\" rel=\"noopener\">El Ministerio de Ciencia e Innovaci\u00f3n<\/a>, dentro del Plan Nacional de Investigaci\u00f3n Cient\u00edfica, desarrollo e Innovaci\u00f3n Tecnol\u00f3gica 2008-2011, ha otorgado una ayuda a Log\u00edstica y Telecomunicaci\u00f3n, SL (LogyTel) para la realizaci\u00f3n del proyecto \u201cDesarrollo de la tecnolog\u00eda de telefonema digital para los procesos de seguridad en la circulaci\u00f3n ferroviaria. Proyecto EBR. Expediente IPT-2011-1059-370000.<\/p>\n<p>El proyecto de duraci\u00f3n plurianual, 2011-2013, se realiza en colaboraci\u00f3n con el <a href=\"http:\/\/geintra-uah.org\/projects\/desarrollo-tecnologia-telefonema-digital-procesos-seguridad-circulacion-ferroviaria\" target=\"_blank\" rel=\"noopener\">Departamento de Electr\u00f3nica de la Universidad de Alcal\u00e1<\/a> y con El <a href=\"https:\/\/www.adif.es\/inicio\" target=\"_blank\" rel=\"noopener\">Administrador de Infraestructuras Ferroviarias<\/a> (ADIF), actuando como entidad coordinadora LogyTel. El proyecto est\u00e1 cofinanciado por el <a href=\"https:\/\/www.europarl.europa.eu\/factsheets\/es\/sheet\/95\/el-fondo-europeo-de-desarrollo-regional-feder-\" target=\"_blank\" rel=\"noopener\">Fondo Europeo de Desarrollo Regional<\/a> (FEDER) y se est\u00e1 desarrollando en las Comunidades Aut\u00f3nomas de Madrid y Andaluc\u00eda (Parque Tecnol\u00f3gico de M\u00e1laga). El presupuesto total financiable asciende a la cifra de 798.076 euros y la ayuda total concedida a las tres entidades ha sido de 515.947,85 euros, modalidad pr\u00e9stamo, y de 205.346,4 euros en modalidad subvenci\u00f3n a fondo perdido, correspondiendo a LogyTel la cifra del pr\u00e9stamo en su totalidad.<\/p>\n<p><img loading=\"lazy\" decoding=\"async\" class=\"alignnone size-medium wp-image-892 aligncenter\" src=\"https:\/\/web.archive.org\/web\/20230610032800im_\/https:\/\/logytel.es\/wp-content\/uploads\/2012\/06\/logomci-logytel-300x70.gif\" alt=\"\" width=\"300\" height=\"70\" \/><\/p>\n<p style=\"text-align: center;\">Ministerio de Ciencia e Innovaci\u00f3n<\/p>\n<p><img loading=\"lazy\" decoding=\"async\" class=\"size-medium wp-image-464 aligncenter\" src=\"https:\/\/logytel.es\/wp-content\/uploads\/2024\/03\/union-europea-logytel-286x300.gif\" alt=\"\" width=\"286\" height=\"300\" srcset=\"https:\/\/logytel.es\/wp-content\/uploads\/2024\/03\/union-europea-logytel-286x300.gif 286w, https:\/\/logytel.es\/wp-content\/uploads\/2024\/03\/union-europea-logytel-978x1024.gif 978w, https:\/\/logytel.es\/wp-content\/uploads\/2024\/03\/union-europea-logytel-768x804.gif 768w, https:\/\/logytel.es\/wp-content\/uploads\/2024\/03\/union-europea-logytel-1466x1536.gif 1466w\" sizes=\"auto, (max-width: 286px) 100vw, 286px\" \/><\/p>\n<p style=\"text-align: center;\">Fondo Europeo<\/p>\n<\/section>\n<\/div>\n","protected":false},"excerpt":{"rendered":"<p>Proyecto MANTIS El Ministerio de Ciencia e Innovaci\u00f3n, dentro del Plan Nacional de Investigaci\u00f3n Cient\u00edfica, Desarrollo e Innovaci\u00f3n Tecnol\u00f3gica 2008-2011,<\/p>\n","protected":false},"author":1,"featured_media":0,"parent":0,"menu_order":0,"comment_status":"closed","ping_status":"closed","template":"","meta":{"colormag_page_container_layout":"default_layout","colormag_page_sidebar_layout":"default_layout","footnotes":""},"class_list":["post-85","page","type-page","status-publish","hentry"],"_links":{"self":[{"href":"https:\/\/logytel.es\/index.php\/wp-json\/wp\/v2\/pages\/85","targetHints":{"allow":["GET"]}}],"collection":[{"href":"https:\/\/logytel.es\/index.php\/wp-json\/wp\/v2\/pages"}],"about":[{"href":"https:\/\/logytel.es\/index.php\/wp-json\/wp\/v2\/types\/page"}],"author":[{"embeddable":true,"href":"https:\/\/logytel.es\/index.php\/wp-json\/wp\/v2\/users\/1"}],"replies":[{"embeddable":true,"href":"https:\/\/logytel.es\/index.php\/wp-json\/wp\/v2\/comments?post=85"}],"version-history":[{"count":7,"href":"https:\/\/logytel.es\/index.php\/wp-json\/wp\/v2\/pages\/85\/revisions"}],"predecessor-version":[{"id":2145,"href":"https:\/\/logytel.es\/index.php\/wp-json\/wp\/v2\/pages\/85\/revisions\/2145"}],"wp:attachment":[{"href":"https:\/\/logytel.es\/index.php\/wp-json\/wp\/v2\/media?parent=85"}],"curies":[{"name":"wp","href":"https:\/\/api.w.org\/{rel}","templated":true}]}}